{"id":1156,"date":"2020-05-01T08:03:32","date_gmt":"2020-05-01T08:03:32","guid":{"rendered":"https:\/\/www.guacamole.media\/serveis-audiovisuals\/"},"modified":"2024-10-09T16:52:08","modified_gmt":"2024-10-09T16:52:08","slug":"servicios-audiovisuales","status":"publish","type":"page","link":"https:\/\/www.guacamole.media\/es\/servicios-audiovisuales\/","title":{"rendered":"Servicios audiovisuales"},"content":{"rendered":"<p>no-repeat;left top;;<br \/>\nauto<\/p>\n<h1>Servicios audiovisuales<\/h1>\n<p>Ofrecemos servicios audiovisuales para la producci\u00f3n y realizaci\u00f3n de todo tipo de contenidos.<\/p>\n<p>center<br \/>\ncenter<br \/>\nno-repeat;left top;;<br \/>\nauto<br \/>\n0% 7% 0% 7%<\/p>\n<h1>Servicios audiovisuales<\/h1>\n<p>Ofrecemos servicios audiovisuales para la producci\u00f3n y realizaci\u00f3n de todo tipo de contenidos.<br \/>\ncenter<br \/>\nleft<br \/>\nno-repeat;left top;;<br \/>\nauto<\/p>\n<p><img decoding=\"async\" src=\"https:\/\/www.guacamole.media\/wp-content\/uploads\/2020\/07\/serveis-produccio-continguts-audiovisuals.jpg\" alt=\"Serveis de producci\u00f3 audiovisuals\" \/><br \/>\nright<br \/>\nfadeInLeft<\/p>\n<p>Historias e im\u00e1genes para un mundo en movimiento<\/p>\n<h2>Producci\u00f3n, realizaci\u00f3n y servicios audiovisuales integrales.<\/h2>\n<p>Desde nuestra productora te ofrecemos todos los servicios audiovisuales para materializar la realizaci\u00f3n o producci\u00f3n de tus proyectos. En primer lugar, te ayudamos en la investigaci\u00f3n y conceptualizaci\u00f3n. Queremos convertir tu idea en realidad y te asesoraremos en como hacerlo posible. Igualmente, podr\u00e1s contar con nosotros en todas las fases del rodaje y postproducci\u00f3n. Finalmente, y no menos importante, te acompa\u00f1aremos en la fase final del proyecto para planificar conjuntamente la mejor v\u00eda de distribuci\u00f3n. Aunque est\u00e9s buscando un videografo de confianza o una empresa de producci\u00f3n integral, cuenta con nosotros. Nos motivan las ideas modestas y no nos asustan los proyectos ambiciosos.<\/p>\n<p>no-repeat;center top;;<br \/>\nauto<br \/>\nfadeInRight<\/p>\n<p><img decoding=\"async\" src=\"https:\/\/www.guacamole.media\/wp-content\/uploads\/2020\/07\/serveis-produccio-continguts-audiovisuals-mb.jpg\" alt=\"serveis-produccio-continguts-audiovisuals-mb\" \/><br \/>\ncenter<br \/>\nfadeInLeft<\/p>\n<p>Historias e im\u00e1genes para un mundo en movimiento<\/p>\n<h2>Producci\u00f3n, realizaci\u00f3n y servicios audiovisuales integrales.<\/h2>\n<p>Desde nuestra productora te ofrecemos todos los servicios audiovisuales para materializar la realizaci\u00f3n o producci\u00f3n de tus proyectos. En primer lugar, te ayudamos en la investigaci\u00f3n y conceptualizaci\u00f3n. Queremos convertir tu idea en realidad y te asesoraremos en como hacerlo posible. Igualmente, podr\u00e1s contar con nosotros en todas las fases del rodaje y postproducci\u00f3n. Finalmente, y no menos importante, te acompa\u00f1aremos en la fase final del proyecto para planificar conjuntamente la mejor v\u00eda de distribuci\u00f3n. Aunque est\u00e9s buscando un videografo de confianza o una empresa de producci\u00f3n integral, cuenta con nosotros. Nos motivan las ideas modestas y no nos asustan los proyectos ambiciosos.<\/p>\n<p>no-repeat;center top;;<br \/>\nauto<br \/>\nfadeInRight<\/p>\n<p>Luz, acci\u00f3n y una idea en la que cree conjuntamente<\/p>\n<h2>Servicios audiovisuales para todo tipo de proyectos, ideas y locuras.<\/h2>\n<p>Somos eficientes y pr\u00e1cticos, pero nunca recortamos en creatividad ni esfuerzos. Te gestionamos todos los recursos t\u00e9cnicos y humanos necesarios en cada proyecto y, a la vez, te acompa\u00f1amos en todas las etapas de preproducci\u00f3n y distribuci\u00f3n final. Disponemos de un amplio abanico de servicios creativos y t\u00e9cnicos para dar respuesta a las principales necesidades de marcas, departamentos de comunicaci\u00f3n y agencias en el campo audiovisual. Queremos que tu proyecto funcione de verdad y nunca te canses de querer repetir con nosotros.<\/p>\n<p>no-repeat;center top;;<br \/>\nauto<br \/>\nfadeInLeft<br \/>\nseparacio_text<\/p>\n<p><img decoding=\"async\" src=\"https:\/\/www.guacamole.media\/wp-content\/uploads\/2020\/07\/serveis-produccio-continguts-audiovisual.jpg\" alt=\"Producci\u00f3 audiovisual\" \/><br \/>\nfadeInRight<\/p>\n<p><img decoding=\"async\" src=\"https:\/\/www.guacamole.media\/wp-content\/uploads\/2020\/07\/serveis-produccio-continguts-audiovisual-mb.jpg\" alt=\"serveis-produccio-continguts-audiovisual-mb\" \/><br \/>\ncenter<br \/>\nfadeInLeft<\/p>\n<p>Luz, acci\u00f3n y una idea en la que cree conjuntamente<\/p>\n<h2>Servicios audiovisuales para todo tipo de proyectos, ideas y locuras.<\/h2>\n<p>Somos eficientes y pr\u00e1cticos, pero nunca recortamos en creatividad ni esfuerzos. Te gestionamos todos los recursos t\u00e9cnicos y humanos necesarios en cada proyecto y, a la vez, te acompa\u00f1amos en todas las etapas de preproducci\u00f3n y distribuci\u00f3n final. Disponemos de un amplio abanico de servicios creativos y t\u00e9cnicos para dar respuesta a las principales necesidades de marcas, departamentos de comunicaci\u00f3n y agencias en el campo audiovisual. Queremos que tu proyecto funcione de verdad y nunca te canses de querer repetir con nosotros.<\/p>\n<p>no-repeat;center top;;<br \/>\nauto<br \/>\nfadeInRight<\/p>\n<h3><a href=\"\/es\/videos-corporativos\/\"> V\u00eddeos corporativos y comerciales<\/a><\/h3>\n<p>&#8211; Presentaci\u00f3n de producto<\/p>\n<p>&#8211; Institucionales<\/p>\n<p>&#8211; Formaciones<\/p>\n<p>&#8211; Asesoramiento audiovisual<\/p>\n<p>&#8211; Infograf\u00eda<\/p>\n<p>&#8211; Motion Graphics<\/p>\n<p>&#8211; Streaming<\/p>\n<p>&#8211; V\u00eddeo aereo \/ Drone<\/p>\n<p>no-repeat;left top;;<br \/>\nauto<\/p>\n<p>M\u00e1s informaci\u00f3n<br \/>\n<a href=\"\/es\/videos-corporativos\/\">\/es\/videos-corporativos\/<\/a><br \/>\nleft<br \/>\n#0a0a0a<br \/>\n#ffffff<br \/>\n2<\/p>\n<h3><a href=\"https:\/\/www.guacamole.media\/produccio-audiovisual-spots-anuncis-videos-promocionals\/\">Spots, anuncios y v\u00eddeos promocionales<\/a><\/h3>\n<p>&#8211; Promocional<\/p>\n<p>&#8211; Spots y anuncios para TV<\/p>\n<p>&#8211; V\u00eddeo marketing<\/p>\n<p>&#8211; Publireportatge<\/p>\n<p>&#8211; Documental<\/p>\n<p>&#8211; Locuci\u00f3n y dise\u00f1o de sonido<\/p>\n<p>&#8211; Edici\u00f3n y etalonaje<\/p>\n<p>&#8211; Exportaci\u00f3n de formatos per TV, DCP y digital<\/p>\n<p>no-repeat;left top;;<br \/>\nauto<br \/>\nseparacio_text<\/p>\n<p>M\u00e1s informaci\u00f3n<br \/>\n<a href=\"https:\/\/www.guacamole.media\/produccio-audiovisual-spots-anuncis-videos-promocionals\/\">https:\/\/www.guacamole.media\/produccio-audiovisual-spots-anuncis-videos-promocionals\/<\/a><br \/>\nleft<br \/>\n#0a0a0a<br \/>\n#ffffff<br \/>\n2<br \/>\nbutton-flat2<\/p>\n<h3><a href=\"https:\/\/www.guacamole.media\/produccio-audiovisual-gravacio-esdeveniment-espectacles\/\">V\u00eddeos para eventos<\/a><\/h3>\n<p>&#8211; Grabaci\u00f3n de eventos<\/p>\n<p>&#8211; Clips promocionales<\/p>\n<p>&#8211; Aftermovies<\/p>\n<p>&#8211; Reportajes de jornadas y eventos<\/p>\n<p>&#8211; Conferencias en streaming<\/p>\n<p>&#8211; Promoci\u00f3n de espect\u00e1culos<\/p>\n<p>&#8211; Producci\u00f3n en directo<\/p>\n<p>&#8211; Producci\u00f3n y realizaci\u00f3n musical<\/p>\n<p>no-repeat;left top;;<br \/>\nauto<\/p>\n<p>M\u00e1s informaci\u00f3n<br \/>\n<a href=\"https:\/\/www.guacamole.media\/produccio-audiovisual-gravacio-esdeveniment-espectacles\/\">https:\/\/www.guacamole.media\/produccio-audiovisual-gravacio-esdeveniment-espectacles\/<\/a><br \/>\nleft<br \/>\n#0a0a0a<br \/>\n#ffffff<br \/>\n2<\/p>\n<h3><a href=\"\/videos-corporatius\/\">V\u00eddeos corporativos y comerciales<\/a><\/h3>\n<p>&#8211; Presentaci\u00f3n de producto<\/p>\n<p>&#8211; Institucionales<\/p>\n<p>&#8211; Formaciones<\/p>\n<p>&#8211; Asesoramiento audiovisual<\/p>\n<p>&#8211; Infograf\u00eda<\/p>\n<p>&#8211; Motion Graphics<\/p>\n<p>&#8211; Streaming<\/p>\n<p>&#8211; V\u00eddeo aereo \/ Drone<\/p>\n<p>no-repeat;left top;;<br \/>\nauto<\/p>\n<p>M\u00e1s informaci\u00f3n<br \/>\n<a href=\"es\/videos-corporativos\/\">es\/videos-corporativos\/<\/a><br \/>\nleft<br \/>\n#0a0a0a<br \/>\n#ffffff<br \/>\n2<\/p>\n<h3><a href=\"https:\/\/www.guacamole.media\/produccio-audiovisual-spots-anuncis-videos-promocionals\/\">Spots, anuncios y v\u00eddeos promocionales<\/a><\/h3>\n<p>&lt;<\/p>\n<p>&#8211; Promocional<\/p>\n<p>&#8211; Spots y anuncios para TV<\/p>\n<p>&#8211; V\u00eddeo marketing<\/p>\n<p>&#8211; Publireportatge<\/p>\n<p>&#8211; Documental<\/p>\n<p>&#8211; Locuci\u00f3n y dise\u00f1o de sonido<\/p>\n<p>&#8211; Edici\u00f3n y etalonaje<\/p>\n<p>&#8211; Exportaci\u00f3n de formatos per TV, DCP y digital<\/p>\n<p>no-repeat;left top;;<br \/>\nauto<br \/>\nseparacio_text<\/p>\n<p>M\u00e1s informaci\u00f3n<br \/>\n<a href=\"https:\/\/www.guacamole.media\/produccio-audiovisual-spots-anuncis-videos-promocionals\/\">https:\/\/www.guacamole.media\/produccio-audiovisual-spots-anuncis-videos-promocionals\/<\/a><br \/>\nleft<br \/>\n#0a0a0a<br \/>\n#ffffff<br \/>\n2<br \/>\nbutton-flat2<\/p>\n<h3><a href=\"https:\/\/www.guacamole.media\/produccio-audiovisual-gravacio-esdeveniment-espectacles\/\">V\u00eddeos para eventos<\/a><\/h3>\n<p>&#8211; Grabaci\u00f3n de eventos<\/p>\n<p>&#8211; Clips promocionales<\/p>\n<p>&#8211; Aftermovies<\/p>\n<p>&#8211; Reportajes de jornadas y eventos<\/p>\n<p>&#8211; Conferencias en streaming<\/p>\n<p>&#8211; Promoci\u00f3n de espect\u00e1culos<\/p>\n<p>&#8211; Producci\u00f3n en directo<\/p>\n<p>&#8211; Producci\u00f3n y realizaci\u00f3n musical<\/p>\n<p>no-repeat;left top;;<br \/>\nauto<br \/>\n0px<\/p>\n<p>M\u00e1s informaci\u00f3n<br \/>\n<a href=\"https:\/\/www.guacamole.media\/produccio-audiovisual-gravacio-esdeveniment-espectacles\/\">https:\/\/www.guacamole.media\/produccio-audiovisual-gravacio-esdeveniment-espectacles\/<\/a><br \/>\nleft<br \/>\n#0a0a0a<br \/>\n#ffffff<br \/>\n2<\/p>\n<h3><a href=\"https:\/\/www.guacamole.media\/produccio-audiovisual-fotografia-videos-per-a-xarxes-socials-i-webs\/\">V\u00eddeos para redes sociales, webs y apps<\/a><\/h3>\n<p>&#8211; V\u00eddeo y contenido para Instagram y Facebook<\/p>\n<p>&#8211; Exportaci\u00f3n de formatos<\/p>\n<p>&#8211; V\u00eddeo Ads<\/p>\n<p>&#8211; V\u00eddeos para campa\u00f1as<\/p>\n<p>&#8211; Producci\u00f3n para webs y apps<\/p>\n<p>no-repeat;left top;;<br \/>\nauto<\/p>\n<p>M\u00e1s informaci\u00f3n<br \/>\n<a href=\"https:\/\/www.guacamole.media\/produccio-audiovisual-fotografia-videos-per-a-xarxes-socials-i-webs\/\">https:\/\/www.guacamole.media\/produccio-audiovisual-fotografia-videos-per-a-xarxes-socials-i-webs\/<\/a><br \/>\nleft<br \/>\n#0a0a0a<br \/>\n#ffffff<br \/>\n2<\/p>\n<h3><a href=\"#\">Moda, producci\u00f3n editorial y videobooks<\/a><\/h3>\n<p>&#8211; V\u00eddeo de producto<\/p>\n<p>&#8211; V\u00eddeoclip<\/p>\n<p>&#8211; Spots y anuncios para TV<\/p>\n<p>&#8211; V\u00eddeo marketing<\/p>\n<p>&#8211; Publireportajes<\/p>\n<p>&#8211; Documentales<\/p>\n<p>no-repeat;left top;;<br \/>\nauto<br \/>\nseparacio_text<\/p>\n<p>M\u00e1s informaci\u00f3n<br \/>\n<a href=\"#\">#<\/a><br \/>\nleft<br \/>\n#0a0a0a<br \/>\n#ffffff<br \/>\n2<\/p>\n<h3><a href=\"#\">Fotograf\u00eda<\/a><\/h3>\n<p>&#8211; Publicit\u00e1ria<\/p>\n<p>&#8211; De producto<\/p>\n<p>&#8211; Reportajes fotogr\u00e1ficos<\/p>\n<p>&#8211; Fotograf\u00eda BTS<\/p>\n<p>&#8211; Documental<\/p>\n<p>&#8211; Para redes sociales<\/p>\n<p>&#8211; Corporativa<\/p>\n<p>no-repeat;left top;;<br \/>\nauto<\/p>\n<p>M\u00e1s informaci\u00f3n<br \/>\n<a href=\"https:\/\/www.guacamole.media\/fotografia\">https:\/\/www.guacamole.media\/fotografia<\/a><br \/>\nleft<br \/>\n#0a0a0a<br \/>\n#ffffff<br \/>\n2<\/p>\n<p>default<br \/>\ndefault<\/p>\n<h3><a href=\"https:\/\/www.guacamole.media\/produccio-audiovisual-fotografia-videos-per-a-xarxes-socials-i-webs\/\">V\u00eddeos para redes sociales, webs y apps<\/a><\/h3>\n<p>&#8211; V\u00eddeo y contenido para Instagram y Facebook<\/p>\n<p>&#8211; Exportaci\u00f3n de formatos<\/p>\n<p>&#8211; V\u00eddeo Ads<\/p>\n<p>&#8211; V\u00eddeos para campa\u00f1as<\/p>\n<p>&#8211; Producci\u00f3n para webs y apps<\/p>\n<p>no-repeat;left top;;<br \/>\nauto<\/p>\n<p>M\u00e1s informaci\u00f3n<br \/>\n<a href=\"https:\/\/www.guacamole.media\/produccio-audiovisual-fotografia-videos-per-a-xarxes-socials-i-webs\/\">https:\/\/www.guacamole.media\/produccio-audiovisual-fotografia-videos-per-a-xarxes-socials-i-webs\/<\/a><br \/>\nleft<br \/>\n#0a0a0a<br \/>\n#ffffff<br \/>\n2<\/p>\n<h3><a href=\"#\">Moda, producci\u00f3n editorial y videobooks<\/a><\/h3>\n<p>&#8211; V\u00eddeo de producto<\/p>\n<p>&#8211; V\u00eddeoclip<\/p>\n<p>&#8211; Spots y anuncios para TV<\/p>\n<p>&#8211; V\u00eddeo marketing<\/p>\n<p>&#8211; Publireportajes<\/p>\n<p>&#8211; Documentales<\/p>\n<p>no-repeat;left top;;<br \/>\nauto<br \/>\nseparacio_text<\/p>\n<p>M\u00e1s informaci\u00f3n<br \/>\n<a href=\"#\">#<\/a><br \/>\nleft<br \/>\n#0a0a0a<br \/>\n#ffffff<br \/>\n2<\/p>\n<h3><a href=\"#\">Fotograf\u00eda<\/a><\/h3>\n<p>&#8211; Publicit\u00e1ria<\/p>\n<p>&#8211; De producto<\/p>\n<p>&#8211; Reportajes fotogr\u00e1ficos<\/p>\n<p>&#8211; Fotograf\u00eda BTS<\/p>\n<p>&#8211; Documental<\/p>\n<p>&#8211; Para redes sociales<\/p>\n<p>&#8211; Corporativa<\/p>\n<p>no-repeat;left top;;<br \/>\nauto<\/p>\n<p>M\u00e1s informaci\u00f3n<br \/>\n<a href=\"https:\/\/www.guacamole.media\/fotografia\">https:\/\/www.guacamole.media\/fotografia<\/a><br \/>\nleft<br \/>\n#0a0a0a<br \/>\n#ffffff<br \/>\n2<\/p>\n<h2>\u00bfTe apuntas? Expl\u00edcanos qu\u00e9 hab\u00edas pensado.<\/h2>\n<p>Nos encantar\u00eda saber que tienes en la menta, saber que idea loca quieres tirar adelante. Ponte en contacto con nosotros, sin ning\u00fan compromiso, y pensaremos todas las f\u00f3rmulas posibles para poder colaborar conjuntamente.<\/p>\n<p>center<br \/>\nno-repeat;center top;;<br \/>\nauto<br \/>\n20px<\/p>\n<p>Contacta con nosotros<br \/>\n<a href=\"https:\/\/www.guacamole.media\/es\/contactar-productora-audiovisual\/#form\">https:\/\/www.guacamole.media\/es\/contactar-productora-audiovisual\/#form<\/a><br \/>\ncenter<br \/>\nicon-phone<br \/>\nright<br \/>\n#7fd8a1<br \/>\n#ffffff<br \/>\n3<\/p>\n<h2>\u00bfTe apuntas? Expl\u00edcanos qu\u00e9 hab\u00edas pensado.<\/h2>\n<p>Nos encantar\u00eda saber que tienes en la menta, saber que idea loca quieres tirar adelante. Ponte en contacto con nosotros, sin ning\u00fan compromiso, y pensaremos todas las f\u00f3rmulas posibles para poder colaborar conjuntamente.<\/p>\n<p>no-repeat;center top;;<br \/>\nauto<\/p>\n<p>Contacta amb nosaltres<br \/>\n<a href=\"https:\/\/www.guacamole.media\/contactar-productora-audiovisual\/#form\">https:\/\/www.guacamole.media\/contactar-productora-audiovisual\/#form<\/a><br \/>\ncenter<br \/>\nicon-phone<br \/>\nright<br \/>\n#7fd8a1<br \/>\n#ffffff<br \/>\n3<\/p>\n<p><img decoding=\"async\" src=\"https:\/\/www.guacamole.media\/wp-content\/uploads\/2020\/01\/guacamole-curiositats-1.png\" alt=\"guacamole-curiositats\" \/><br \/>\n118<br \/>\n80<br \/>\nright<\/p>\n<p>\u00bfSab\u00edas que\u2026?<\/p>\n<h6>\n<p>Cu\u00e1ndo prepares tu guacamole, puedes dejar el hueso del aguacate sumergido en agua y as\u00ed evitar\u00e1s la oxidaci\u00f3n del propio aguacate. Incluso puedes dejar el hueso sumergido en un vaso con agua en tu casa, y llevarte tu guacamole para cenar en casa de tus amigos sin \u00f3xido alguno. El poder telequin\u00e9tico del aguacate har\u00e1 toda la magia. <a href=\"https:\/\/www.google.com\/search?source=hp&amp;ei=-UE5XvqyG_GOlwT7nrKQAQ&amp;q=curiosidades+aguacate&amp;oq=curiosidades+aguacate&amp;gs_l=psy-ab.3..0j0i22i30.412.5752..5826...5.0..0.171.1875.25j1......0....1..gws-wiz.......0i131j0i10.6eaIUCSNvGM&amp;ved=0ahUKEwi6k8L30rfnAhVxx4UKHXuPDBIQ4dUDCAg&amp;uact=5\" target=\"new\" rel=\"noopener noreferrer\">Flipante, \u00bfeh?<\/a><\/h6>\n<p>left<br \/>\nno-repeat;center top;;<br \/>\nauto<br \/>\n0px<br \/>\n10px 0px 30px 0px<\/p>\n<p><img decoding=\"async\" src=\"https:\/\/www.guacamole.media\/wp-content\/uploads\/2020\/01\/guacamole-curiositats-1.png\" alt=\"guacamole-curiositats\" \/><br \/>\n118<br \/>\n80<br \/>\nright<\/p>\n<p>\u00bfSab\u00edas que\u2026?<\/p>\n<h6>\n<p>Cu\u00e1ndo prepares tu guacamole, puedes dejar el hueso del aguacate sumergido en agua y as\u00ed evitar\u00e1s la oxidaci\u00f3n del propio aguacate. Incluso puedes dejar el hueso sumergido en un vaso con agua en tu casa, y llevarte tu guacamole para cenar en casa de tus amigos sin \u00f3xido alguno. El poder telequin\u00e9tico del aguacate har\u00e1 toda la magia. <a href=\"https:\/\/www.google.com\/search?source=hp&amp;ei=-UE5XvqyG_GOlwT7nrKQAQ&amp;q=curiosidades+aguacate&amp;oq=curiosidades+aguacate&amp;gs_l=psy-ab.3..0j0i22i30.412.5752..5826...5.0..0.171.1875.25j1......0....1..gws-wiz.......0i131j0i10.6eaIUCSNvGM&amp;ved=0ahUKEwi6k8L30rfnAhVxx4UKHXuPDBIQ4dUDCAg&amp;uact=5\" target=\"new\" rel=\"noopener noreferrer\">Flipante, \u00bfeh?<\/a><\/h6>\n<p>left<br \/>\nno-repeat;center top;;<br \/>\nauto<br \/>\n0px<br \/>\n10px 0px 30px 0px<\/p>\n","protected":false},"excerpt":{"rendered":"<p>no-repeat;left top;; auto Servicios audiovisuales Ofrecemos servicios audiovisuales para la producci\u00f3n y realizaci\u00f3n de todo tipo de contenidos. center center no-repeat;left top;; auto 0% 7% 0%<span class=\"excerpt-hellip\"> [\u2026]<\/span><\/p>\n","protected":false},"author":1,"featured_media":0,"parent":0,"menu_order":0,"comment_status":"closed","ping_status":"closed","template":"","meta":{"footnotes":""},"acf":[],"yoast_head":"<!-- This site is optimized with the Yoast SEO plugin v22.4 - https:\/\/yoast.com\/wordpress\/plugins\/seo\/ -->\n<title>Servicios audiovisuales integrales y producci\u00f3n de contenidos<\/title>\n<meta name=\"description\" content=\"Ofrecemos servicios audiovisuales integrales para la producci\u00f3n y realizaci\u00f3n de todo tipo de contenidos para empresas y audiencias modernas.\" \/>\n<meta name=\"robots\" content=\"index, follow, max-snippet:-1, max-image-preview:large, max-video-preview:-1\" \/>\n<link rel=\"canonical\" href=\"https:\/\/www.guacamole.media\/es\/servicios-audiovisuales\/\" \/>\n<meta property=\"og:locale\" content=\"es_ES\" \/>\n<meta property=\"og:type\" content=\"article\" \/>\n<meta property=\"og:title\" content=\"Servicios audiovisuales integrales y producci\u00f3n de contenidos\" \/>\n<meta property=\"og:description\" content=\"Ofrecemos servicios audiovisuales integrales para la producci\u00f3n y realizaci\u00f3n de todo tipo de contenidos para empresas y audiencias modernas.\" \/>\n<meta property=\"og:url\" content=\"https:\/\/www.guacamole.media\/es\/servicios-audiovisuales\/\" \/>\n<meta property=\"og:site_name\" content=\"Guacamole\" \/>\n<meta property=\"article:modified_time\" content=\"2024-10-09T16:52:08+00:00\" \/>\n<meta property=\"og:image\" content=\"https:\/\/www.guacamole.media\/wp-content\/uploads\/2020\/07\/serveis-produccio-continguts-audiovisuals.jpg\" \/>\n<meta name=\"twitter:card\" content=\"summary_large_image\" \/>\n<meta name=\"twitter:label1\" content=\"Tiempo de lectura\" \/>\n\t<meta name=\"twitter:data1\" content=\"7 minutos\" \/>\n<script type=\"application\/ld+json\" class=\"yoast-schema-graph\">{\"@context\":\"https:\/\/schema.org\",\"@graph\":[{\"@type\":\"WebPage\",\"@id\":\"https:\/\/www.guacamole.media\/es\/servicios-audiovisuales\/\",\"url\":\"https:\/\/www.guacamole.media\/es\/servicios-audiovisuales\/\",\"name\":\"Servicios audiovisuales integrales y producci\u00f3n de contenidos\",\"isPartOf\":{\"@id\":\"https:\/\/www.guacamole.media\/es\/#website\"},\"primaryImageOfPage\":{\"@id\":\"https:\/\/www.guacamole.media\/es\/servicios-audiovisuales\/#primaryimage\"},\"image\":{\"@id\":\"https:\/\/www.guacamole.media\/es\/servicios-audiovisuales\/#primaryimage\"},\"thumbnailUrl\":\"https:\/\/www.guacamole.media\/wp-content\/uploads\/2020\/07\/serveis-produccio-continguts-audiovisuals.jpg\",\"datePublished\":\"2020-05-01T08:03:32+00:00\",\"dateModified\":\"2024-10-09T16:52:08+00:00\",\"description\":\"Ofrecemos servicios audiovisuales integrales para la producci\u00f3n y realizaci\u00f3n de todo tipo de contenidos para empresas y audiencias modernas.\",\"breadcrumb\":{\"@id\":\"https:\/\/www.guacamole.media\/es\/servicios-audiovisuales\/#breadcrumb\"},\"inLanguage\":\"es\",\"potentialAction\":[{\"@type\":\"ReadAction\",\"target\":[\"https:\/\/www.guacamole.media\/es\/servicios-audiovisuales\/\"]}]},{\"@type\":\"ImageObject\",\"inLanguage\":\"es\",\"@id\":\"https:\/\/www.guacamole.media\/es\/servicios-audiovisuales\/#primaryimage\",\"url\":\"https:\/\/www.guacamole.media\/wp-content\/uploads\/2020\/07\/serveis-produccio-continguts-audiovisuals.jpg\",\"contentUrl\":\"https:\/\/www.guacamole.media\/wp-content\/uploads\/2020\/07\/serveis-produccio-continguts-audiovisuals.jpg\"},{\"@type\":\"BreadcrumbList\",\"@id\":\"https:\/\/www.guacamole.media\/es\/servicios-audiovisuales\/#breadcrumb\",\"itemListElement\":[{\"@type\":\"ListItem\",\"position\":1,\"name\":\"Portada\",\"item\":\"https:\/\/www.guacamole.media\/es\/\"},{\"@type\":\"ListItem\",\"position\":2,\"name\":\"Servicios audiovisuales\"}]},{\"@type\":\"WebSite\",\"@id\":\"https:\/\/www.guacamole.media\/es\/#website\",\"url\":\"https:\/\/www.guacamole.media\/es\/\",\"name\":\"Guacamole Productora Audiovisual\",\"description\":\"Productora Audiovisual\",\"potentialAction\":[{\"@type\":\"SearchAction\",\"target\":{\"@type\":\"EntryPoint\",\"urlTemplate\":\"https:\/\/www.guacamole.media\/es\/?s={search_term_string}\"},\"query-input\":\"required name=search_term_string\"}],\"inLanguage\":\"es\"}]}<\/script>\n<!-- \/ Yoast SEO plugin. -->","yoast_head_json":{"title":"Servicios audiovisuales integrales y producci\u00f3n de contenidos","description":"Ofrecemos servicios audiovisuales integrales para la producci\u00f3n y realizaci\u00f3n de todo tipo de contenidos para empresas y audiencias modernas.","robots":{"index":"index","follow":"follow","max-snippet":"max-snippet:-1","max-image-preview":"max-image-preview:large","max-video-preview":"max-video-preview:-1"},"canonical":"https:\/\/www.guacamole.media\/es\/servicios-audiovisuales\/","og_locale":"es_ES","og_type":"article","og_title":"Servicios audiovisuales integrales y producci\u00f3n de contenidos","og_description":"Ofrecemos servicios audiovisuales integrales para la producci\u00f3n y realizaci\u00f3n de todo tipo de contenidos para empresas y audiencias modernas.","og_url":"https:\/\/www.guacamole.media\/es\/servicios-audiovisuales\/","og_site_name":"Guacamole","article_modified_time":"2024-10-09T16:52:08+00:00","og_image":[{"url":"https:\/\/www.guacamole.media\/wp-content\/uploads\/2020\/07\/serveis-produccio-continguts-audiovisuals.jpg"}],"twitter_card":"summary_large_image","twitter_misc":{"Tiempo de lectura":"7 minutos"},"schema":{"@context":"https:\/\/schema.org","@graph":[{"@type":"WebPage","@id":"https:\/\/www.guacamole.media\/es\/servicios-audiovisuales\/","url":"https:\/\/www.guacamole.media\/es\/servicios-audiovisuales\/","name":"Servicios audiovisuales integrales y producci\u00f3n de contenidos","isPartOf":{"@id":"https:\/\/www.guacamole.media\/es\/#website"},"primaryImageOfPage":{"@id":"https:\/\/www.guacamole.media\/es\/servicios-audiovisuales\/#primaryimage"},"image":{"@id":"https:\/\/www.guacamole.media\/es\/servicios-audiovisuales\/#primaryimage"},"thumbnailUrl":"https:\/\/www.guacamole.media\/wp-content\/uploads\/2020\/07\/serveis-produccio-continguts-audiovisuals.jpg","datePublished":"2020-05-01T08:03:32+00:00","dateModified":"2024-10-09T16:52:08+00:00","description":"Ofrecemos servicios audiovisuales integrales para la producci\u00f3n y realizaci\u00f3n de todo tipo de contenidos para empresas y audiencias modernas.","breadcrumb":{"@id":"https:\/\/www.guacamole.media\/es\/servicios-audiovisuales\/#breadcrumb"},"inLanguage":"es","potentialAction":[{"@type":"ReadAction","target":["https:\/\/www.guacamole.media\/es\/servicios-audiovisuales\/"]}]},{"@type":"ImageObject","inLanguage":"es","@id":"https:\/\/www.guacamole.media\/es\/servicios-audiovisuales\/#primaryimage","url":"https:\/\/www.guacamole.media\/wp-content\/uploads\/2020\/07\/serveis-produccio-continguts-audiovisuals.jpg","contentUrl":"https:\/\/www.guacamole.media\/wp-content\/uploads\/2020\/07\/serveis-produccio-continguts-audiovisuals.jpg"},{"@type":"BreadcrumbList","@id":"https:\/\/www.guacamole.media\/es\/servicios-audiovisuales\/#breadcrumb","itemListElement":[{"@type":"ListItem","position":1,"name":"Portada","item":"https:\/\/www.guacamole.media\/es\/"},{"@type":"ListItem","position":2,"name":"Servicios audiovisuales"}]},{"@type":"WebSite","@id":"https:\/\/www.guacamole.media\/es\/#website","url":"https:\/\/www.guacamole.media\/es\/","name":"Guacamole Productora Audiovisual","description":"Productora Audiovisual","potentialAction":[{"@type":"SearchAction","target":{"@type":"EntryPoint","urlTemplate":"https:\/\/www.guacamole.media\/es\/?s={search_term_string}"},"query-input":"required name=search_term_string"}],"inLanguage":"es"}]}},"_links":{"self":[{"href":"https:\/\/www.guacamole.media\/es\/wp-json\/wp\/v2\/pages\/1156"}],"collection":[{"href":"https:\/\/www.guacamole.media\/es\/wp-json\/wp\/v2\/pages"}],"about":[{"href":"https:\/\/www.guacamole.media\/es\/wp-json\/wp\/v2\/types\/page"}],"author":[{"embeddable":true,"href":"https:\/\/www.guacamole.media\/es\/wp-json\/wp\/v2\/users\/1"}],"replies":[{"embeddable":true,"href":"https:\/\/www.guacamole.media\/es\/wp-json\/wp\/v2\/comments?post=1156"}],"version-history":[{"count":6,"href":"https:\/\/www.guacamole.media\/es\/wp-json\/wp\/v2\/pages\/1156\/revisions"}],"predecessor-version":[{"id":1518,"href":"https:\/\/www.guacamole.media\/es\/wp-json\/wp\/v2\/pages\/1156\/revisions\/1518"}],"wp:attachment":[{"href":"https:\/\/www.guacamole.media\/es\/wp-json\/wp\/v2\/media?parent=1156"}],"curies":[{"name":"wp","href":"https:\/\/api.w.org\/{rel}","templated":true}]}}