{"id":1161,"date":"2020-05-05T16:00:37","date_gmt":"2020-05-05T16:00:37","guid":{"rendered":"https:\/\/www.guacamole.media\/projectes-audiovisuals\/"},"modified":"2022-09-04T17:24:23","modified_gmt":"2022-09-04T17:24:23","slug":"proyectos-audiovisuales","status":"publish","type":"page","link":"https:\/\/www.guacamole.media\/es\/proyectos-audiovisuales\/","title":{"rendered":"Proyectos audiovisuales"},"content":{"rendered":"<p>no-repeat;left top;;<br \/>auto<\/p>\n<h1>Projectes audiovisuals<\/h1>\n<p>Aventures, hist\u00f2ries i projectes audiovisuals manufacturats amb tota l\\&#8217;estima del m\u00f3n.<\/p>\n<p>center<br \/>center<br \/>no-repeat;left top;;<br \/>auto<br \/>0px<\/p>\n<p>Totes les criatures que hem parit tenen la seva hist\u00f2ria. I totes les hem patit, gaudit i viscut amb la mateixa intensitat. A continuaci\u00f3 tens un recull d\\&#8217;alguns dels nostres projectes realitzats. Per a qualsevol dubte, <a href=\"\/contacte\/\">posa\\&#8217;t en contacte<\/a> amb nosaltres.<\/p>\n<p>center<br \/>no-repeat;left top;;<br \/>auto<\/p>\n<p><img decoding=\"async\" src=\"https:\/\/www.guacamole.media\/wp-content\/uploads\/2020\/06\/projectes-audiovisuals-urbanauta-um1-destaca-01.jpg\" alt=\"projectes-audiovisuals-urbanauta-um1-destaca-01\" \/><br \/>#5db17e<\/p>\n<p>Urbanauta \u2014<br \/>\n<br \/>UM1<\/p>\n<p><a href=\"https:\/\/www.guacamole.media\/projecte-audiovisual-urbanauta-mascaretes-um1\/\">https:\/\/www.guacamole.media\/projecte-audiovisual-urbanauta-mascaretes-um1\/<\/a><\/p>\n<p><img decoding=\"async\" src=\"https:\/\/www.guacamole.media\/wp-content\/uploads\/2020\/08\/projectes-destaca-olut2020.jpg\" alt=\"projectes-destaca-olut2020\" \/><br \/>#5db17e<\/p>\n<p>OLUT \u2014<br \/>\n<br \/>Branding AV<\/p>\n<p><a href=\"https:\/\/www.guacamole.media\/projecte-audiovisual-puraceba-mallot-2020\/\">https:\/\/www.guacamole.media\/projecte-audiovisual-puraceba-mallot-2020\/<\/a><\/p>\n<p><img decoding=\"async\" src=\"https:\/\/www.guacamole.media\/wp-content\/uploads\/2020\/06\/foto-exemple-projecte-960.jpg\" alt=\"foto-exemple-projecte-960\" \/><br \/>#5db17e<\/p>\n<p>Urbanauta \u2014<br \/>\n<br \/>Spot U5<\/p>\n<p><img decoding=\"async\" src=\"https:\/\/www.guacamole.media\/wp-content\/uploads\/2020\/08\/projecte-destaca-urbanita-u1.jpg\" alt=\"projecte-destaca-urbanita-u1\" \/><br \/>#5db17e<\/p>\n<p>Urbanauta \u2014<br \/>\n<br \/>Spot U1<\/p>\n<p><img decoding=\"async\" src=\"https:\/\/www.guacamole.media\/wp-content\/uploads\/2020\/06\/home-puraceba.jpg\" alt=\"home-puraceba\" \/><br \/>#5db17e<\/p>\n<p>Pura Ceba \u2014<br \/>\n<br \/>Mallot 2020<\/p>\n<p><a href=\"https:\/\/www.guacamole.media\/projecte-audiovisual-puraceba-mallot-2020\/\">https:\/\/www.guacamole.media\/projecte-audiovisual-puraceba-mallot-2020\/<\/a><\/p>\n<p><img decoding=\"async\" src=\"https:\/\/www.guacamole.media\/wp-content\/uploads\/2020\/05\/urbanita-clips-g.jpg\" alt=\"urbanita-clips-g\" \/><br \/>#5db17e<br \/>Urbanita<br \/><a href=\"#\">#<\/a><\/p>\n<p><img decoding=\"async\" src=\"https:\/\/www.guacamole.media\/wp-content\/uploads\/2020\/08\/projecte-puput-boreal.jpg\" alt=\"projecte-puput-boreal\" \/><br \/>#5db17e<br \/>Puput &#8211; Boreal<br \/><a href=\"#\">#<\/a><\/p>\n<p><img decoding=\"async\" src=\"https:\/\/www.guacamole.media\/wp-content\/uploads\/2020\/05\/proyectes-embassat2019-aftermovie-g.jpg\" alt=\"proyectes-embassat2019-aftermovie-g\" \/><br \/>#5db17e<br \/>Embassa\\&#8217;t 2019<br \/><a href=\"#\">#<\/a><\/p>\n<p><img decoding=\"async\" src=\"https:\/\/www.guacamole.media\/wp-content\/uploads\/2020\/05\/proyectes-experiencia-nomada-g2.jpg\" alt=\"proyectes-experiencia-nomada-g2\" \/><br \/>#5db17e<br \/>Experiencia N\u00f3mada<br \/><a href=\"#\">#<\/a><\/p>\n<p><img decoding=\"async\" src=\"https:\/\/www.guacamole.media\/wp-content\/uploads\/2020\/08\/projectes-faba.jpg\" alt=\"projectes-faba\" \/><br \/>#5db17e<br \/>FABA Lineup 2020<br \/><a href=\"#\">#<\/a><\/p>\n<p><img decoding=\"async\" src=\"https:\/\/www.guacamole.media\/wp-content\/uploads\/2020\/05\/urbanita-promocional-g.jpg\" alt=\"urbanita-promocional-g\" \/><br \/>#5db17e<br \/>Urbanita<br \/><a href=\"#\">#<\/a><\/p>\n<p><img decoding=\"async\" src=\"https:\/\/www.guacamole.media\/wp-content\/uploads\/2020\/05\/projectes-nomada-raw-g.jpg\" alt=\"projectes-nomada-raw-g\" \/><br \/>#5db17e<br \/>N\u00f3mada Brewing RAW Series<br \/><a href=\"#\">#<\/a><\/p>\n<p><img decoding=\"async\" src=\"https:\/\/www.guacamole.media\/wp-content\/uploads\/2020\/05\/projectes-ferranpalau-shooting-g.jpg\" alt=\"projectes-ferranpalau-shooting-g\" \/><br \/>#5db17e<br \/>Ferran Palau<br \/><a href=\"#\">#<\/a><\/p>\n<p><img decoding=\"async\" src=\"https:\/\/www.guacamole.media\/wp-content\/uploads\/2020\/05\/projectes-themissingleech-g-2.jpg\" alt=\"projectes-themissingleech-g-2\" \/><br \/>#5db17e<br \/>The Missing Leech<br \/><a href=\"#\">#<\/a><\/p>\n<p><img decoding=\"async\" src=\"https:\/\/www.guacamole.media\/wp-content\/uploads\/2020\/05\/projectes-puput-greta-g.jpg\" alt=\"projectes-puput-greta-g\" \/><br \/>#5db17e<br \/>Puput &#8211; Greta<br \/><a href=\"#\">#<\/a><\/p>\n<p><img decoding=\"async\" src=\"https:\/\/www.guacamole.media\/wp-content\/uploads\/2020\/05\/projectes-nomadabrewing-apodemia-g.jpg\" alt=\"projectes-nomadabrewing-apodemia-g\" \/><br \/>#5db17e<br \/>N\u00f3mada Brewing<br \/><a href=\"#\">#<\/a><\/p>\n<p><img decoding=\"async\" src=\"https:\/\/www.guacamole.media\/wp-content\/uploads\/2020\/05\/proyectes-embassat2018-aftermovie-g.jpg\" alt=\"proyectes-embassat2018-aftermovie-g\" \/><br \/>#5db17e<br \/>Embassa\\&#8217;t 2018<br \/><a href=\"#\">#<\/a><\/p>\n<p><img decoding=\"async\" src=\"https:\/\/www.guacamole.media\/wp-content\/uploads\/2020\/05\/proyectes-embassat2017-aftermovie-g.jpg\" alt=\"proyectes-embassat2017-aftermovie-g\" \/><br \/>#5db17e<br \/>Embassa\\&#8217;t 2017<br \/><a href=\"#\">#<\/a><\/p>\n<p><img decoding=\"async\" src=\"https:\/\/www.guacamole.media\/wp-content\/uploads\/2020\/08\/projecte-puput-lafabrique.jpg\" alt=\"projecte-puput-lafabrique\" \/><br \/>#5db17e<br \/>Puput &#8211; La Fabrique<br \/><a href=\"#\">#<\/a><\/p>\n<p><img decoding=\"async\" src=\"https:\/\/www.guacamole.media\/wp-content\/uploads\/2020\/08\/projecte-mujeres-unsentimientoimportante.jpg\" alt=\"projecte-mujeres-unsentimientoimportante\" \/><br \/>#5db17e<br \/>Mujeres &#8211; Un sentimiento importante<br \/><a href=\"#\">#<\/a><\/p>\n<p><img decoding=\"async\" src=\"http:\/\/www.guacamole.media\/wp-content\/uploads\/2020\/05\/projectes-stella-toccata-p.jpg\" alt=\"projectes-stella-toccata-p\" \/><br \/>#5db17e<br \/>Stella BTS<br \/><a href=\"#\">#<\/a><\/p>\n<p><img decoding=\"async\" src=\"http:\/\/www.guacamole.media\/wp-content\/uploads\/2020\/05\/projectes-sabadell-cerveser-g2.jpg\" alt=\"projectes-sabadell-cerveser-g2\" \/><br \/>#5db17e<br \/>Sabadell Cerveser<br \/><a href=\"#\">#<\/a><\/p>\n<h3>Productora local i global<\/h3>\n<p>Guacamole \u00e9s una <a href=\"http:\/\/www.guacamole.media\/\">productora audiovisual<\/a> amb oficines a Manresa (Bages) i Sabadell (Vall\u00e8s Occidental), situades al centre de Catalunya. Oferim els nostres serveis de producci\u00f3 audiovisual, v\u00eddeo i fotografia, disseny visual interactiu i creaci\u00f3 de contingut digital a les principals ciutats catalanes com Barcelona (Barcelon\u00e8s), Girona (Giron\u00e8s), Tarragona (Tarragon\u00e8s), Lleida (Segri\u00e0), Terrassa, Vic (Osona), Matar\u00f3 (Maresme), Reus (Baix Camp), Granollers (Vall\u00e8s Oriental), Igualada (La Anoia) i arreu de l\u2019estat. T\\&#8217;oferim serveis audiovisuals complets per a <a href=\"#\">v\u00eddeos corporatius d\\&#8217;empresa<\/a>, <a href=\"#\">espots<\/a> i <a href=\"#\">fotografia<\/a>, entre molts altres. T\\&#8217;hi animes?<\/p>\n<p>center<br \/>no-repeat;left top;;<br \/>auto<\/p>\n<h3>Productora local i global<\/h3>\n<p>Guacamole \u00e9s una <a href=\"http:\/\/www.guacamole.media\/\">productora audiovisual<\/a> amb oficines a Manresa (Bages) i Sabadell (Vall\u00e8s Occidental), situades al centre de Catalunya. Oferim els nostres serveis de producci\u00f3 audiovisual, v\u00eddeo i fotografia, disseny visual interactiu i creaci\u00f3 de contingut digital a les principals ciutats catalanes com Barcelona (Barcelon\u00e8s), Girona (Giron\u00e8s), Tarragona (Tarragon\u00e8s), Lleida (Segri\u00e0), Terrassa, Vic (Osona), Matar\u00f3 (Maresme), Reus (Baix Camp), Granollers (Vall\u00e8s Oriental), Igualada (La Anoia) i arreu de l\u2019estat. T\\&#8217;oferim serveis audiovisuals complets per a <a href=\"#\">v\u00eddeos corporatius d\\&#8217;empresa<\/a>, <a href=\"#\">espots<\/a> i <a href=\"#\">fotografia<\/a>, entre molts altres. T\\&#8217;hi animes?<\/p>\n<p>center<br \/>no-repeat;left top;;<br \/>auto<\/p>\n","protected":false},"excerpt":{"rendered":"<p>no-repeat;left top;;auto Projectes audiovisuals Aventures, hist\u00f2ries i projectes audiovisuals manufacturats amb tota l\\&#8217;estima del m\u00f3n. centercenterno-repeat;left top;;auto0px Totes les criatures que hem parit tenen la seva<span class=\"excerpt-hellip\"> [\u2026]<\/span><\/p>\n","protected":false},"author":1,"featured_media":0,"parent":0,"menu_order":0,"comment_status":"closed","ping_status":"closed","template":"","meta":{"footnotes":""},"acf":[],"yoast_head":"<!-- This site is optimized with the Yoast SEO plugin v22.4 - https:\/\/yoast.com\/wordpress\/plugins\/seo\/ -->\n<title>Proyectos audiovisuales y producci\u00f3n de contenidos<\/title>\n<meta name=\"description\" content=\"Descubre algunos de los proyectos audiovisuales realizados por Guacamole y que m\u00e1s hemos disfrutado. \u00bfTe animas a liarla con nosotros?\" \/>\n<meta name=\"robots\" content=\"index, follow, max-snippet:-1, max-image-preview:large, max-video-preview:-1\" \/>\n<link rel=\"canonical\" href=\"https:\/\/www.guacamole.media\/es\/proyectos-audiovisuales\/\" \/>\n<meta property=\"og:locale\" content=\"es_ES\" \/>\n<meta property=\"og:type\" content=\"article\" \/>\n<meta property=\"og:title\" content=\"Proyectos audiovisuales y producci\u00f3n de contenidos\" \/>\n<meta property=\"og:description\" content=\"Descubre algunos de los proyectos audiovisuales realizados por Guacamole y que m\u00e1s hemos disfrutado. \u00bfTe animas a liarla con nosotros?\" \/>\n<meta property=\"og:url\" content=\"https:\/\/www.guacamole.media\/es\/proyectos-audiovisuales\/\" \/>\n<meta property=\"og:site_name\" content=\"Guacamole\" \/>\n<meta property=\"article:modified_time\" content=\"2022-09-04T17:24:23+00:00\" \/>\n<meta property=\"og:image\" content=\"https:\/\/www.guacamole.media\/wp-content\/uploads\/2020\/06\/projectes-audiovisuals-urbanauta-um1-destaca-01.jpg\" \/>\n<meta name=\"twitter:card\" content=\"summary_large_image\" \/>\n<meta name=\"twitter:label1\" content=\"Tiempo de lectura\" \/>\n\t<meta name=\"twitter:data1\" content=\"2 minutos\" \/>\n<script type=\"application\/ld+json\" class=\"yoast-schema-graph\">{\"@context\":\"https:\/\/schema.org\",\"@graph\":[{\"@type\":\"WebPage\",\"@id\":\"https:\/\/www.guacamole.media\/es\/proyectos-audiovisuales\/\",\"url\":\"https:\/\/www.guacamole.media\/es\/proyectos-audiovisuales\/\",\"name\":\"Proyectos audiovisuales y producci\u00f3n de contenidos\",\"isPartOf\":{\"@id\":\"https:\/\/www.guacamole.media\/es\/#website\"},\"primaryImageOfPage\":{\"@id\":\"https:\/\/www.guacamole.media\/es\/proyectos-audiovisuales\/#primaryimage\"},\"image\":{\"@id\":\"https:\/\/www.guacamole.media\/es\/proyectos-audiovisuales\/#primaryimage\"},\"thumbnailUrl\":\"https:\/\/www.guacamole.media\/wp-content\/uploads\/2020\/06\/projectes-audiovisuals-urbanauta-um1-destaca-01.jpg\",\"datePublished\":\"2020-05-05T16:00:37+00:00\",\"dateModified\":\"2022-09-04T17:24:23+00:00\",\"description\":\"Descubre algunos de los proyectos audiovisuales realizados por Guacamole y que m\u00e1s hemos disfrutado. \u00bfTe animas a liarla con nosotros?\",\"breadcrumb\":{\"@id\":\"https:\/\/www.guacamole.media\/es\/proyectos-audiovisuales\/#breadcrumb\"},\"inLanguage\":\"es\",\"potentialAction\":[{\"@type\":\"ReadAction\",\"target\":[\"https:\/\/www.guacamole.media\/es\/proyectos-audiovisuales\/\"]}]},{\"@type\":\"ImageObject\",\"inLanguage\":\"es\",\"@id\":\"https:\/\/www.guacamole.media\/es\/proyectos-audiovisuales\/#primaryimage\",\"url\":\"https:\/\/www.guacamole.media\/wp-content\/uploads\/2020\/06\/projectes-audiovisuals-urbanauta-um1-destaca-01.jpg\",\"contentUrl\":\"https:\/\/www.guacamole.media\/wp-content\/uploads\/2020\/06\/projectes-audiovisuals-urbanauta-um1-destaca-01.jpg\"},{\"@type\":\"BreadcrumbList\",\"@id\":\"https:\/\/www.guacamole.media\/es\/proyectos-audiovisuales\/#breadcrumb\",\"itemListElement\":[{\"@type\":\"ListItem\",\"position\":1,\"name\":\"Portada\",\"item\":\"https:\/\/www.guacamole.media\/es\/\"},{\"@type\":\"ListItem\",\"position\":2,\"name\":\"Proyectos audiovisuales\"}]},{\"@type\":\"WebSite\",\"@id\":\"https:\/\/www.guacamole.media\/es\/#website\",\"url\":\"https:\/\/www.guacamole.media\/es\/\",\"name\":\"Guacamole Productora Audiovisual\",\"description\":\"Productora Audiovisual\",\"potentialAction\":[{\"@type\":\"SearchAction\",\"target\":{\"@type\":\"EntryPoint\",\"urlTemplate\":\"https:\/\/www.guacamole.media\/es\/?s={search_term_string}\"},\"query-input\":\"required name=search_term_string\"}],\"inLanguage\":\"es\"}]}<\/script>\n<!-- \/ Yoast SEO plugin. -->","yoast_head_json":{"title":"Proyectos audiovisuales y producci\u00f3n de contenidos","description":"Descubre algunos de los proyectos audiovisuales realizados por Guacamole y que m\u00e1s hemos disfrutado. \u00bfTe animas a liarla con nosotros?","robots":{"index":"index","follow":"follow","max-snippet":"max-snippet:-1","max-image-preview":"max-image-preview:large","max-video-preview":"max-video-preview:-1"},"canonical":"https:\/\/www.guacamole.media\/es\/proyectos-audiovisuales\/","og_locale":"es_ES","og_type":"article","og_title":"Proyectos audiovisuales y producci\u00f3n de contenidos","og_description":"Descubre algunos de los proyectos audiovisuales realizados por Guacamole y que m\u00e1s hemos disfrutado. \u00bfTe animas a liarla con nosotros?","og_url":"https:\/\/www.guacamole.media\/es\/proyectos-audiovisuales\/","og_site_name":"Guacamole","article_modified_time":"2022-09-04T17:24:23+00:00","og_image":[{"url":"https:\/\/www.guacamole.media\/wp-content\/uploads\/2020\/06\/projectes-audiovisuals-urbanauta-um1-destaca-01.jpg"}],"twitter_card":"summary_large_image","twitter_misc":{"Tiempo de lectura":"2 minutos"},"schema":{"@context":"https:\/\/schema.org","@graph":[{"@type":"WebPage","@id":"https:\/\/www.guacamole.media\/es\/proyectos-audiovisuales\/","url":"https:\/\/www.guacamole.media\/es\/proyectos-audiovisuales\/","name":"Proyectos audiovisuales y producci\u00f3n de contenidos","isPartOf":{"@id":"https:\/\/www.guacamole.media\/es\/#website"},"primaryImageOfPage":{"@id":"https:\/\/www.guacamole.media\/es\/proyectos-audiovisuales\/#primaryimage"},"image":{"@id":"https:\/\/www.guacamole.media\/es\/proyectos-audiovisuales\/#primaryimage"},"thumbnailUrl":"https:\/\/www.guacamole.media\/wp-content\/uploads\/2020\/06\/projectes-audiovisuals-urbanauta-um1-destaca-01.jpg","datePublished":"2020-05-05T16:00:37+00:00","dateModified":"2022-09-04T17:24:23+00:00","description":"Descubre algunos de los proyectos audiovisuales realizados por Guacamole y que m\u00e1s hemos disfrutado. \u00bfTe animas a liarla con nosotros?","breadcrumb":{"@id":"https:\/\/www.guacamole.media\/es\/proyectos-audiovisuales\/#breadcrumb"},"inLanguage":"es","potentialAction":[{"@type":"ReadAction","target":["https:\/\/www.guacamole.media\/es\/proyectos-audiovisuales\/"]}]},{"@type":"ImageObject","inLanguage":"es","@id":"https:\/\/www.guacamole.media\/es\/proyectos-audiovisuales\/#primaryimage","url":"https:\/\/www.guacamole.media\/wp-content\/uploads\/2020\/06\/projectes-audiovisuals-urbanauta-um1-destaca-01.jpg","contentUrl":"https:\/\/www.guacamole.media\/wp-content\/uploads\/2020\/06\/projectes-audiovisuals-urbanauta-um1-destaca-01.jpg"},{"@type":"BreadcrumbList","@id":"https:\/\/www.guacamole.media\/es\/proyectos-audiovisuales\/#breadcrumb","itemListElement":[{"@type":"ListItem","position":1,"name":"Portada","item":"https:\/\/www.guacamole.media\/es\/"},{"@type":"ListItem","position":2,"name":"Proyectos audiovisuales"}]},{"@type":"WebSite","@id":"https:\/\/www.guacamole.media\/es\/#website","url":"https:\/\/www.guacamole.media\/es\/","name":"Guacamole Productora Audiovisual","description":"Productora Audiovisual","potentialAction":[{"@type":"SearchAction","target":{"@type":"EntryPoint","urlTemplate":"https:\/\/www.guacamole.media\/es\/?s={search_term_string}"},"query-input":"required name=search_term_string"}],"inLanguage":"es"}]}},"_links":{"self":[{"href":"https:\/\/www.guacamole.media\/es\/wp-json\/wp\/v2\/pages\/1161"}],"collection":[{"href":"https:\/\/www.guacamole.media\/es\/wp-json\/wp\/v2\/pages"}],"about":[{"href":"https:\/\/www.guacamole.media\/es\/wp-json\/wp\/v2\/types\/page"}],"author":[{"embeddable":true,"href":"https:\/\/www.guacamole.media\/es\/wp-json\/wp\/v2\/users\/1"}],"replies":[{"embeddable":true,"href":"https:\/\/www.guacamole.media\/es\/wp-json\/wp\/v2\/comments?post=1161"}],"version-history":[{"count":3,"href":"https:\/\/www.guacamole.media\/es\/wp-json\/wp\/v2\/pages\/1161\/revisions"}],"predecessor-version":[{"id":1259,"href":"https:\/\/www.guacamole.media\/es\/wp-json\/wp\/v2\/pages\/1161\/revisions\/1259"}],"wp:attachment":[{"href":"https:\/\/www.guacamole.media\/es\/wp-json\/wp\/v2\/media?parent=1161"}],"curies":[{"name":"wp","href":"https:\/\/api.w.org\/{rel}","templated":true}]}}