{"id":1171,"date":"2020-05-07T15:57:42","date_gmt":"2020-05-07T15:57:42","guid":{"rendered":"https:\/\/www.guacamole.media\/contactar-productora-audiovisual\/"},"modified":"2021-12-28T12:25:50","modified_gmt":"2021-12-28T12:25:50","slug":"contactar-productora-audiovisual","status":"publish","type":"page","link":"https:\/\/www.guacamole.media\/es\/contactar-productora-audiovisual\/","title":{"rendered":"Contacte"},"content":{"rendered":"<h1>Contactar amb la nostra productora audiovisual<\/h1>\n<p>Qu\u00e8, la liem plegats?<\/p>\n<p>center<br \/>center<br \/>no-repeat;left top;;<br \/>auto<br \/>0px<\/p>\n<p>Si vols contactar amb la nostra productora audiovisual, ens trobar\u00e0s a les nostres oficines de Manresa (Bages), Sabadell (Vall\u00e8s Occidental) o c\u00e0mera en m\u00e0 gravant per arreu del pa\u00eds. Si vols contactar amb nosaltres, ens pots localitzar al tel\u00e8fon central 938 749 020 o ve omplint el formulari que trobar\u00e0s a continuaci\u00f3.<\/p>\n<p>center<br \/>no-repeat;left top;;<br \/>auto<br \/>50px<\/p>\n<p><p class=\"wpcf7-contact-form-not-found\"><strong>Error:<\/strong> Formulario de contacto no encontrado.<\/p><br \/>no-repeat;center top;;<br \/>auto<br \/>10px<br \/>custom_contact_form_1<\/p>\n<p><p class=\"wpcf7-contact-form-not-found\"><strong>Error:<\/strong> Formulario de contacto no encontrado.<\/p><br \/>no-repeat;center top;;<br \/>auto<br \/>custom_contact_form_1<\/p>\n<p>L\\&#8217;enviament d\\&#8217;aquest formulari implica l\\&#8217;acceptaci\u00f3 de la pol\u00edtica de privacitat. En nom de Guacamole Media, propiet\u00e0ria del domini web www.guacamole.media i en virtut del que estableix el Reglament General de Protecci\u00f3 de Dades (UE 1679\/2016) l\\&#8217;informem que tractem les dades que ens facilita en el present formulari per tal de poder fer efectiva la seva sol\u00b7licitud d\\&#8217;informaci\u00f3. Les dades proporcionades es conservaran mentre es realitza el processament de la seva sol\u00b7licitud i se li d\u00f3na resposta. Vost\u00e8 t\u00e9 dret a obtenir confirmaci\u00f3 sobre si estem tractant les seves dades personals per tant t\u00e9 dret a accedir a les seves mateixes, rectificar les inexactes o sol\u00b7licitar-ne la seva supressi\u00f3 quan ja no siguin necess\u00e0ries.<\/p>\n<p>left<br \/>no-repeat;left top;;<br \/>auto<\/p>\n<h2> T\\&#8217;agradaria treballar amb nosaltres?<\/h2>\n<p>Actualment no tenim cap pla\u00e7a disponible per\u00f2 ens agradaria saber de tu igualment \ud83d\ude42<br \/>\n<br \/>Treballem amb molts col\u00b7laboradors externs, ja que ens agrada comptar amb un equip de gent ampli i variat.<br \/>\n<br \/>Saluda\\&#8217;ns a <a href=\"mailto:hola@guacamole.media\">hola@guacamole.media<\/a> i et tindrem present. Segur hi ha algun <a href=\"https:\/\/www.guacamole.media\">projecte<\/a> en que el podem treballar plegats!<\/p>\n<p>left<br \/>no-repeat;left top;;<br \/>auto<\/p>\n<p><img decoding=\"async\" src=\"http:\/\/www.guacamole.media\/wp-content\/uploads\/2020\/01\/guacamole-curiositats-1.png\" alt=\"guacamole-curiositats\" \/><br \/>118<br \/>80<br \/>right<\/p>\n<p>Sabies qu\u00e8&#8230;?<br \/>\n<\/p>\n<h6>\n<p>Quan preparis el teu guacamole, pots deixar l\u2019\u00f3s de l\u2019alvocat submergit en aigua i aix\u00ed evitar\u00e0s l\u2019oxidaci\u00f3 del propi alvocat. Fins i tot pots deixar l\u2019\u00f3s submergit en un got amb aigua a casa teva, i emportar-te el teu guacamole per sopar a casa dels amics sense cap resta d\u2019\u00f2xid. El poder telequin\u00e8tic de l\u2019alvocat far\u00e0 tota la m\u00e0gia. <a href=\"https:\/\/www.google.com\/search?source=hp&amp;ei=-UE5XvqyG_GOlwT7nrKQAQ&amp;q=curiosidades+aguacate&amp;oq=curiosidades+aguacate&amp;gs_l=psy-ab.3..0j0i22i30.412.5752..5826...5.0..0.171.1875.25j1......0....1..gws-wiz.......0i131j0i10.6eaIUCSNvGM&amp;ved=0ahUKEwi6k8L30rfnAhVxx4UKHXuPDBIQ4dUDCAg&amp;uact=5\" target=\"new\" rel=\"noopener noreferrer\">Flipant, oi?<\/a><br \/>\n<br \/><\/h6>\n<p>left<br \/>no-repeat;left top;;<br \/>auto<br \/>0px<br \/>10px 0px 30px 0px<\/p>\n","protected":false},"excerpt":{"rendered":"<p>Contactar amb la nostra productora audiovisual Qu\u00e8, la liem plegats? centercenterno-repeat;left top;;auto0px Si vols contactar amb la nostra productora audiovisual, ens trobar\u00e0s a les nostres oficines<span class=\"excerpt-hellip\"> [\u2026]<\/span><\/p>\n","protected":false},"author":1,"featured_media":0,"parent":0,"menu_order":0,"comment_status":"closed","ping_status":"closed","template":"","meta":{"footnotes":""},"acf":[],"yoast_head":"<!-- This site is optimized with the Yoast SEO plugin v22.4 - https:\/\/yoast.com\/wordpress\/plugins\/seo\/ -->\n<title>Contactar amb la productora audiovisual Guacamole Media<\/title>\n<meta name=\"description\" content=\"Anima&#039;t a dir-nos hola! Contactar amb la nostra productora audiovisual \u00e9s un moment i descobrirem com podem col\u00b7laborar plegats en els teus projectes.\" \/>\n<meta name=\"robots\" content=\"index, follow, max-snippet:-1, max-image-preview:large, max-video-preview:-1\" \/>\n<link rel=\"canonical\" href=\"https:\/\/www.guacamole.media\/es\/contactar-productora-audiovisual\/\" \/>\n<meta property=\"og:locale\" content=\"es_ES\" \/>\n<meta property=\"og:type\" content=\"article\" \/>\n<meta property=\"og:title\" content=\"Contactar amb la productora audiovisual Guacamole Media\" \/>\n<meta property=\"og:description\" content=\"Anima&#039;t a dir-nos hola! Contactar amb la nostra productora audiovisual \u00e9s un moment i descobrirem com podem col\u00b7laborar plegats en els teus projectes.\" \/>\n<meta property=\"og:url\" content=\"https:\/\/www.guacamole.media\/es\/contactar-productora-audiovisual\/\" \/>\n<meta property=\"og:site_name\" content=\"Guacamole\" \/>\n<meta property=\"article:modified_time\" content=\"2021-12-28T12:25:50+00:00\" \/>\n<meta property=\"og:image\" content=\"http:\/\/www.guacamole.media\/wp-content\/uploads\/2020\/01\/guacamole-curiositats-1.png\" \/>\n<meta name=\"twitter:card\" content=\"summary_large_image\" \/>\n<meta name=\"twitter:label1\" content=\"Tiempo de lectura\" \/>\n\t<meta name=\"twitter:data1\" content=\"2 minutos\" \/>\n<script type=\"application\/ld+json\" class=\"yoast-schema-graph\">{\"@context\":\"https:\/\/schema.org\",\"@graph\":[{\"@type\":\"WebPage\",\"@id\":\"https:\/\/www.guacamole.media\/es\/contactar-productora-audiovisual\/\",\"url\":\"https:\/\/www.guacamole.media\/es\/contactar-productora-audiovisual\/\",\"name\":\"Contactar amb la productora audiovisual Guacamole Media\",\"isPartOf\":{\"@id\":\"https:\/\/www.guacamole.media\/es\/#website\"},\"primaryImageOfPage\":{\"@id\":\"https:\/\/www.guacamole.media\/es\/contactar-productora-audiovisual\/#primaryimage\"},\"image\":{\"@id\":\"https:\/\/www.guacamole.media\/es\/contactar-productora-audiovisual\/#primaryimage\"},\"thumbnailUrl\":\"http:\/\/www.guacamole.media\/wp-content\/uploads\/2020\/01\/guacamole-curiositats-1.png\",\"datePublished\":\"2020-05-07T15:57:42+00:00\",\"dateModified\":\"2021-12-28T12:25:50+00:00\",\"description\":\"Anima't a dir-nos hola! Contactar amb la nostra productora audiovisual \u00e9s un moment i descobrirem com podem col\u00b7laborar plegats en els teus projectes.\",\"breadcrumb\":{\"@id\":\"https:\/\/www.guacamole.media\/es\/contactar-productora-audiovisual\/#breadcrumb\"},\"inLanguage\":\"es\",\"potentialAction\":[{\"@type\":\"ReadAction\",\"target\":[\"https:\/\/www.guacamole.media\/es\/contactar-productora-audiovisual\/\"]}]},{\"@type\":\"ImageObject\",\"inLanguage\":\"es\",\"@id\":\"https:\/\/www.guacamole.media\/es\/contactar-productora-audiovisual\/#primaryimage\",\"url\":\"http:\/\/www.guacamole.media\/wp-content\/uploads\/2020\/01\/guacamole-curiositats-1.png\",\"contentUrl\":\"http:\/\/www.guacamole.media\/wp-content\/uploads\/2020\/01\/guacamole-curiositats-1.png\"},{\"@type\":\"BreadcrumbList\",\"@id\":\"https:\/\/www.guacamole.media\/es\/contactar-productora-audiovisual\/#breadcrumb\",\"itemListElement\":[{\"@type\":\"ListItem\",\"position\":1,\"name\":\"Portada\",\"item\":\"https:\/\/www.guacamole.media\/es\/\"},{\"@type\":\"ListItem\",\"position\":2,\"name\":\"Contacte\"}]},{\"@type\":\"WebSite\",\"@id\":\"https:\/\/www.guacamole.media\/es\/#website\",\"url\":\"https:\/\/www.guacamole.media\/es\/\",\"name\":\"Guacamole Productora Audiovisual\",\"description\":\"Productora Audiovisual\",\"potentialAction\":[{\"@type\":\"SearchAction\",\"target\":{\"@type\":\"EntryPoint\",\"urlTemplate\":\"https:\/\/www.guacamole.media\/es\/?s={search_term_string}\"},\"query-input\":\"required name=search_term_string\"}],\"inLanguage\":\"es\"}]}<\/script>\n<!-- \/ Yoast SEO plugin. -->","yoast_head_json":{"title":"Contactar amb la productora audiovisual Guacamole Media","description":"Anima't a dir-nos hola! Contactar amb la nostra productora audiovisual \u00e9s un moment i descobrirem com podem col\u00b7laborar plegats en els teus projectes.","robots":{"index":"index","follow":"follow","max-snippet":"max-snippet:-1","max-image-preview":"max-image-preview:large","max-video-preview":"max-video-preview:-1"},"canonical":"https:\/\/www.guacamole.media\/es\/contactar-productora-audiovisual\/","og_locale":"es_ES","og_type":"article","og_title":"Contactar amb la productora audiovisual Guacamole Media","og_description":"Anima't a dir-nos hola! Contactar amb la nostra productora audiovisual \u00e9s un moment i descobrirem com podem col\u00b7laborar plegats en els teus projectes.","og_url":"https:\/\/www.guacamole.media\/es\/contactar-productora-audiovisual\/","og_site_name":"Guacamole","article_modified_time":"2021-12-28T12:25:50+00:00","og_image":[{"url":"http:\/\/www.guacamole.media\/wp-content\/uploads\/2020\/01\/guacamole-curiositats-1.png"}],"twitter_card":"summary_large_image","twitter_misc":{"Tiempo de lectura":"2 minutos"},"schema":{"@context":"https:\/\/schema.org","@graph":[{"@type":"WebPage","@id":"https:\/\/www.guacamole.media\/es\/contactar-productora-audiovisual\/","url":"https:\/\/www.guacamole.media\/es\/contactar-productora-audiovisual\/","name":"Contactar amb la productora audiovisual Guacamole Media","isPartOf":{"@id":"https:\/\/www.guacamole.media\/es\/#website"},"primaryImageOfPage":{"@id":"https:\/\/www.guacamole.media\/es\/contactar-productora-audiovisual\/#primaryimage"},"image":{"@id":"https:\/\/www.guacamole.media\/es\/contactar-productora-audiovisual\/#primaryimage"},"thumbnailUrl":"http:\/\/www.guacamole.media\/wp-content\/uploads\/2020\/01\/guacamole-curiositats-1.png","datePublished":"2020-05-07T15:57:42+00:00","dateModified":"2021-12-28T12:25:50+00:00","description":"Anima't a dir-nos hola! Contactar amb la nostra productora audiovisual \u00e9s un moment i descobrirem com podem col\u00b7laborar plegats en els teus projectes.","breadcrumb":{"@id":"https:\/\/www.guacamole.media\/es\/contactar-productora-audiovisual\/#breadcrumb"},"inLanguage":"es","potentialAction":[{"@type":"ReadAction","target":["https:\/\/www.guacamole.media\/es\/contactar-productora-audiovisual\/"]}]},{"@type":"ImageObject","inLanguage":"es","@id":"https:\/\/www.guacamole.media\/es\/contactar-productora-audiovisual\/#primaryimage","url":"http:\/\/www.guacamole.media\/wp-content\/uploads\/2020\/01\/guacamole-curiositats-1.png","contentUrl":"http:\/\/www.guacamole.media\/wp-content\/uploads\/2020\/01\/guacamole-curiositats-1.png"},{"@type":"BreadcrumbList","@id":"https:\/\/www.guacamole.media\/es\/contactar-productora-audiovisual\/#breadcrumb","itemListElement":[{"@type":"ListItem","position":1,"name":"Portada","item":"https:\/\/www.guacamole.media\/es\/"},{"@type":"ListItem","position":2,"name":"Contacte"}]},{"@type":"WebSite","@id":"https:\/\/www.guacamole.media\/es\/#website","url":"https:\/\/www.guacamole.media\/es\/","name":"Guacamole Productora Audiovisual","description":"Productora Audiovisual","potentialAction":[{"@type":"SearchAction","target":{"@type":"EntryPoint","urlTemplate":"https:\/\/www.guacamole.media\/es\/?s={search_term_string}"},"query-input":"required name=search_term_string"}],"inLanguage":"es"}]}},"_links":{"self":[{"href":"https:\/\/www.guacamole.media\/es\/wp-json\/wp\/v2\/pages\/1171"}],"collection":[{"href":"https:\/\/www.guacamole.media\/es\/wp-json\/wp\/v2\/pages"}],"about":[{"href":"https:\/\/www.guacamole.media\/es\/wp-json\/wp\/v2\/types\/page"}],"author":[{"embeddable":true,"href":"https:\/\/www.guacamole.media\/es\/wp-json\/wp\/v2\/users\/1"}],"replies":[{"embeddable":true,"href":"https:\/\/www.guacamole.media\/es\/wp-json\/wp\/v2\/comments?post=1171"}],"version-history":[{"count":1,"href":"https:\/\/www.guacamole.media\/es\/wp-json\/wp\/v2\/pages\/1171\/revisions"}],"predecessor-version":[{"id":1173,"href":"https:\/\/www.guacamole.media\/es\/wp-json\/wp\/v2\/pages\/1171\/revisions\/1173"}],"wp:attachment":[{"href":"https:\/\/www.guacamole.media\/es\/wp-json\/wp\/v2\/media?parent=1171"}],"curies":[{"name":"wp","href":"https:\/\/api.w.org\/{rel}","templated":true}]}}