{"id":1196,"date":"2021-02-28T18:18:27","date_gmt":"2021-02-28T18:18:27","guid":{"rendered":"https:\/\/www.guacamole.media\/gravacio-desdeveniments-i-espectacles\/"},"modified":"2024-10-09T16:56:45","modified_gmt":"2024-10-09T16:56:45","slug":"grabacion-eventos-y-espectaculos","status":"publish","type":"page","link":"https:\/\/www.guacamole.media\/es\/grabacion-eventos-y-espectaculos\/","title":{"rendered":"Producci\u00f3n audiovisual i grabaci\u00f3n de eventos y espect\u00e1culos"},"content":{"rendered":"<h1>Producci\u00f3n audiovisual i grabaci\u00f3n de eventos y espect\u00e1culos<\/h1>\n<p>Sue\u00f1a a lo grande y aprovecha las posibilidades del streaming y de la producci\u00f3n audiovisual para que nadie se quede sin saber de ti.<br \/>no-repeat;left top;;<br \/>auto<\/p>\n<p>no-repeat;left top;;<br \/>auto<\/p>\n<h1>Producci\u00f3n audiovisual i grabaci\u00f3n de eventos y espect\u00e1culos<\/h1>\n<p>Sue\u00f1a a lo grande y aprovecha las posibilidades del streaming y de la producci\u00f3n audiovisual para que nadie se quede sin saber de ti.<\/p>\n<p>center<br \/>no-repeat;left top;;<br \/>auto<br \/>0% 7% 0% 7%<br \/>fadeIn<\/p>\n<p>Abre una ventana al mundo<br \/>\n<\/p>\n<h2>Grabaci\u00f3n y streaming de seminarios, conferencias y presentaciones.<\/h2>\n<p>Una conferencia, un taller online, una presentaci\u00f3n, un seminario, talks empresariales, una feria de primer nivel\u2026 Te podemos dar plena cobertura para la grabaci\u00f3n de cualquier evento que quieras ense\u00f1ar retransmitir. Disponemos de log\u00edstica para realizar grabaciones multic\u00e1mara y entregar un producto final que se adapte a un proyecto audiovisual con m\u00faltiples posibilidades de difusi\u00f3n. Adem\u00e1s, no importa d\u00f3nde se celebre tu evento, ya que nosotros tenemos capacidad de desplazamiento y te podemos acompa\u00f1ar all\u00ed d\u00f3nde vayas con todo el equipo y recursos necesarios. M\u00e1s f\u00e1cil, no te lo podemos poner.<\/p>\n<p><\/p>\n<h3><a href=\"https:\/\/www.guacamole.media\/streaming-per-a-empreses\/\">M\u00e1s informaci\u00f3n sobre streaming para empresas<\/a><\/h3>\n<p>no-repeat;center top;;<br \/>auto<br \/>fadeInLeft<br \/>separacio_text<\/p>\n<p><img decoding=\"async\" src=\"https:\/\/www.guacamole.media\/wp-content\/uploads\/2021\/02\/gravacio-streaming-seminaris-conferencies-presentacions.jpg\" alt=\"Gravaci\u00f3 d'esdeveniments\" \/><br \/>center<br \/>fadeInRight<\/p>\n<p><img decoding=\"async\" src=\"https:\/\/www.guacamole.media\/wp-content\/uploads\/2021\/02\/gravacio-streaming-seminaris-conferencies-presentacions-mobile.jpg\" alt=\"Gravaci\u00f3 d'esdeveniments\" \/><\/p>\n<p>Abre una ventana al mundo<br \/>\n<\/p>\n<h2>Grabaci\u00f3n y streaming de seminarios, conferencias y presentaciones.<\/h2>\n<p>Una conferencia, un taller online, una presentaci\u00f3n, un seminario, talks empresariales, una feria de primer nivel\u2026 Te podemos dar plena cobertura para la grabaci\u00f3n de cualquier evento que quieras ense\u00f1ar retransmitir. Disponemos de log\u00edstica para realizar grabaciones multic\u00e1mara y entregar un producto final que se adapte a un proyecto audiovisual con m\u00faltiples posibilidades de difusi\u00f3n. Adem\u00e1s, no importa d\u00f3nde se celebre tu evento, ya que nosotros tenemos capacidad de desplazamiento y te podemos acompa\u00f1ar all\u00ed d\u00f3nde vayas con todo el equipo y recursos necesarios. M\u00e1s f\u00e1cil, no te lo podemos poner.<\/p>\n<h3><a href=\"https:\/\/www.guacamole.media\/streaming-per-a-empreses\/\">M\u00e1s informaci\u00f3n sobre streaming para empresas<\/a><\/h3>\n<p>no-repeat;left top;;<br \/>auto<\/p>\n<p><img decoding=\"async\" src=\"https:\/\/www.guacamole.media\/wp-content\/uploads\/2021\/02\/videos-formatius-per-formacio-a-distancia-cursos-tallers.jpg\" alt=\"V\u00eddeos formatius per formaci\u00f3 a dist\u00e0ncia, cursos i tallers\" \/><br \/>center<br \/>fadeInLeft<\/p>\n<p>Que nadie se quede sin aprender de ti<br \/>\n<\/p>\n<h2>Videos formativos para formaci\u00f3n a distancia, cursos y talleres.<\/h2>\n<p>Ayudamos a dar el paso a todos aquellos valientes que se atrevan a romper la barrera de la presencialidad y quieran hacer llegar sus contenidos de una manera atractiva y eficiente. Nos ajustamos a todos los proyectos y trabajamos para que los v\u00eddeos para formaci\u00f3n sean un \u00e9xito. Podemos grabar una masterclass, un tallar o un curso completo. Haremos que tus v\u00eddeos formativos se ajusten a la idea de tu proyecto y todo el mundo quiera repetir. Y si es necesario, te ayudaremos a realizar v\u00eddeos en directo y a convertir el streaming en una ventana m\u00e1s de tu negocio. El v\u00eddeo es un recurso insuperable cu\u00e1ndo queremos ofrecer contenido formativo de calidad para tu p\u00fablico y que te ayude a diferenciar de toda tu competencia.<\/p>\n<p>no-repeat;center top;;<br \/>auto<br \/>fadeInRight<\/p>\n<p><img decoding=\"async\" src=\"https:\/\/www.guacamole.media\/wp-content\/uploads\/2021\/02\/videos-formatius-per-formacio-a-distancia-cursos-tallers-mobile.jpg\" alt=\"V\u00eddeos formatius per formaci\u00f3 a dist\u00e0ncia, cursos i tallers\" \/><\/p>\n<p>Que nadie se quede sin aprender de ti<br \/>\n<\/p>\n<h2>Videos formativos para formaci\u00f3n a distancia, cursos y talleres.<\/h2>\n<p>Ayudamos a dar el paso a todos aquellos valientes que se atrevan a romper la barrera de la presencialidad y quieran hacer llegar sus contenidos de una manera atractiva y eficiente. Nos ajustamos a todos los proyectos y trabajamos para que los v\u00eddeos para formaci\u00f3n sean un \u00e9xito. Podemos grabar una masterclass, un tallar o un curso completo. Haremos que tus v\u00eddeos formativos se ajusten a la idea de tu proyecto y todo el mundo quiera repetir. Y si es necesario, te ayudaremos a realizar v\u00eddeos en directo y a convertir el streaming en una ventana m\u00e1s de tu negocio. El v\u00eddeo es un recurso insuperable cu\u00e1ndo queremos ofrecer contenido formativo de calidad para tu p\u00fablico y que te ayude a diferenciar de toda tu competencia.<\/p>\n<p>no-repeat;left top;;<br \/>auto<\/p>\n<p>La pel\u00edcula que se merece tu espect\u00e1culo<br \/>\n<\/p>\n<h2>Grabaci\u00f3n de eventos y producci\u00f3n audiovisual de eventos y espect\u00e1culos.<\/h2>\n<p>Nos encanta implicarnos en el desarrollo creativo de espect\u00e1culos en directo (desde conciertos hasta teatro) y generar producciones audiovisuales que se integren est\u00e9tica y conceptualmente con cada proyecto. Y si quieres organizar una fiesta incre\u00edble, no dejes que caiga en el olvido. Nosotros te ofrecemos la posibilidad de convertir los recuerdos de tu celebraci\u00f3n en una producci\u00f3n audiovisual con todos los recursos cinematogr\u00e1ficos que te puedas imaginar. Simplemente dinos d\u00f3nde y a que hora es la fiesta, y nosotros nos encargaremos de todos. Somos expertos en la grabaci\u00f3n de eventos y trabajamos para festivales de m\u00fasica, conciertos, productoras de teatro, celebraciones multitudinarias, actos populares\u2026.<\/p>\n<p>no-repeat;center top;;<br \/>auto<br \/>fadeInLeft<br \/>separacio_text<\/p>\n<p><img decoding=\"async\" src=\"https:\/\/www.guacamole.media\/wp-content\/uploads\/2020\/09\/videos-per-pagines-web-i-xarxes-socials.jpg\" alt=\"V\u00eddeos per a p\u00e0gines web i xarxes socials\" \/><br \/>center<br \/>fadeInRight<\/p>\n<p><img decoding=\"async\" src=\"https:\/\/www.guacamole.media\/wp-content\/uploads\/2020\/09\/videos-per-pagines-web-i-xarxes-socials-mb.jpg\" alt=\"V\u00eddeos per a p\u00e0gines web i xarxes socials\" \/><\/p>\n<p>La pel\u00edcula que se merece tu espect\u00e1culo<br \/>\n<\/p>\n<h2>Grabaci\u00f3n de eventos y producci\u00f3n audiovisual de eventos y espect\u00e1culos.<\/h2>\n<p>Nos encanta implicarnos en el desarrollo creativo de espect\u00e1culos en directo (desde conciertos hasta teatro) y generar producciones audiovisuales que se integren est\u00e9tica y conceptualmente con cada proyecto. Y si quieres organizar una fiesta incre\u00edble, no dejes que caiga en el olvido. Nosotros te ofrecemos la posibilidad de convertir los recuerdos de tu celebraci\u00f3n en una producci\u00f3n audiovisual con todos los recursos cinematogr\u00e1ficos que te puedas imaginar. Simplemente dinos d\u00f3nde y a que hora es la fiesta, y nosotros nos encargaremos de todos. Somos expertos en la grabaci\u00f3n de eventos y trabajamos para festivales de m\u00fasica, conciertos, productoras de teatro, celebraciones multitudinarias, actos populares\u2026.  <\/p>\n<p>no-repeat;left top;;<br \/>auto<\/p>\n<h3>Desde nuestra productora audiovisual te podemos ayudar en:<\/h3>\n<p>center<br \/>no-repeat;left top;;<br \/>auto<br \/>0px<br \/>10px 0px 0px 0px<br \/>fadeInDown<\/p>\n<p><\/p>\n<h3>Servicios de streaming para seminarios, conferencias, presentaciones, cursos y cualquier tipo de evento p\u00fablico y\/o privado. <\/h3>\n<p><\/p>\n<h3>Producci\u00f3n audiovisual para espect\u00e1culos en directo: m\u00fasica, teatro, eventos deportivos y eventos comerciales. <\/h3>\n<p>left<br \/>no-repeat;left top;;<br \/>auto<br \/>30px 10px 50px 0px<br \/>fadeInUp<\/p>\n<p><\/p>\n<h3>Grabaci\u00f3n y edici\u00f3n de v\u00eddeos para formaci\u00f3n, cursos, talleres, tutoriales y cualquier evento de tipo formativo. <\/h3>\n<p><\/p>\n<h3>Aftermovies, comunicaci\u00f3n audiovisual y management de recursos audiovisuales para festivales de m\u00fasica y espect\u00e1culos. <\/h3>\n<p>left<br \/>no-repeat;left top;;<br \/>auto<br \/>30px 10px 50px 0px<br \/>fadeInUp<br \/>separacio_text2<\/p>\n<p><\/p>\n<h3>Asesoramiento audiovisual para la realizaci\u00f3n p\u00fablica y\/o privada de eventos informativos. <\/h3>\n<p><\/p>\n<h3>Producci\u00f3n y realizaci\u00f3n audiovisual integral para ferias, eventos multitudinarios y grandes celebraciones. <\/h3>\n<p>left<br \/>no-repeat;left top;;<br \/>auto<br \/>30px 10px 50px 0px<br \/>fadeInUp<br \/>separacio_text2<\/p>\n<h3>Desde nuestra productora audiovisual te podemos ayudar en:<\/h3>\n<p>left<br \/>no-repeat;left top;;<br \/>auto<br \/>0px<\/p>\n<h3><i class=\"\" style=\"\" aria-hidden=\"true\"><\/i> Servicios de streaming para seminarios, conferencias, presentaciones, cursos y cualquier tipo de evento p\u00fablico y\/o privado. <\/h3>\n<p><\/p>\n<h3><i class=\"\" style=\"\" aria-hidden=\"true\"><\/i> Producci\u00f3n audiovisual para espect\u00e1culos en directo: m\u00fasica, teatro, eventos deportivos y eventos comerciales. <\/h3>\n<p><\/p>\n<h3><i class=\"\" style=\"\" aria-hidden=\"true\"><\/i> Grabaci\u00f3n y edici\u00f3n de v\u00eddeos para formaci\u00f3n, cursos, talleres, tutoriales y cualquier evento de tipo formativo. <\/h3>\n<p><\/p>\n<h3><i class=\"\" style=\"\" aria-hidden=\"true\"><\/i> Aftermovies, comunicaci\u00f3n audiovisual y management de recursos audiovisuales para festivales de m\u00fasica y espect\u00e1culos. <\/h3>\n<p><\/p>\n<h3><i class=\"\" style=\"\" aria-hidden=\"true\"><\/i> Asesoramiento audiovisual para la realizaci\u00f3n p\u00fablica y\/o privada de eventos informativos. <\/h3>\n<p><\/p>\n<h3><i class=\"\" style=\"\" aria-hidden=\"true\"><\/i> Producci\u00f3n y realizaci\u00f3n audiovisual integral para ferias, eventos multitudinarios y grandes celebraciones. <\/h3>\n<p>left<br \/>no-repeat;left top;;<br \/>auto<\/p>\n<h2> \u00bfTe apuntas? Expl\u00edcanos que tienes pensado.<\/h2>\n<p>Nos encantar\u00eda saber que tienes en mente, saber que loca idea quieres hacer andar. Tenemos todos los recursos para tirar adelante tu proyecto, ayudarte a vender y posicionar tu producto o servicio. Ponte en contacte con nosotros, sin ning\u00fan compromiso y pensaremos todas las f\u00f3rmulas posibles para poder colaborar conjuntamente.<\/p>\n<p>center<br \/>no-repeat;center top;;<br \/>auto<br \/>20px<br \/>fadeIn<\/p>\n<p>Contacta con nosotros<br \/><a href=\"https:\/\/www.guacamole.media\/es\/contactar-productora-audiovisual\/#form\">https:\/\/www.guacamole.media\/es\/contactar-productora-audiovisual\/#form<\/a><br \/>center<br \/>icon-phone<br \/>right<br \/>#7fd8a1<br \/>#ffffff<br \/>3<\/p>\n<h2> \u00bfTe apuntas? Expl\u00edcanos que tienes pensado.<\/h2>\n<p>Nos encantar\u00eda saber que tienes en mente, saber que loca idea quieres hacer andar. Tenemos todos los recursos para tirar adelante tu proyecto, ayudarte a vender y posicionar tu producto o servicio. Ponte en contacte con nosotros, sin ning\u00fan compromiso y pensaremos todas las f\u00f3rmulas posibles para poder colaborar conjuntamente.<\/p>\n<p>no-repeat;center top;;<br \/>auto<\/p>\n<p>Contacta con nosotros<br \/><a href=\"https:\/\/www.guacamole.media\/es\/contactar-productora-audiovisual\/#form\">https:\/\/www.guacamole.media\/es\/contactar-productora-audiovisual\/#form<\/a><br \/>center<br \/>icon-phone<br \/>right<br \/>#7fd8a1<br \/>#ffffff<br \/>3<\/p>\n<h3>Productora local y global<\/h3>\n<p>Guacamole es una productora audiovisual con oficinas en Manresa (Bages) y Sabadell (Vall\u00e8s Occidental), situadas en el centro de Catalunya. Ofrecemos nuestros servicios para la producci\u00f3n audiovisual de v\u00eddeos corporativos para empresas en zonas como Barcelona (Barcelon\u00e8s), Girona (Giron\u00e8s), Tarragona (Tarragon\u00e8s), Lleida (Segri\u00e0), Terrassa, Vic (Osona), Matar\u00f3 (Maresme), Reus (Baix Camp), Granollers (Vall\u00e8s Oriental), Igualada (La Anoia) y en todo el pa\u00eds. Te ofrecemos servicios audiovisuales completos para la producci\u00f3n audiovisual de spots, branding audiovisual, v\u00eddeos corporativos de empresa, v\u00eddeos para redes sociales y fotograf\u00eda, entre muchos otros. \u00bfTe animas?<\/p>\n<p>center<br \/>no-repeat;center top;;<br \/>auto<br \/>10px 0px 50px 0px<\/p>\n<h3>Productora local y global<\/h3>\n<p>Guacamole es una productora audiovisual con oficinas en Manresa (Bages) y Sabadell (Vall\u00e8s Occidental), situadas en el centro de Catalunya. Ofrecemos nuestros servicios para la producci\u00f3n audiovisual de v\u00eddeos corporativos para empresas en zonas como Barcelona (Barcelon\u00e8s), Girona (Giron\u00e8s), Tarragona (Tarragon\u00e8s), Lleida (Segri\u00e0), Terrassa, Vic (Osona), Matar\u00f3 (Maresme), Reus (Baix Camp), Granollers (Vall\u00e8s Oriental), Igualada (La Anoia) y en todo el pa\u00eds. Te ofrecemos servicios audiovisuales completos para la producci\u00f3n audiovisual de spots, branding audiovisual, v\u00eddeos corporativos de empresa, v\u00eddeos para redes sociales y fotograf\u00eda, entre muchos otros. \u00bfTe animas?<\/p>\n<p>center<br \/>no-repeat;center top;;<br \/>auto<br \/>10px 0px 50px 0px<\/p>\n<p><img decoding=\"async\" src=\"https:\/\/www.guacamole.media\/wp-content\/uploads\/2020\/01\/guacamole-curiositats-1.png\" alt=\"guacamole-curiositats\" \/><br \/>118<br \/>80<br \/>right<\/p>\n<p>Sabies qu\u00e8&#8230;?<br \/>\n<\/p>\n<h6>\n<p>El nombre original de \u201cguacamole\u201d proviene del teme n\u00e1huatl (lengua originaria del castellano de M\u00e9xico) Ahuacamolli. B\u00e1sicamente, es la fusi\u00f3n al castellano de dos de sus principales ingredientes, el ahuacatl (aaguacate) y el molli (originalmente el mole o salsa). <a href=\"https:\/\/www.google.es\/search?client=safari&amp;sxsrf=ALeKk02f_IjbnsIIGCII07-enhZk3H4Tpg%3A1599906715908&amp;source=hp&amp;ei=m6NcX6ucNMqalwSdubiwAg&amp;q=curiosidades+guacamole&amp;oq=curios&amp;gs_lcp=CgZwc3ktYWIQAxgAMgQIIxAnMgcIABCxAxBDMgcIABCxAxBDMgoIABCxAxAUEIcCMgUIABCxAzIFCAAQsQMyBQgAELEDMgIIADICCAAyAggAOgYIIxAnEBM6CAgAELEDEIMBOgcIIxDqAhAnOgQIABBDUIQKWKkgYPImaANwAHgAgAGkAogBnAmSAQU1LjMuMZgBAKABAaoBB2d3cy13aXqwAQo&amp;sclient=psy-ab\" target=\"new\" rel=\"noopener noreferrer\">Flipant, oi?<\/a><br \/>\n<br \/><\/h6>\n<p>left<br \/>no-repeat;center top;;<br \/>auto<br \/>0px<br \/>10px 0px 30px 0px<\/p>\n<p><img decoding=\"async\" src=\"https:\/\/www.guacamole.media\/wp-content\/uploads\/2020\/01\/guacamole-curiositats-1.png\" alt=\"guacamole-curiositats\" \/><br \/>118<br \/>80<br \/>right<\/p>\n<p>Sabies qu\u00e8&#8230;?<br \/>\n<\/p>\n<h6>\n<p>El nombre original de \u201cguacamole\u201d proviene del teme n\u00e1huatl (lengua originaria del castellano de M\u00e9xico) Ahuacamolli. B\u00e1sicamente, es la fusi\u00f3n al castellano de dos de sus principales ingredientes, el ahuacatl (aaguacate) y el molli (originalmente el mole o salsa). <a href=\"https:\/\/www.google.es\/search?client=safari&amp;sxsrf=ALeKk02f_IjbnsIIGCII07-enhZk3H4Tpg%3A1599906715908&amp;source=hp&amp;ei=m6NcX6ucNMqalwSdubiwAg&amp;q=curiosidades+guacamole&amp;oq=curios&amp;gs_lcp=CgZwc3ktYWIQAxgAMgQIIxAnMgcIABCxAxBDMgcIABCxAxBDMgoIABCxAxAUEIcCMgUIABCxAzIFCAAQsQMyBQgAELEDMgIIADICCAAyAggAOgYIIxAnEBM6CAgAELEDEIMBOgcIIxDqAhAnOgQIABBDUIQKWKkgYPImaANwAHgAgAGkAogBnAmSAQU1LjMuMZgBAKABAaoBB2d3cy13aXqwAQo&amp;sclient=psy-ab\" target=\"new\" rel=\"noopener noreferrer\">Flipant, oi?<\/a><br \/>\n<br \/><\/h6>\n<p>left<br \/>no-repeat;center top;;<br \/>auto<br \/>0px<br \/>10px 0px 30px 0px<\/p>\n","protected":false},"excerpt":{"rendered":"<p>Producci\u00f3n audiovisual i grabaci\u00f3n de eventos y espect\u00e1culos Sue\u00f1a a lo grande y aprovecha las posibilidades del streaming y de la producci\u00f3n audiovisual para que nadie<span class=\"excerpt-hellip\"> [\u2026]<\/span><\/p>\n","protected":false},"author":1,"featured_media":0,"parent":0,"menu_order":0,"comment_status":"closed","ping_status":"closed","template":"","meta":{"footnotes":""},"acf":[],"yoast_head":"<!-- This site is optimized with the Yoast SEO plugin v22.4 - https:\/\/yoast.com\/wordpress\/plugins\/seo\/ -->\n<title>Grabaci\u00f3n de eventos y producci\u00f3n audiovisual de espect\u00e1culos<\/title>\n<meta name=\"description\" content=\"Producci\u00f3n audiovisual, realizaci\u00f3n y grabaci\u00f3n de eventos y espect\u00e1culos. Abre una ventana al mundo y multiplica tu exposici\u00f3n.\" \/>\n<meta name=\"robots\" content=\"index, follow, max-snippet:-1, max-image-preview:large, max-video-preview:-1\" \/>\n<link rel=\"canonical\" href=\"https:\/\/www.guacamole.media\/es\/grabacion-eventos-y-espectaculos\/\" \/>\n<meta property=\"og:locale\" content=\"es_ES\" \/>\n<meta property=\"og:type\" content=\"article\" \/>\n<meta property=\"og:title\" content=\"Grabaci\u00f3n de eventos y producci\u00f3n audiovisual de espect\u00e1culos\" \/>\n<meta property=\"og:description\" content=\"Producci\u00f3n audiovisual, realizaci\u00f3n y grabaci\u00f3n de eventos y espect\u00e1culos. Abre una ventana al mundo y multiplica tu exposici\u00f3n.\" \/>\n<meta property=\"og:url\" content=\"https:\/\/www.guacamole.media\/es\/grabacion-eventos-y-espectaculos\/\" \/>\n<meta property=\"og:site_name\" content=\"Guacamole\" \/>\n<meta property=\"article:modified_time\" content=\"2024-10-09T16:56:45+00:00\" \/>\n<meta property=\"og:image\" content=\"https:\/\/www.guacamole.media\/wp-content\/uploads\/2021\/02\/gravacio-streaming-seminaris-conferencies-presentacions.jpg\" \/>\n<meta name=\"twitter:card\" content=\"summary_large_image\" \/>\n<meta name=\"twitter:label1\" content=\"Tiempo de lectura\" \/>\n\t<meta name=\"twitter:data1\" content=\"9 minutos\" \/>\n<script type=\"application\/ld+json\" class=\"yoast-schema-graph\">{\"@context\":\"https:\/\/schema.org\",\"@graph\":[{\"@type\":\"WebPage\",\"@id\":\"https:\/\/www.guacamole.media\/es\/grabacion-eventos-y-espectaculos\/\",\"url\":\"https:\/\/www.guacamole.media\/es\/grabacion-eventos-y-espectaculos\/\",\"name\":\"Grabaci\u00f3n de eventos y producci\u00f3n audiovisual de espect\u00e1culos\",\"isPartOf\":{\"@id\":\"https:\/\/www.guacamole.media\/es\/#website\"},\"primaryImageOfPage\":{\"@id\":\"https:\/\/www.guacamole.media\/es\/grabacion-eventos-y-espectaculos\/#primaryimage\"},\"image\":{\"@id\":\"https:\/\/www.guacamole.media\/es\/grabacion-eventos-y-espectaculos\/#primaryimage\"},\"thumbnailUrl\":\"https:\/\/www.guacamole.media\/wp-content\/uploads\/2021\/02\/gravacio-streaming-seminaris-conferencies-presentacions.jpg\",\"datePublished\":\"2021-02-28T18:18:27+00:00\",\"dateModified\":\"2024-10-09T16:56:45+00:00\",\"description\":\"Producci\u00f3n audiovisual, realizaci\u00f3n y grabaci\u00f3n de eventos y espect\u00e1culos. Abre una ventana al mundo y multiplica tu exposici\u00f3n.\",\"breadcrumb\":{\"@id\":\"https:\/\/www.guacamole.media\/es\/grabacion-eventos-y-espectaculos\/#breadcrumb\"},\"inLanguage\":\"es\",\"potentialAction\":[{\"@type\":\"ReadAction\",\"target\":[\"https:\/\/www.guacamole.media\/es\/grabacion-eventos-y-espectaculos\/\"]}]},{\"@type\":\"ImageObject\",\"inLanguage\":\"es\",\"@id\":\"https:\/\/www.guacamole.media\/es\/grabacion-eventos-y-espectaculos\/#primaryimage\",\"url\":\"https:\/\/www.guacamole.media\/wp-content\/uploads\/2021\/02\/gravacio-streaming-seminaris-conferencies-presentacions.jpg\",\"contentUrl\":\"https:\/\/www.guacamole.media\/wp-content\/uploads\/2021\/02\/gravacio-streaming-seminaris-conferencies-presentacions.jpg\"},{\"@type\":\"BreadcrumbList\",\"@id\":\"https:\/\/www.guacamole.media\/es\/grabacion-eventos-y-espectaculos\/#breadcrumb\",\"itemListElement\":[{\"@type\":\"ListItem\",\"position\":1,\"name\":\"Portada\",\"item\":\"https:\/\/www.guacamole.media\/es\/\"},{\"@type\":\"ListItem\",\"position\":2,\"name\":\"Producci\u00f3n audiovisual i grabaci\u00f3n de eventos y espect\u00e1culos\"}]},{\"@type\":\"WebSite\",\"@id\":\"https:\/\/www.guacamole.media\/es\/#website\",\"url\":\"https:\/\/www.guacamole.media\/es\/\",\"name\":\"Guacamole Productora Audiovisual\",\"description\":\"Productora Audiovisual\",\"potentialAction\":[{\"@type\":\"SearchAction\",\"target\":{\"@type\":\"EntryPoint\",\"urlTemplate\":\"https:\/\/www.guacamole.media\/es\/?s={search_term_string}\"},\"query-input\":\"required name=search_term_string\"}],\"inLanguage\":\"es\"}]}<\/script>\n<!-- \/ Yoast SEO plugin. -->","yoast_head_json":{"title":"Grabaci\u00f3n de eventos y producci\u00f3n audiovisual de espect\u00e1culos","description":"Producci\u00f3n audiovisual, realizaci\u00f3n y grabaci\u00f3n de eventos y espect\u00e1culos. Abre una ventana al mundo y multiplica tu exposici\u00f3n.","robots":{"index":"index","follow":"follow","max-snippet":"max-snippet:-1","max-image-preview":"max-image-preview:large","max-video-preview":"max-video-preview:-1"},"canonical":"https:\/\/www.guacamole.media\/es\/grabacion-eventos-y-espectaculos\/","og_locale":"es_ES","og_type":"article","og_title":"Grabaci\u00f3n de eventos y producci\u00f3n audiovisual de espect\u00e1culos","og_description":"Producci\u00f3n audiovisual, realizaci\u00f3n y grabaci\u00f3n de eventos y espect\u00e1culos. Abre una ventana al mundo y multiplica tu exposici\u00f3n.","og_url":"https:\/\/www.guacamole.media\/es\/grabacion-eventos-y-espectaculos\/","og_site_name":"Guacamole","article_modified_time":"2024-10-09T16:56:45+00:00","og_image":[{"url":"https:\/\/www.guacamole.media\/wp-content\/uploads\/2021\/02\/gravacio-streaming-seminaris-conferencies-presentacions.jpg"}],"twitter_card":"summary_large_image","twitter_misc":{"Tiempo de lectura":"9 minutos"},"schema":{"@context":"https:\/\/schema.org","@graph":[{"@type":"WebPage","@id":"https:\/\/www.guacamole.media\/es\/grabacion-eventos-y-espectaculos\/","url":"https:\/\/www.guacamole.media\/es\/grabacion-eventos-y-espectaculos\/","name":"Grabaci\u00f3n de eventos y producci\u00f3n audiovisual de espect\u00e1culos","isPartOf":{"@id":"https:\/\/www.guacamole.media\/es\/#website"},"primaryImageOfPage":{"@id":"https:\/\/www.guacamole.media\/es\/grabacion-eventos-y-espectaculos\/#primaryimage"},"image":{"@id":"https:\/\/www.guacamole.media\/es\/grabacion-eventos-y-espectaculos\/#primaryimage"},"thumbnailUrl":"https:\/\/www.guacamole.media\/wp-content\/uploads\/2021\/02\/gravacio-streaming-seminaris-conferencies-presentacions.jpg","datePublished":"2021-02-28T18:18:27+00:00","dateModified":"2024-10-09T16:56:45+00:00","description":"Producci\u00f3n audiovisual, realizaci\u00f3n y grabaci\u00f3n de eventos y espect\u00e1culos. Abre una ventana al mundo y multiplica tu exposici\u00f3n.","breadcrumb":{"@id":"https:\/\/www.guacamole.media\/es\/grabacion-eventos-y-espectaculos\/#breadcrumb"},"inLanguage":"es","potentialAction":[{"@type":"ReadAction","target":["https:\/\/www.guacamole.media\/es\/grabacion-eventos-y-espectaculos\/"]}]},{"@type":"ImageObject","inLanguage":"es","@id":"https:\/\/www.guacamole.media\/es\/grabacion-eventos-y-espectaculos\/#primaryimage","url":"https:\/\/www.guacamole.media\/wp-content\/uploads\/2021\/02\/gravacio-streaming-seminaris-conferencies-presentacions.jpg","contentUrl":"https:\/\/www.guacamole.media\/wp-content\/uploads\/2021\/02\/gravacio-streaming-seminaris-conferencies-presentacions.jpg"},{"@type":"BreadcrumbList","@id":"https:\/\/www.guacamole.media\/es\/grabacion-eventos-y-espectaculos\/#breadcrumb","itemListElement":[{"@type":"ListItem","position":1,"name":"Portada","item":"https:\/\/www.guacamole.media\/es\/"},{"@type":"ListItem","position":2,"name":"Producci\u00f3n audiovisual i grabaci\u00f3n de eventos y espect\u00e1culos"}]},{"@type":"WebSite","@id":"https:\/\/www.guacamole.media\/es\/#website","url":"https:\/\/www.guacamole.media\/es\/","name":"Guacamole Productora Audiovisual","description":"Productora Audiovisual","potentialAction":[{"@type":"SearchAction","target":{"@type":"EntryPoint","urlTemplate":"https:\/\/www.guacamole.media\/es\/?s={search_term_string}"},"query-input":"required name=search_term_string"}],"inLanguage":"es"}]}},"_links":{"self":[{"href":"https:\/\/www.guacamole.media\/es\/wp-json\/wp\/v2\/pages\/1196"}],"collection":[{"href":"https:\/\/www.guacamole.media\/es\/wp-json\/wp\/v2\/pages"}],"about":[{"href":"https:\/\/www.guacamole.media\/es\/wp-json\/wp\/v2\/types\/page"}],"author":[{"embeddable":true,"href":"https:\/\/www.guacamole.media\/es\/wp-json\/wp\/v2\/users\/1"}],"replies":[{"embeddable":true,"href":"https:\/\/www.guacamole.media\/es\/wp-json\/wp\/v2\/comments?post=1196"}],"version-history":[{"count":3,"href":"https:\/\/www.guacamole.media\/es\/wp-json\/wp\/v2\/pages\/1196\/revisions"}],"predecessor-version":[{"id":1200,"href":"https:\/\/www.guacamole.media\/es\/wp-json\/wp\/v2\/pages\/1196\/revisions\/1200"}],"wp:attachment":[{"href":"https:\/\/www.guacamole.media\/es\/wp-json\/wp\/v2\/media?parent=1196"}],"curies":[{"name":"wp","href":"https:\/\/api.w.org\/{rel}","templated":true}]}}