{"id":1201,"date":"2021-03-19T19:27:12","date_gmt":"2021-03-19T19:27:12","guid":{"rendered":"https:\/\/www.guacamole.media\/streaming-per-a-empreses\/"},"modified":"2022-01-23T11:31:56","modified_gmt":"2022-01-23T11:31:56","slug":"streaming-para-empresas","status":"publish","type":"page","link":"https:\/\/www.guacamole.media\/es\/streaming-para-empresas\/","title":{"rendered":"Streaming para empresas"},"content":{"rendered":"<h1>Streaming para empresas sin complejos<\/h1>\n<p>Llega hasta el \u00faltimo rinc\u00f3n del mundo con nuestros servicios de streaming para empresas y proy\u00e9ctate hasta d\u00f3nde tu quieras.<\/p>\n<p>no-repeat;left top;;<br \/>auto<\/p>\n<p>no-repeat;left top;;<br \/>auto<\/p>\n<h1>Streaming para empresas sin complejos<\/h1>\n<p>Llega hasta el \u00faltimo rinc\u00f3n del mundo con nuestros servicios de streaming para empresas y proy\u00e9ctate hasta d\u00f3nde tu quieras.<\/p>\n<p>center<br \/>no-repeat;left top;;<br \/>auto<br \/>0% 7% 0% 7%<br \/>fadeIn<\/p>\n<p>El pasaporte para entrar con \u00e9xito al mundo digital<br \/>\n<\/p>\n<h2>Grabaci\u00f3n y streaming de seminarios, conferencias y presentaciones<\/h2>\n<p>\u00bfQuereis retransmitir en directo una conferencia, un seminario, una presentaci\u00f3n, una talk empresarial o lo que sea? Dejadlo en nuestras manos y nosotros nos encargaremos de todo: producci\u00f3n audiovisual, realizaci\u00f3n y streaming en directo a las principales plataformas como Youtube, Facebook o Instagram. Y si es necesario, os ayudaremos a sonorizar, producir la imagen y os ofrecemos la \u00faltima tecnolog\u00eda para una realizaci\u00f3n profesional para todos vuestros eventos. Pod\u00e9is realizar un streaming con dise\u00f1o propio, posibilidad de trabajar con multic\u00e1mara, grafismos personalizados y conexi\u00f3n a diferentes dispositivos en directo. Y si necesit\u00e1is edici\u00f3n complementaria, os podemos entregar los ficheros con los v\u00eddeos ya montados el mismo d\u00eda al finalizar el streaming. M\u00e1s f\u00e1cil, no os lo podemos dejar.<\/p>\n<p>no-repeat;center top;;<br \/>auto<br \/>fadeInLeft<br \/>separacio_text<\/p>\n<p><img decoding=\"async\" src=\"https:\/\/www.guacamole.media\/wp-content\/uploads\/2021\/03\/streaming-per-a-empreses.jpg\" alt=\"Streaming per a empreses\" \/><br \/>center<br \/>fadeInRight<\/p>\n<p><img decoding=\"async\" src=\"https:\/\/www.guacamole.media\/wp-content\/uploads\/2021\/03\/streaming-per-a-empreses-mb.jpg\" alt=\"Streaming per a empreses\" \/><\/p>\n<p>El pasaporte para entrar con \u00e9xito al mundo digital<br \/>\n<\/p>\n<h2>Grabaci\u00f3n y streaming de seminarios, conferencias y presentaciones<\/h2>\n<p>\u00bfQuereis retransmitir en directo una conferencia, un seminario, una presentaci\u00f3n, una talk empresarial o lo que sea? Dejadlo en nuestras manos y nosotros nos encargaremos de todo: producci\u00f3n audiovisual, realizaci\u00f3n y streaming en directo a las principales plataformas como Youtube, Facebook o Instagram. Y si es necesario, os ayudaremos a sonorizar, producir la imagen y os ofrecemos la \u00faltima tecnolog\u00eda para una realizaci\u00f3n profesional para todos vuestros eventos. Pod\u00e9is realizar un streaming con dise\u00f1o propio, posibilidad de trabajar con multic\u00e1mara, grafismos personalizados y conexi\u00f3n a diferentes dispositivos en directo. Y si necesit\u00e1is edici\u00f3n complementaria, os podemos entregar los ficheros con los v\u00eddeos ya montados el mismo d\u00eda al finalizar el streaming. M\u00e1s f\u00e1cil, no os lo podemos dejar.<\/p>\n<p>no-repeat;left top;;<br \/>auto<\/p>\n<p><img decoding=\"async\" src=\"https:\/\/www.guacamole.media\/wp-content\/uploads\/2021\/02\/videos-formatius-per-formacio-a-distancia-cursos-tallers.jpg\" alt=\"V\u00eddeos formatius per formaci\u00f3 a dist\u00e0ncia, cursos i tallers\" \/><br \/>center<br \/>fadeInLeft<\/p>\n<p>En directo, de tu empresa a todo el mundo<\/p>\n<h2>Encuentra el mejor formato y canal para retransmitir en directo todo aquello que haces.<br \/>\n<br \/><\/h2>\n<p>No nos importa ni nos asusta el tama\u00f1o de tu empresa. Para nosotros es igual de importante que lo es para ti, y por eso queremos poner el empe\u00f1o y los recursos necesarios para que as\u00ed lo puedas contar. Por eso te asesoramos con el mejor paquete de realizaci\u00f3n y streaming y viajaremos contigo hasta d\u00f3nde sea necesario para hacer una retransmisi\u00f3n online que lleve a tu empresa a todos los rincones del mundo. Descubre las posibilidades de emitir en directo tus conferencias, webinars, talks, ponencias, jornadas de team building, fiestas, presentaciones y cualquier evento que quieras potenciar. Tenemos el equipo necesario, el material adecuado y la ilusi\u00f3n a punto,<\/p>\n<p>no-repeat;center top;;<br \/>auto<br \/>fadeInRight<\/p>\n<p><img decoding=\"async\" src=\"https:\/\/www.guacamole.media\/wp-content\/uploads\/2021\/02\/videos-formatius-per-formacio-a-distancia-cursos-tallers-mobile.jpg\" alt=\"V\u00eddeos formatius per formaci\u00f3 a dist\u00e0ncia, cursos i tallers\" \/><\/p>\n<p>En directo, de tu empresa a todo el mundo<br \/>\n<\/p>\n<h2>Encuentra el mejor formato y canal para retransmitir en directo todo aquello que haces.<\/h2>\n<p>No nos importa ni nos asusta el tama\u00f1o de tu empresa. Para nosotros es igual de importante que lo es para ti, y por eso queremos poner el empe\u00f1o y los recursos necesarios para que as\u00ed lo puedas contar. Por eso te asesoramos con el mejor paquete de realizaci\u00f3n y streaming y viajaremos contigo hasta d\u00f3nde sea necesario para hacer una retransmisi\u00f3n online que lleve a tu empresa a todos los rincones del mundo. Descubre las posibilidades de emitir en directo tus conferencias, webinars, talks, ponencias, jornadas de team building, fiestas, presentaciones y cualquier evento que quieras potenciar. Tenemos el equipo necesario, el material adecuado y la ilusi\u00f3n a punto,<\/p>\n<p>no-repeat;left top;;<br \/>auto<\/p>\n<p>Que el video te ayude a superar cualquier distancia<br \/>\n<\/p>\n<h2>Streaming, webinars, video marketing y todos aquellos conceptos que ya no te dejar\u00e1n de perseguir.<br \/>\n<br \/><\/h2>\n<p>Organiza conferencias con todos los ponentes a miles de kil\u00f3metros, ofrece debates y reuniones sin fronteras y triunfa con celebraciones online que acerquen a tus clientes y usuarios m\u00e1s que nunca. Internet y la fuerza del video se deben convertir en tus nuevos aliados del mundo digital si no quieres quedar anclado en un pasado anal\u00f3gico. Disponemos de las mejores herramientas para producir videos y tutoriales de producto por internet, demostraciones de servicios, webinars para los m\u00e1s intr\u00e9pidos o cualquier evento que quieras inmortalizar. Ofrecemos streaming para empresas, asociaciones, instituciones, entidades y comunidades que quieran confiar con nosotros en el momento de proyectar sus ideas a trav\u00e9s de un formato tan apetecible como el v\u00eddeo y un canal tan imbatible como Internet.<\/p>\n<p>no-repeat;center top;;<br \/>auto<br \/>fadeInLeft<br \/>separacio_text<\/p>\n<p><img decoding=\"async\" src=\"https:\/\/www.guacamole.media\/wp-content\/uploads\/2020\/09\/videos-per-pagines-web-i-xarxes-socials.jpg\" alt=\"V\u00eddeos per a p\u00e0gines web i xarxes socials\" \/><br \/>center<br \/>fadeInRight<\/p>\n<p><img decoding=\"async\" src=\"https:\/\/www.guacamole.media\/wp-content\/uploads\/2020\/09\/videos-per-pagines-web-i-xarxes-socials-mb.jpg\" alt=\"V\u00eddeos per a p\u00e0gines web i xarxes socials\" \/><\/p>\n<p>Que el video te ayude a superar cualquier distancia<br \/>\n<\/p>\n<h2>Streaming, webinars, video marketing y todos aquellos conceptos que ya no te dejar\u00e1n de perseguir.<\/h2>\n<p>Organiza conferencias con todos los ponentes a miles de kil\u00f3metros, ofrece debates y reuniones sin fronteras y triunfa con celebraciones online que acerquen a tus clientes y usuarios m\u00e1s que nunca. Internet y la fuerza del video se deben convertir en tus nuevos aliados del mundo digital si no quieres quedar anclado en un pasado anal\u00f3gico. Disponemos de las mejores herramientas para producir videos y tutoriales de producto por internet, demostraciones de servicios, webinars para los m\u00e1s intr\u00e9pidos o cualquier evento que quieras inmortalizar. Ofrecemos streaming para empresas, asociaciones, instituciones, entidades y comunidades que quieran confiar con nosotros en el momento de proyectar sus ideas a trav\u00e9s de un formato tan apetecible como el v\u00eddeo y un canal tan imbatible como Internet.<\/p>\n<p>no-repeat;left top;;<br \/>auto<\/p>\n<h3>Desde nuestra productora audiovisual te podemos ayudar en:<\/h3>\n<p>center<br \/>no-repeat;left top;;<br \/>auto<br \/>0px<br \/>10px 0px 0px 0px<br \/>fadeInDown<\/p>\n<p><\/p>\n<h3>Producci\u00f3n y realizaciones de conferencias y cualquier acto para emitir en streaming a las principales plataformas. <\/h3>\n<p><\/p>\n<h3>Producci\u00f3n audiovisual de debates, reuniones, eventos con m\u00faltiples ponentes online y diferentes canales. <\/h3>\n<p>left<br \/>no-repeat;left top;;<br \/>auto<br \/>30px 10px 50px 0px<br \/>fadeInUp<\/p>\n<p><\/p>\n<h3>Producci\u00f3n y realizaci\u00f3n de webinars, en streaming y\/o para v\u00eddeo bajo demanda (VOD). <\/h3>\n<p><\/p>\n<h3>Coordinaci\u00f3n t\u00e9cnica de las localizaciones y participantes en los diferentes eventos para la realizaci\u00f3n audiovisual posterior. <\/h3>\n<p>left<br \/>no-repeat;left top;;<br \/>auto<br \/>30px 10px 50px 0px<br \/>fadeInUp<br \/>separacio_text2<\/p>\n<p><\/p>\n<h3>Gesti\u00f3n y producci\u00f3n de espacios y recursos para la grabaci\u00f3n de webinars, tutoriales y contenido audiovisual ideado para producto online. <\/h3>\n<p><\/p>\n<h3>Dise\u00f1o audiovisual de elementos gr\u00e1ficos y grafismos para su reproducci\u00f3n en proyectos audiovisuales. <\/h3>\n<p>left<br \/>no-repeat;left top;;<br \/>auto<br \/>30px 10px 50px 0px<br \/>fadeInUp<br \/>separacio_text2<\/p>\n<h3>Desde nuestra productora audiovisual te podemos ayudar en:<\/h3>\n<p>left<br \/>no-repeat;left top;;<br \/>auto<br \/>0px<\/p>\n<h3><i class=\"\" style=\"\" aria-hidden=\"true\"><\/i> Producci\u00f3n y realizaciones de conferencias y cualquier acto para emitir en streaming a las principales plataformas. <\/h3>\n<p><\/p>\n<h3><i class=\"\" style=\"\" aria-hidden=\"true\"><\/i> Producci\u00f3n audiovisual de debates, reuniones, eventos con m\u00faltiples ponentes online y diferentes canales. <\/h3>\n<p><\/p>\n<h3><i class=\"\" style=\"\" aria-hidden=\"true\"><\/i> Producci\u00f3n y realizaci\u00f3n de webinars, en streaming y\/o para v\u00eddeo bajo demanda (VOD). <\/h3>\n<p><\/p>\n<h3><i class=\"\" style=\"\" aria-hidden=\"true\"><\/i> Coordinaci\u00f3n t\u00e9cnica de las localizaciones y participantes en los diferentes eventos para la realizaci\u00f3n audiovisual posterior. <\/h3>\n<p><\/p>\n<h3><i class=\"\" style=\"\" aria-hidden=\"true\"><\/i> Gesti\u00f3n y producci\u00f3n de espacios y recursos para la grabaci\u00f3n de webinars, tutoriales y contenido audiovisual ideado para producto online. <\/h3>\n<p><\/p>\n<h3><i class=\"\" style=\"\" aria-hidden=\"true\"><\/i> Disseny audiovisual d\u2019elements gr\u00e0fics per a la seva reproducci\u00f3 en projectes audiovisuals.Dise\u00f1o audiovisual de elementos gr\u00e1ficos y grafismos para su reproducci\u00f3n en proyectos audiovisuales. <\/h3>\n<p>left<br \/>no-repeat;left top;;<br \/>auto<\/p>\n<h2> \u00bfTe apuntas? Expl\u00edcanos que tienes pensado.<\/h2>\n<p>Nos encantar\u00eda saber que tienes en mente, saber que loca idea quieres hacer andar. Tenemos todos los recursos para tirar adelante tu proyecto, ayudarte a vender y posicionar tu producto o servicio. Ponte en contacte con nosotros, sin ning\u00fan compromiso y pensaremos todas las f\u00f3rmulas posibles para poder colaborar conjuntamente.<\/p>\n<p>center<br \/>no-repeat;center top;;<br \/>auto<br \/>20px<br \/>fadeIn<\/p>\n<p>Contacta con nosotros<br \/><a href=\"https:\/\/www.guacamole.media\/es\/contactar-productora-audiovisual\/#form\">https:\/\/www.guacamole.media\/es\/contactar-productora-audiovisual\/#form<\/a><br \/>center<br \/>icon-phone<br \/>right<br \/>#7fd8a1<br \/>#ffffff<br \/>3<\/p>\n<h2> \u00bfTe apuntas? Expl\u00edcanos que tienes pensado.<\/h2>\n<p>Nos encantar\u00eda saber que tienes en mente, saber que loca idea quieres hacer andar. Tenemos todos los recursos para tirar adelante tu proyecto, ayudarte a vender y posicionar tu producto o servicio. Ponte en contacte con nosotros, sin ning\u00fan compromiso y pensaremos todas las f\u00f3rmulas posibles para poder colaborar conjuntamente.<\/p>\n<p>no-repeat;center top;;<br \/>auto<\/p>\n<p>Contacta con nosotros<br \/><a href=\"https:\/\/www.guacamole.media\/es\/contactar-productora-audiovisual\/#form\">https:\/\/www.guacamole.media\/es\/contactar-productora-audiovisual\/#form<\/a><br \/>center<br \/>icon-phone<br \/>right<br \/>#7fd8a1<br \/>#ffffff<br \/>3<\/p>\n<h3>Productora local y global<\/h3>\n<p>Guacamole es una productora audiovisual con oficinas en Manresa (Bages) y Sabadell (Vall\u00e8s Occidental), situadas en el centro de Catalunya. Ofrecemos nuestros servicios para la producci\u00f3n audiovisual de v\u00eddeos corporativos para empresas en zonas como Barcelona (Barcelon\u00e8s), Girona (Giron\u00e8s), Tarragona (Tarragon\u00e8s), Lleida (Segri\u00e0), Terrassa, Vic (Osona), Matar\u00f3 (Maresme), Reus (Baix Camp), Granollers (Vall\u00e8s Oriental), Igualada (La Anoia) y en todo el pa\u00eds. Te ofrecemos servicios audiovisuales completos para la producci\u00f3n audiovisual de spots, branding audiovisual, v\u00eddeos corporativos de empresa, v\u00eddeos para redes sociales y fotograf\u00eda, entre muchos otros. \u00bfTe animas?<\/p>\n<p>center<br \/>no-repeat;center top;;<br \/>auto<br \/>10px 0px 50px 0px<\/p>\n<h3>Productora local y global<\/h3>\n<p>Guacamole es una productora audiovisual con oficinas en Manresa (Bages) y Sabadell (Vall\u00e8s Occidental), situadas en el centro de Catalunya. Ofrecemos nuestros servicios para la producci\u00f3n audiovisual de v\u00eddeos corporativos para empresas en zonas como Barcelona (Barcelon\u00e8s), Girona (Giron\u00e8s), Tarragona (Tarragon\u00e8s), Lleida (Segri\u00e0), Terrassa, Vic (Osona), Matar\u00f3 (Maresme), Reus (Baix Camp), Granollers (Vall\u00e8s Oriental), Igualada (La Anoia) y en todo el pa\u00eds. Te ofrecemos servicios audiovisuales completos para la producci\u00f3n audiovisual de spots, branding audiovisual, v\u00eddeos corporativos de empresa, v\u00eddeos para redes sociales y fotograf\u00eda, entre muchos otros. \u00bfTe animas?<\/p>\n<p>center<br \/>no-repeat;center top;;<br \/>auto<br \/>10px 0px 50px 0px<\/p>\n<p><img decoding=\"async\" src=\"https:\/\/www.guacamole.media\/wp-content\/uploads\/2020\/01\/guacamole-curiositats-1.png\" alt=\"guacamole-curiositats\" \/><br \/>118<br \/>80<br \/>right<\/p>\n<p>Sabies qu\u00e8&#8230;?<br \/>\n<\/p>\n<h6>\n<p>El nombre original de \u201cguacamole\u201d proviene del teme n\u00e1huatl (lengua originaria del castellano de M\u00e9xico) Ahuacamolli. B\u00e1sicamente, es la fusi\u00f3n al castellano de dos de sus principales ingredientes, el ahuacatl (aaguacate) y el molli (originalmente el mole o salsa). <a href=\"https:\/\/www.google.es\/search?client=safari&amp;sxsrf=ALeKk02f_IjbnsIIGCII07-enhZk3H4Tpg%3A1599906715908&amp;source=hp&amp;ei=m6NcX6ucNMqalwSdubiwAg&amp;q=curiosidades+guacamole&amp;oq=curios&amp;gs_lcp=CgZwc3ktYWIQAxgAMgQIIxAnMgcIABCxAxBDMgcIABCxAxBDMgoIABCxAxAUEIcCMgUIABCxAzIFCAAQsQMyBQgAELEDMgIIADICCAAyAggAOgYIIxAnEBM6CAgAELEDEIMBOgcIIxDqAhAnOgQIABBDUIQKWKkgYPImaANwAHgAgAGkAogBnAmSAQU1LjMuMZgBAKABAaoBB2d3cy13aXqwAQo&amp;sclient=psy-ab\" target=\"new\" rel=\"noopener noreferrer\">Flipant, oi?<\/a><br \/>\n<br \/><\/h6>\n<p>left<br \/>no-repeat;center top;;<br \/>auto<br \/>0px<br \/>10px 0px 30px 0px<\/p>\n<p><img decoding=\"async\" src=\"https:\/\/www.guacamole.media\/wp-content\/uploads\/2020\/01\/guacamole-curiositats-1.png\" alt=\"guacamole-curiositats\" \/><br \/>118<br \/>80<br \/>right<\/p>\n<p>Sabies qu\u00e8&#8230;?<br \/>\n<\/p>\n<h6>\n<p>El nombre original de \u201cguacamole\u201d proviene del teme n\u00e1huatl (lengua originaria del castellano de M\u00e9xico) Ahuacamolli. B\u00e1sicamente, es la fusi\u00f3n al castellano de dos de sus principales ingredientes, el ahuacatl (aaguacate) y el molli (originalmente el mole o salsa). <a href=\"https:\/\/www.google.es\/search?client=safari&amp;sxsrf=ALeKk02f_IjbnsIIGCII07-enhZk3H4Tpg%3A1599906715908&amp;source=hp&amp;ei=m6NcX6ucNMqalwSdubiwAg&amp;q=curiosidades+guacamole&amp;oq=curios&amp;gs_lcp=CgZwc3ktYWIQAxgAMgQIIxAnMgcIABCxAxBDMgcIABCxAxBDMgoIABCxAxAUEIcCMgUIABCxAzIFCAAQsQMyBQgAELEDMgIIADICCAAyAggAOgYIIxAnEBM6CAgAELEDEIMBOgcIIxDqAhAnOgQIABBDUIQKWKkgYPImaANwAHgAgAGkAogBnAmSAQU1LjMuMZgBAKABAaoBB2d3cy13aXqwAQo&amp;sclient=psy-ab\" target=\"new\" rel=\"noopener noreferrer\">Flipant, oi?<\/a><br \/>\n<br \/><\/h6>\n<p>left<br \/>no-repeat;center top;;<br \/>auto<br \/>0px<br \/>10px 0px 30px 0px<\/p>\n","protected":false},"excerpt":{"rendered":"<p>Streaming para empresas sin complejos Llega hasta el \u00faltimo rinc\u00f3n del mundo con nuestros servicios de streaming para empresas y proy\u00e9ctate hasta d\u00f3nde tu quieras. no-repeat;left<span class=\"excerpt-hellip\"> [\u2026]<\/span><\/p>\n","protected":false},"author":1,"featured_media":0,"parent":0,"menu_order":0,"comment_status":"closed","ping_status":"closed","template":"","meta":{"footnotes":""},"acf":[],"yoast_head":"<!-- This site is optimized with the Yoast SEO plugin v22.4 - https:\/\/yoast.com\/wordpress\/plugins\/seo\/ -->\n<title>Streaming para empresas y emisi\u00f3n de contenidos audiovisuales<\/title>\n<meta name=\"description\" content=\"Te ofrecemos servicios de streaming para empresas para conferencias, webinars, presentaciones y cualquier idea que quieras emitir.\" \/>\n<meta name=\"robots\" content=\"index, follow, max-snippet:-1, max-image-preview:large, max-video-preview:-1\" \/>\n<link rel=\"canonical\" href=\"https:\/\/www.guacamole.media\/es\/streaming-para-empresas\/\" \/>\n<meta property=\"og:locale\" content=\"es_ES\" \/>\n<meta property=\"og:type\" content=\"article\" \/>\n<meta property=\"og:title\" content=\"Streaming para empresas y emisi\u00f3n de contenidos audiovisuales\" \/>\n<meta property=\"og:description\" content=\"Te ofrecemos servicios de streaming para empresas para conferencias, webinars, presentaciones y cualquier idea que quieras emitir.\" \/>\n<meta property=\"og:url\" content=\"https:\/\/www.guacamole.media\/es\/streaming-para-empresas\/\" \/>\n<meta property=\"og:site_name\" content=\"Guacamole\" \/>\n<meta property=\"article:modified_time\" content=\"2022-01-23T11:31:56+00:00\" \/>\n<meta property=\"og:image\" content=\"https:\/\/www.guacamole.media\/wp-content\/uploads\/2021\/03\/streaming-per-a-empreses.jpg\" \/>\n<meta name=\"twitter:card\" content=\"summary_large_image\" \/>\n<meta name=\"twitter:label1\" content=\"Tiempo de lectura\" \/>\n\t<meta name=\"twitter:data1\" content=\"9 minutos\" \/>\n<script type=\"application\/ld+json\" class=\"yoast-schema-graph\">{\"@context\":\"https:\/\/schema.org\",\"@graph\":[{\"@type\":\"WebPage\",\"@id\":\"https:\/\/www.guacamole.media\/es\/streaming-para-empresas\/\",\"url\":\"https:\/\/www.guacamole.media\/es\/streaming-para-empresas\/\",\"name\":\"Streaming para empresas y emisi\u00f3n de contenidos audiovisuales\",\"isPartOf\":{\"@id\":\"https:\/\/www.guacamole.media\/es\/#website\"},\"primaryImageOfPage\":{\"@id\":\"https:\/\/www.guacamole.media\/es\/streaming-para-empresas\/#primaryimage\"},\"image\":{\"@id\":\"https:\/\/www.guacamole.media\/es\/streaming-para-empresas\/#primaryimage\"},\"thumbnailUrl\":\"https:\/\/www.guacamole.media\/wp-content\/uploads\/2021\/03\/streaming-per-a-empreses.jpg\",\"datePublished\":\"2021-03-19T19:27:12+00:00\",\"dateModified\":\"2022-01-23T11:31:56+00:00\",\"description\":\"Te ofrecemos servicios de streaming para empresas para conferencias, webinars, presentaciones y cualquier idea que quieras emitir.\",\"breadcrumb\":{\"@id\":\"https:\/\/www.guacamole.media\/es\/streaming-para-empresas\/#breadcrumb\"},\"inLanguage\":\"es\",\"potentialAction\":[{\"@type\":\"ReadAction\",\"target\":[\"https:\/\/www.guacamole.media\/es\/streaming-para-empresas\/\"]}]},{\"@type\":\"ImageObject\",\"inLanguage\":\"es\",\"@id\":\"https:\/\/www.guacamole.media\/es\/streaming-para-empresas\/#primaryimage\",\"url\":\"https:\/\/www.guacamole.media\/wp-content\/uploads\/2021\/03\/streaming-per-a-empreses.jpg\",\"contentUrl\":\"https:\/\/www.guacamole.media\/wp-content\/uploads\/2021\/03\/streaming-per-a-empreses.jpg\"},{\"@type\":\"BreadcrumbList\",\"@id\":\"https:\/\/www.guacamole.media\/es\/streaming-para-empresas\/#breadcrumb\",\"itemListElement\":[{\"@type\":\"ListItem\",\"position\":1,\"name\":\"Portada\",\"item\":\"https:\/\/www.guacamole.media\/es\/\"},{\"@type\":\"ListItem\",\"position\":2,\"name\":\"Streaming para empresas\"}]},{\"@type\":\"WebSite\",\"@id\":\"https:\/\/www.guacamole.media\/es\/#website\",\"url\":\"https:\/\/www.guacamole.media\/es\/\",\"name\":\"Guacamole Productora Audiovisual\",\"description\":\"Productora Audiovisual\",\"potentialAction\":[{\"@type\":\"SearchAction\",\"target\":{\"@type\":\"EntryPoint\",\"urlTemplate\":\"https:\/\/www.guacamole.media\/es\/?s={search_term_string}\"},\"query-input\":\"required name=search_term_string\"}],\"inLanguage\":\"es\"}]}<\/script>\n<!-- \/ Yoast SEO plugin. -->","yoast_head_json":{"title":"Streaming para empresas y emisi\u00f3n de contenidos audiovisuales","description":"Te ofrecemos servicios de streaming para empresas para conferencias, webinars, presentaciones y cualquier idea que quieras emitir.","robots":{"index":"index","follow":"follow","max-snippet":"max-snippet:-1","max-image-preview":"max-image-preview:large","max-video-preview":"max-video-preview:-1"},"canonical":"https:\/\/www.guacamole.media\/es\/streaming-para-empresas\/","og_locale":"es_ES","og_type":"article","og_title":"Streaming para empresas y emisi\u00f3n de contenidos audiovisuales","og_description":"Te ofrecemos servicios de streaming para empresas para conferencias, webinars, presentaciones y cualquier idea que quieras emitir.","og_url":"https:\/\/www.guacamole.media\/es\/streaming-para-empresas\/","og_site_name":"Guacamole","article_modified_time":"2022-01-23T11:31:56+00:00","og_image":[{"url":"https:\/\/www.guacamole.media\/wp-content\/uploads\/2021\/03\/streaming-per-a-empreses.jpg"}],"twitter_card":"summary_large_image","twitter_misc":{"Tiempo de lectura":"9 minutos"},"schema":{"@context":"https:\/\/schema.org","@graph":[{"@type":"WebPage","@id":"https:\/\/www.guacamole.media\/es\/streaming-para-empresas\/","url":"https:\/\/www.guacamole.media\/es\/streaming-para-empresas\/","name":"Streaming para empresas y emisi\u00f3n de contenidos audiovisuales","isPartOf":{"@id":"https:\/\/www.guacamole.media\/es\/#website"},"primaryImageOfPage":{"@id":"https:\/\/www.guacamole.media\/es\/streaming-para-empresas\/#primaryimage"},"image":{"@id":"https:\/\/www.guacamole.media\/es\/streaming-para-empresas\/#primaryimage"},"thumbnailUrl":"https:\/\/www.guacamole.media\/wp-content\/uploads\/2021\/03\/streaming-per-a-empreses.jpg","datePublished":"2021-03-19T19:27:12+00:00","dateModified":"2022-01-23T11:31:56+00:00","description":"Te ofrecemos servicios de streaming para empresas para conferencias, webinars, presentaciones y cualquier idea que quieras emitir.","breadcrumb":{"@id":"https:\/\/www.guacamole.media\/es\/streaming-para-empresas\/#breadcrumb"},"inLanguage":"es","potentialAction":[{"@type":"ReadAction","target":["https:\/\/www.guacamole.media\/es\/streaming-para-empresas\/"]}]},{"@type":"ImageObject","inLanguage":"es","@id":"https:\/\/www.guacamole.media\/es\/streaming-para-empresas\/#primaryimage","url":"https:\/\/www.guacamole.media\/wp-content\/uploads\/2021\/03\/streaming-per-a-empreses.jpg","contentUrl":"https:\/\/www.guacamole.media\/wp-content\/uploads\/2021\/03\/streaming-per-a-empreses.jpg"},{"@type":"BreadcrumbList","@id":"https:\/\/www.guacamole.media\/es\/streaming-para-empresas\/#breadcrumb","itemListElement":[{"@type":"ListItem","position":1,"name":"Portada","item":"https:\/\/www.guacamole.media\/es\/"},{"@type":"ListItem","position":2,"name":"Streaming para empresas"}]},{"@type":"WebSite","@id":"https:\/\/www.guacamole.media\/es\/#website","url":"https:\/\/www.guacamole.media\/es\/","name":"Guacamole Productora Audiovisual","description":"Productora Audiovisual","potentialAction":[{"@type":"SearchAction","target":{"@type":"EntryPoint","urlTemplate":"https:\/\/www.guacamole.media\/es\/?s={search_term_string}"},"query-input":"required name=search_term_string"}],"inLanguage":"es"}]}},"_links":{"self":[{"href":"https:\/\/www.guacamole.media\/es\/wp-json\/wp\/v2\/pages\/1201"}],"collection":[{"href":"https:\/\/www.guacamole.media\/es\/wp-json\/wp\/v2\/pages"}],"about":[{"href":"https:\/\/www.guacamole.media\/es\/wp-json\/wp\/v2\/types\/page"}],"author":[{"embeddable":true,"href":"https:\/\/www.guacamole.media\/es\/wp-json\/wp\/v2\/users\/1"}],"replies":[{"embeddable":true,"href":"https:\/\/www.guacamole.media\/es\/wp-json\/wp\/v2\/comments?post=1201"}],"version-history":[{"count":3,"href":"https:\/\/www.guacamole.media\/es\/wp-json\/wp\/v2\/pages\/1201\/revisions"}],"predecessor-version":[{"id":1204,"href":"https:\/\/www.guacamole.media\/es\/wp-json\/wp\/v2\/pages\/1201\/revisions\/1204"}],"wp:attachment":[{"href":"https:\/\/www.guacamole.media\/es\/wp-json\/wp\/v2\/media?parent=1201"}],"curies":[{"name":"wp","href":"https:\/\/api.w.org\/{rel}","templated":true}]}}