{"id":1223,"date":"2021-07-18T11:16:01","date_gmt":"2021-07-18T11:16:01","guid":{"rendered":"https:\/\/www.guacamole.media\/projecte-audiovisual-produccio-espectacle-carlos-latre-one-man-show\/"},"modified":"2022-04-20T10:00:06","modified_gmt":"2022-04-20T10:00:06","slug":"proyecto-audiovisual-produccion-espectaculo-carlos-latre-one-man-show","status":"publish","type":"page","link":"https:\/\/www.guacamole.media\/es\/proyecto-audiovisual-produccion-espectaculo-carlos-latre-one-man-show\/","title":{"rendered":"Carlos Latre &#8211; One Man Show. Producci\u00f3n audiovisual para teatro"},"content":{"rendered":"<p>Carlos Latre \u2014<br \/>\n<br \/>One Man Show<\/p>\n<p>left<br \/>no-repeat;left top;;<br \/>auto<br \/>fadeInRight<\/p>\n<p>Carlos Latre \u2014<br \/>\n<br \/>One Man Show<\/p>\n<p>left<br \/>no-repeat;left top;;<br \/>auto<br \/>fadeInRight<\/p>\n<p><img decoding=\"async\" src=\"https:\/\/www.guacamole.media\/wp-content\/uploads\/2021\/07\/projecte-carlos-latre-produccio-espectacle-one-man-show-01.jpg\" alt=\"Projecte Carlos Latre - Producci\u00f3 Espectacle One Man Show\" \/><br \/>center<\/p>\n<p><img decoding=\"async\" src=\"https:\/\/www.guacamole.media\/wp-content\/uploads\/2021\/07\/projecte-carlos-latre-produccio-espectacle-one-man-show-02.jpg\" alt=\"Projecte Carlos Latre - Producci\u00f3 Espectacle One Man Show\" \/><br \/>center<\/p>\n<h1>Producci\u00f3 audiovisual per l\u2019espectacle One Man Show de Carlos Latre<\/h1>\n<p>Des de Guacamole hem produ\u00eft i desenvolupat diferents peces audiovisuals del nou show de Carlos Latre: One Man Show. I qu\u00e8 podem dir d\u2019aquesta b\u00e8stia esc\u00e8nica que no s\u2019hagi dit ja. Ha estat un plaer col\u00b7laborar amb en Carlos i el seu equip. Ja sigui davant d\u2019una pantalla verda de croma o en un teatre ple a vessar, sempre ens ho passem genial tirant endavant les bestieses audiovisuals que sorgien del seu cap. La nostra tasca ha estat la de direcci\u00f3 i post-producci\u00f3 de VFX, disseny sonor, muntatge i grafismes audiovisuals.<\/p>\n<p>Per a m\u00e9s informaci\u00f3: <a href=\"https:\/\/www.carloslatre.com\" target=\"new\" rel=\"noopener noreferrer\">Carlos Latre<\/a><br \/>left<br \/>left<br \/>#ffffff<br \/>no-repeat;left top;;<br \/>auto<br \/>separacio_text<\/p>\n<h1>Producci\u00f3 audiovisual per l\u2019espectacle One Man Show de Carlos Latre<\/h1>\n<p>Des de Guacamole hem produ\u00eft i desenvolupat diferents peces audiovisuals del nou show de Carlos Latre: One Man Show. I qu\u00e8 podem dir d\u2019aquesta b\u00e8stia esc\u00e8nica que no s\u2019hagi dit ja. Ha estat un plaer col\u00b7laborar amb en Carlos i el seu equip. Ja sigui davant d\u2019una pantalla verda de croma o en un teatre ple a vessar, sempre ens ho passem genial tirant endavant les bestieses audiovisuals que sorgien del seu cap. La nostra tasca ha estat la de direcci\u00f3 i post-producci\u00f3 de VFX, disseny sonor, muntatge i grafismes audiovisuals.<\/p>\n<p>Per a m\u00e9s informaci\u00f3: <a href=\"https:\/\/www.fabamanresa.cat\/nucli\/\" target=\"new\" rel=\"noopener noreferrer\">Nucli FABA<\/a><br \/>left<br \/>left<br \/>#ffffff<br \/>no-repeat;left top;;<br \/>auto<br \/>0px<\/p>\n<p>https:\/\/www.guacamole.media\/videos\/NUCLIFABA-TEASERWEB.mp4<br \/>1000<br \/>571<\/p>\n<p>Tornar a tots els <a href=\"http:\/\/www.guacamole.media\/projectes-audiovisuals\">projectes<\/a>  &gt;<\/p>\n<p>right<br \/>right<br \/>#ffffff<br \/>no-repeat;left top;;<br \/>auto<br \/>separacio_text<\/p>\n<p>Tornar a tots els <a href=\"http:\/\/www.guacamole.media\/projectes-audiovisuals\">projectes<\/a>  &gt;<\/p>\n<p>right<br \/>right<br \/>#ffffff<br \/>no-repeat;left top;;<br \/>auto<br \/>separacio_text<\/p>\n<p><img decoding=\"async\" src=\"https:\/\/www.guacamole.media\/wp-content\/uploads\/2021\/07\/projecte-carlos-latre-produccio-espectacle-one-man-show-03.jpg\" alt=\"Projecte Carlos Latre - Producci\u00f3 Espectacle One Man Show\" \/><br \/>center<\/p>\n<p><img decoding=\"async\" src=\"https:\/\/www.guacamole.media\/wp-content\/uploads\/2021\/07\/projecte-carlos-latre-produccio-espectacle-one-man-show-04.jpg\" alt=\"Projecte Carlos Latre - Producci\u00f3 Espectacle One Man Show\" \/><br \/>center<\/p>\n<h3>Productora local i global<\/h3>\n<p>Guacamole \u00e9s una <a href=\"http:\/\/www.guacamole.media\/\">productora audiovisual<\/a> amb oficines a Manresa (Bages) i Sabadell (Vall\u00e8s Occidental), situades al centre de Catalunya. Oferim els nostres serveis de producci\u00f3 audiovisual, v\u00eddeo i fotografia, disseny visual interactiu i creaci\u00f3 de contingut digital a les principals ciutats catalanes com Barcelona (Barcelon\u00e8s), Girona (Giron\u00e8s), Tarragona (Tarragon\u00e8s), Lleida (Segri\u00e0), Terrassa, Vic (Osona), Matar\u00f3 (Maresme), Reus (Baix Camp), Granollers (Vall\u00e8s Oriental), Igualada (La Anoia) i arreu de l\u2019estat. T\\&#8217;oferim serveis audiovisuals complets per a <a href=\"#\">v\u00eddeos corporatius d\\&#8217;empresa<\/a>, <a href=\"#\">espots<\/a> i <a href=\"#\">fotografia<\/a>, entre molts altres. T\\&#8217;hi animes?<\/p>\n<p>center<br \/>no-repeat;center top;;<br \/>auto<br \/>10px 0px 50px 0px<\/p>\n<h3>Productora local i global<\/h3>\n<p>Guacamole \u00e9s una <a href=\"http:\/\/www.guacamole.media\/\">productora audiovisual<\/a> amb oficines a Manresa (Bages) i Sabadell (Vall\u00e8s Occidental), situades al centre de Catalunya. Oferim els nostres serveis de producci\u00f3 audiovisual, v\u00eddeo i fotografia, disseny visual interactiu i creaci\u00f3 de contingut digital a les principals ciutats catalanes com Barcelona (Barcelon\u00e8s), Girona (Giron\u00e8s), Tarragona (Tarragon\u00e8s), Lleida (Segri\u00e0), Terrassa, Vic (Osona), Matar\u00f3 (Maresme), Reus (Baix Camp), Granollers (Vall\u00e8s Oriental), Igualada (La Anoia) i arreu de l\u2019estat. T\\&#8217;oferim serveis audiovisuals complets per a <a href=\"#\">v\u00eddeos corporatius d\\&#8217;empresa<\/a>, <a href=\"#\">espots<\/a> i <a href=\"#\">fotografia<\/a>, entre molts altres. T\\&#8217;hi animes?<\/p>\n<p>center<br \/>no-repeat;center top;;<br \/>auto<br \/>10px 0px 50px 0px<\/p>\n","protected":false},"excerpt":{"rendered":"<p>Carlos Latre \u2014 One Man Show leftno-repeat;left top;;autofadeInRight Carlos Latre \u2014 One Man Show leftno-repeat;left top;;autofadeInRight center center Producci\u00f3 audiovisual per l\u2019espectacle One Man Show de<span class=\"excerpt-hellip\"> [\u2026]<\/span><\/p>\n","protected":false},"author":1,"featured_media":0,"parent":0,"menu_order":0,"comment_status":"closed","ping_status":"closed","template":"","meta":{"footnotes":""},"acf":[],"yoast_head":"<!-- This site is optimized with the Yoast SEO plugin v22.4 - https:\/\/yoast.com\/wordpress\/plugins\/seo\/ -->\n<title>Carlos Latre - One Man Show. Producci\u00f3n audiovisual para teatro.<\/title>\n<meta name=\"description\" content=\"Producci\u00f3n audiovisual del \u00faltimo espect\u00e1culo para teatro de Carlos Latre. VFX, dise\u00f1o de sonido, edici\u00f3n y grafismos audiovisuales.\" \/>\n<meta name=\"robots\" content=\"index, follow, max-snippet:-1, max-image-preview:large, max-video-preview:-1\" \/>\n<link rel=\"canonical\" href=\"https:\/\/www.guacamole.media\/es\/proyecto-audiovisual-produccion-espectaculo-carlos-latre-one-man-show\/\" \/>\n<meta property=\"og:locale\" content=\"es_ES\" \/>\n<meta property=\"og:type\" content=\"article\" \/>\n<meta property=\"og:title\" content=\"Carlos Latre - One Man Show. Producci\u00f3n audiovisual para teatro.\" \/>\n<meta property=\"og:description\" content=\"Producci\u00f3n audiovisual del \u00faltimo espect\u00e1culo para teatro de Carlos Latre. VFX, dise\u00f1o de sonido, edici\u00f3n y grafismos audiovisuales.\" \/>\n<meta property=\"og:url\" content=\"https:\/\/www.guacamole.media\/es\/proyecto-audiovisual-produccion-espectaculo-carlos-latre-one-man-show\/\" \/>\n<meta property=\"og:site_name\" content=\"Guacamole\" \/>\n<meta property=\"article:modified_time\" content=\"2022-04-20T10:00:06+00:00\" \/>\n<meta property=\"og:image\" content=\"https:\/\/www.guacamole.media\/wp-content\/uploads\/2021\/07\/projecte-carlos-latre-produccio-espectacle-one-man-show-01.jpg\" \/>\n<meta name=\"twitter:card\" content=\"summary_large_image\" \/>\n<meta name=\"twitter:label1\" content=\"Tiempo de lectura\" \/>\n\t<meta name=\"twitter:data1\" content=\"3 minutos\" \/>\n<script type=\"application\/ld+json\" class=\"yoast-schema-graph\">{\"@context\":\"https:\/\/schema.org\",\"@graph\":[{\"@type\":\"WebPage\",\"@id\":\"https:\/\/www.guacamole.media\/es\/proyecto-audiovisual-produccion-espectaculo-carlos-latre-one-man-show\/\",\"url\":\"https:\/\/www.guacamole.media\/es\/proyecto-audiovisual-produccion-espectaculo-carlos-latre-one-man-show\/\",\"name\":\"Carlos Latre - One Man Show. Producci\u00f3n audiovisual para teatro.\",\"isPartOf\":{\"@id\":\"https:\/\/www.guacamole.media\/es\/#website\"},\"primaryImageOfPage\":{\"@id\":\"https:\/\/www.guacamole.media\/es\/proyecto-audiovisual-produccion-espectaculo-carlos-latre-one-man-show\/#primaryimage\"},\"image\":{\"@id\":\"https:\/\/www.guacamole.media\/es\/proyecto-audiovisual-produccion-espectaculo-carlos-latre-one-man-show\/#primaryimage\"},\"thumbnailUrl\":\"https:\/\/www.guacamole.media\/wp-content\/uploads\/2021\/07\/projecte-carlos-latre-produccio-espectacle-one-man-show-01.jpg\",\"datePublished\":\"2021-07-18T11:16:01+00:00\",\"dateModified\":\"2022-04-20T10:00:06+00:00\",\"description\":\"Producci\u00f3n audiovisual del \u00faltimo espect\u00e1culo para teatro de Carlos Latre. VFX, dise\u00f1o de sonido, edici\u00f3n y grafismos audiovisuales.\",\"breadcrumb\":{\"@id\":\"https:\/\/www.guacamole.media\/es\/proyecto-audiovisual-produccion-espectaculo-carlos-latre-one-man-show\/#breadcrumb\"},\"inLanguage\":\"es\",\"potentialAction\":[{\"@type\":\"ReadAction\",\"target\":[\"https:\/\/www.guacamole.media\/es\/proyecto-audiovisual-produccion-espectaculo-carlos-latre-one-man-show\/\"]}]},{\"@type\":\"ImageObject\",\"inLanguage\":\"es\",\"@id\":\"https:\/\/www.guacamole.media\/es\/proyecto-audiovisual-produccion-espectaculo-carlos-latre-one-man-show\/#primaryimage\",\"url\":\"https:\/\/www.guacamole.media\/wp-content\/uploads\/2021\/07\/projecte-carlos-latre-produccio-espectacle-one-man-show-01.jpg\",\"contentUrl\":\"https:\/\/www.guacamole.media\/wp-content\/uploads\/2021\/07\/projecte-carlos-latre-produccio-espectacle-one-man-show-01.jpg\"},{\"@type\":\"BreadcrumbList\",\"@id\":\"https:\/\/www.guacamole.media\/es\/proyecto-audiovisual-produccion-espectaculo-carlos-latre-one-man-show\/#breadcrumb\",\"itemListElement\":[{\"@type\":\"ListItem\",\"position\":1,\"name\":\"Portada\",\"item\":\"https:\/\/www.guacamole.media\/es\/\"},{\"@type\":\"ListItem\",\"position\":2,\"name\":\"Carlos Latre &#8211; One Man Show. Producci\u00f3n audiovisual para teatro\"}]},{\"@type\":\"WebSite\",\"@id\":\"https:\/\/www.guacamole.media\/es\/#website\",\"url\":\"https:\/\/www.guacamole.media\/es\/\",\"name\":\"Guacamole Productora Audiovisual\",\"description\":\"Productora Audiovisual\",\"potentialAction\":[{\"@type\":\"SearchAction\",\"target\":{\"@type\":\"EntryPoint\",\"urlTemplate\":\"https:\/\/www.guacamole.media\/es\/?s={search_term_string}\"},\"query-input\":\"required name=search_term_string\"}],\"inLanguage\":\"es\"}]}<\/script>\n<!-- \/ Yoast SEO plugin. -->","yoast_head_json":{"title":"Carlos Latre - One Man Show. Producci\u00f3n audiovisual para teatro.","description":"Producci\u00f3n audiovisual del \u00faltimo espect\u00e1culo para teatro de Carlos Latre. VFX, dise\u00f1o de sonido, edici\u00f3n y grafismos audiovisuales.","robots":{"index":"index","follow":"follow","max-snippet":"max-snippet:-1","max-image-preview":"max-image-preview:large","max-video-preview":"max-video-preview:-1"},"canonical":"https:\/\/www.guacamole.media\/es\/proyecto-audiovisual-produccion-espectaculo-carlos-latre-one-man-show\/","og_locale":"es_ES","og_type":"article","og_title":"Carlos Latre - One Man Show. Producci\u00f3n audiovisual para teatro.","og_description":"Producci\u00f3n audiovisual del \u00faltimo espect\u00e1culo para teatro de Carlos Latre. VFX, dise\u00f1o de sonido, edici\u00f3n y grafismos audiovisuales.","og_url":"https:\/\/www.guacamole.media\/es\/proyecto-audiovisual-produccion-espectaculo-carlos-latre-one-man-show\/","og_site_name":"Guacamole","article_modified_time":"2022-04-20T10:00:06+00:00","og_image":[{"url":"https:\/\/www.guacamole.media\/wp-content\/uploads\/2021\/07\/projecte-carlos-latre-produccio-espectacle-one-man-show-01.jpg"}],"twitter_card":"summary_large_image","twitter_misc":{"Tiempo de lectura":"3 minutos"},"schema":{"@context":"https:\/\/schema.org","@graph":[{"@type":"WebPage","@id":"https:\/\/www.guacamole.media\/es\/proyecto-audiovisual-produccion-espectaculo-carlos-latre-one-man-show\/","url":"https:\/\/www.guacamole.media\/es\/proyecto-audiovisual-produccion-espectaculo-carlos-latre-one-man-show\/","name":"Carlos Latre - One Man Show. Producci\u00f3n audiovisual para teatro.","isPartOf":{"@id":"https:\/\/www.guacamole.media\/es\/#website"},"primaryImageOfPage":{"@id":"https:\/\/www.guacamole.media\/es\/proyecto-audiovisual-produccion-espectaculo-carlos-latre-one-man-show\/#primaryimage"},"image":{"@id":"https:\/\/www.guacamole.media\/es\/proyecto-audiovisual-produccion-espectaculo-carlos-latre-one-man-show\/#primaryimage"},"thumbnailUrl":"https:\/\/www.guacamole.media\/wp-content\/uploads\/2021\/07\/projecte-carlos-latre-produccio-espectacle-one-man-show-01.jpg","datePublished":"2021-07-18T11:16:01+00:00","dateModified":"2022-04-20T10:00:06+00:00","description":"Producci\u00f3n audiovisual del \u00faltimo espect\u00e1culo para teatro de Carlos Latre. VFX, dise\u00f1o de sonido, edici\u00f3n y grafismos audiovisuales.","breadcrumb":{"@id":"https:\/\/www.guacamole.media\/es\/proyecto-audiovisual-produccion-espectaculo-carlos-latre-one-man-show\/#breadcrumb"},"inLanguage":"es","potentialAction":[{"@type":"ReadAction","target":["https:\/\/www.guacamole.media\/es\/proyecto-audiovisual-produccion-espectaculo-carlos-latre-one-man-show\/"]}]},{"@type":"ImageObject","inLanguage":"es","@id":"https:\/\/www.guacamole.media\/es\/proyecto-audiovisual-produccion-espectaculo-carlos-latre-one-man-show\/#primaryimage","url":"https:\/\/www.guacamole.media\/wp-content\/uploads\/2021\/07\/projecte-carlos-latre-produccio-espectacle-one-man-show-01.jpg","contentUrl":"https:\/\/www.guacamole.media\/wp-content\/uploads\/2021\/07\/projecte-carlos-latre-produccio-espectacle-one-man-show-01.jpg"},{"@type":"BreadcrumbList","@id":"https:\/\/www.guacamole.media\/es\/proyecto-audiovisual-produccion-espectaculo-carlos-latre-one-man-show\/#breadcrumb","itemListElement":[{"@type":"ListItem","position":1,"name":"Portada","item":"https:\/\/www.guacamole.media\/es\/"},{"@type":"ListItem","position":2,"name":"Carlos Latre &#8211; One Man Show. Producci\u00f3n audiovisual para teatro"}]},{"@type":"WebSite","@id":"https:\/\/www.guacamole.media\/es\/#website","url":"https:\/\/www.guacamole.media\/es\/","name":"Guacamole Productora Audiovisual","description":"Productora Audiovisual","potentialAction":[{"@type":"SearchAction","target":{"@type":"EntryPoint","urlTemplate":"https:\/\/www.guacamole.media\/es\/?s={search_term_string}"},"query-input":"required name=search_term_string"}],"inLanguage":"es"}]}},"_links":{"self":[{"href":"https:\/\/www.guacamole.media\/es\/wp-json\/wp\/v2\/pages\/1223"}],"collection":[{"href":"https:\/\/www.guacamole.media\/es\/wp-json\/wp\/v2\/pages"}],"about":[{"href":"https:\/\/www.guacamole.media\/es\/wp-json\/wp\/v2\/types\/page"}],"author":[{"embeddable":true,"href":"https:\/\/www.guacamole.media\/es\/wp-json\/wp\/v2\/users\/1"}],"replies":[{"embeddable":true,"href":"https:\/\/www.guacamole.media\/es\/wp-json\/wp\/v2\/comments?post=1223"}],"version-history":[{"count":4,"href":"https:\/\/www.guacamole.media\/es\/wp-json\/wp\/v2\/pages\/1223\/revisions"}],"predecessor-version":[{"id":1227,"href":"https:\/\/www.guacamole.media\/es\/wp-json\/wp\/v2\/pages\/1223\/revisions\/1227"}],"wp:attachment":[{"href":"https:\/\/www.guacamole.media\/es\/wp-json\/wp\/v2\/media?parent=1223"}],"curies":[{"name":"wp","href":"https:\/\/api.w.org\/{rel}","templated":true}]}}