{"id":1248,"date":"2021-04-21T16:47:22","date_gmt":"2021-04-21T16:47:22","guid":{"rendered":"https:\/\/www.guacamole.media\/projecte-pura-ceba-x-hugo-dax\/"},"modified":"2022-04-20T14:36:12","modified_gmt":"2022-04-20T14:36:12","slug":"projecte-pura-ceba-x-hugo-dax","status":"publish","type":"page","link":"https:\/\/www.guacamole.media\/es\/proyecto-pura-ceba-x-hugo-dax\/","title":{"rendered":"Proyecto Pura Ceba X Hugo Dax"},"content":{"rendered":"<p>Pura Ceba \u2014<br \/>\n<br \/>Mallot 2020<\/p>\n<p>left<br \/>no-repeat;left top;;<br \/>auto<br \/>fadeInRight<\/p>\n<p>Pura Ceba \u2014<br \/>\n<br \/>Mallot 2020<\/p>\n<p>left<br \/>no-repeat;left top;;<br \/>auto<br \/>fadeInRight<\/p>\n<p><img decoding=\"async\" src=\"https:\/\/www.guacamole.media\/wp-content\/uploads\/2020\/06\/projectes-puraceba-01.jpg\" alt=\"Projecte audiovisual Sabadell\" \/><br \/>center<\/p>\n<h1>Producci\u00f3 d\\&#8217;un spot per a PURACEBA<\/h1>\n<p>Els nostres amics de PURACEBA han dissenyat un mallot ciclista que barreja els trets m\u00e9s identitaris de Sabadell amb la seva afici\u00f3 pel ciclisme. Guacamole ha estat l\\&#8217;encarregada de produir aquest spot de presentaci\u00f3 del nou producte estrella de la marca m\u00e9s gamberra i \u00fanica de la capital del Vall\u00e8s Occidental. <\/p>\n<p>M\u00e9s informaci\u00f3: <a href=\"http:\/\/www.puraceba.cat\" target=\"_new\" rel=\"noopener noreferrer\">www.puraceba.cat<\/a><\/p>\n<p>left<br \/>left<br \/>#ffffff<br \/>no-repeat;left top;;<br \/>auto<br \/>separacio_text<\/p>\n<h1>Producci\u00f3 d\\&#8217;un spot per a PURACEBA<\/h1>\n<p>Els nostres amics de PURACEBA han dissenyat un mallot ciclista que barreja els trets m\u00e9s identitaris de Sabadell amb la seva afici\u00f3 pel ciclisme. Guacamole ha estat l\\&#8217;encarregada de produir aquest spot de presentaci\u00f3 del nou producte estrella de la marca m\u00e9s gamberra i \u00fanica de la capital del Vall\u00e8s Occidental. <\/p>\n<p>M\u00e9s informaci\u00f3: <a href=\"http:\/\/www.puraceba.cat\" target=\"_new\" rel=\"noopener noreferrer\">www.puraceba.cat<\/a><\/p>\n<p>left<br \/>left<br \/>#ffffff<br \/>no-repeat;left top;;<br \/>auto<br \/>0px<\/p>\n<p>https:\/\/www.guacamole.media\/videos\/PuraCeba-Mallot2020.mp4<br \/>1000<br \/>571<\/p>\n<p>Tornar a tots els <a href=\"http:\/\/www.guacamole.media\/projectes-audiovisuals\">projectes<\/a>  &gt;<\/p>\n<p>right<br \/>right<br \/>#ffffff<br \/>no-repeat;left top;;<br \/>auto<br \/>separacio_text<\/p>\n<p>Tornar a tots els <a href=\"http:\/\/www.guacamole.media\/projectes-audiovisuals\">projectes<\/a>  &gt;<\/p>\n<p>right<br \/>right<br \/>#ffffff<br \/>no-repeat;left top;;<br \/>auto<br \/>separacio_text<\/p>\n<p><img decoding=\"async\" src=\"https:\/\/www.guacamole.media\/wp-content\/uploads\/2020\/06\/projectes-puraceba-02.jpg\" alt=\"Projecte audiovisual ciclisme\" \/><br \/>center<\/p>\n<h3>Productora local i global<\/h3>\n<p>Guacamole \u00e9s una <a href=\"http:\/\/www.guacamole.media\/\">productora audiovisual<\/a> amb oficines a Manresa (Bages) i Sabadell (Vall\u00e8s Occidental), situades al centre de Catalunya. Oferim els nostres serveis de producci\u00f3 audiovisual, v\u00eddeo i fotografia, disseny visual interactiu i creaci\u00f3 de contingut digital a les principals ciutats catalanes com Barcelona (Barcelon\u00e8s), Girona (Giron\u00e8s), Tarragona (Tarragon\u00e8s), Lleida (Segri\u00e0), Terrassa, Vic (Osona), Matar\u00f3 (Maresme), Reus (Baix Camp), Granollers (Vall\u00e8s Oriental), Igualada (La Anoia) i arreu de l\u2019estat. T\\&#8217;oferim serveis audiovisuals complets per a <a href=\"#\">v\u00eddeos corporatius d\\&#8217;empresa<\/a>, <a href=\"#\">espots<\/a> i <a href=\"#\">fotografia<\/a>, entre molts altres. T\\&#8217;hi animes?<\/p>\n<p>center<br \/>no-repeat;center top;;<br \/>auto<br \/>10px 0px 50px 0px<\/p>\n<h3>Productora local i global<\/h3>\n<p>Guacamole \u00e9s una <a href=\"http:\/\/www.guacamole.media\/\">productora audiovisual<\/a> amb oficines a Manresa (Bages) i Sabadell (Vall\u00e8s Occidental), situades al centre de Catalunya. Oferim els nostres serveis de producci\u00f3 audiovisual, v\u00eddeo i fotografia, disseny visual interactiu i creaci\u00f3 de contingut digital a les principals ciutats catalanes com Barcelona (Barcelon\u00e8s), Girona (Giron\u00e8s), Tarragona (Tarragon\u00e8s), Lleida (Segri\u00e0), Terrassa, Vic (Osona), Matar\u00f3 (Maresme), Reus (Baix Camp), Granollers (Vall\u00e8s Oriental), Igualada (La Anoia) i arreu de l\u2019estat. T\\&#8217;oferim serveis audiovisuals complets per a <a href=\"#\">v\u00eddeos corporatius d\\&#8217;empresa<\/a>, <a href=\"#\">espots<\/a> i <a href=\"#\">fotografia<\/a>, entre molts altres. T\\&#8217;hi animes?<\/p>\n<p>center<br \/>no-repeat;center top;;<br \/>auto<br \/>10px 0px 50px 0px<\/p>\n","protected":false},"excerpt":{"rendered":"<p>Pura Ceba \u2014 Mallot 2020 leftno-repeat;left top;;autofadeInRight Pura Ceba \u2014 Mallot 2020 leftno-repeat;left top;;autofadeInRight center Producci\u00f3 d\\&#8217;un spot per a PURACEBA Els nostres amics de PURACEBA<span class=\"excerpt-hellip\"> [\u2026]<\/span><\/p>\n","protected":false},"author":1,"featured_media":0,"parent":0,"menu_order":0,"comment_status":"closed","ping_status":"closed","template":"","meta":{"footnotes":""},"acf":[],"yoast_head":"<!-- This site is optimized with the Yoast SEO plugin v22.4 - https:\/\/yoast.com\/wordpress\/plugins\/seo\/ -->\n<title>Spot de Pura Ceba x Hugo Dax. Proyectos audiovisuales en Guacamole.<\/title>\n<meta name=\"description\" content=\"Producci\u00f3n audiovisual del spot de PURACEBA para la campa\u00f1a de Navidad 2020.\" \/>\n<meta name=\"robots\" content=\"index, follow, max-snippet:-1, max-image-preview:large, max-video-preview:-1\" \/>\n<link rel=\"canonical\" href=\"https:\/\/www.guacamole.media\/es\/proyecto-pura-ceba-x-hugo-dax\/\" \/>\n<meta property=\"og:locale\" content=\"es_ES\" \/>\n<meta property=\"og:type\" content=\"article\" \/>\n<meta property=\"og:title\" content=\"Spot de Pura Ceba x Hugo Dax. Proyectos audiovisuales en Guacamole.\" \/>\n<meta property=\"og:description\" content=\"Producci\u00f3n audiovisual del spot de PURACEBA para la campa\u00f1a de Navidad 2020.\" \/>\n<meta property=\"og:url\" content=\"https:\/\/www.guacamole.media\/es\/proyecto-pura-ceba-x-hugo-dax\/\" \/>\n<meta property=\"og:site_name\" content=\"Guacamole\" \/>\n<meta property=\"article:modified_time\" content=\"2022-04-20T14:36:12+00:00\" \/>\n<meta property=\"og:image\" content=\"https:\/\/www.guacamole.media\/wp-content\/uploads\/2020\/06\/projectes-puraceba-01.jpg\" \/>\n<meta name=\"twitter:card\" content=\"summary_large_image\" \/>\n<meta name=\"twitter:label1\" content=\"Tiempo de lectura\" \/>\n\t<meta name=\"twitter:data1\" content=\"2 minutos\" \/>\n<script type=\"application\/ld+json\" class=\"yoast-schema-graph\">{\"@context\":\"https:\/\/schema.org\",\"@graph\":[{\"@type\":\"WebPage\",\"@id\":\"https:\/\/www.guacamole.media\/es\/proyecto-pura-ceba-x-hugo-dax\/\",\"url\":\"https:\/\/www.guacamole.media\/es\/proyecto-pura-ceba-x-hugo-dax\/\",\"name\":\"Spot de Pura Ceba x Hugo Dax. Proyectos audiovisuales en Guacamole.\",\"isPartOf\":{\"@id\":\"https:\/\/www.guacamole.media\/es\/#website\"},\"primaryImageOfPage\":{\"@id\":\"https:\/\/www.guacamole.media\/es\/proyecto-pura-ceba-x-hugo-dax\/#primaryimage\"},\"image\":{\"@id\":\"https:\/\/www.guacamole.media\/es\/proyecto-pura-ceba-x-hugo-dax\/#primaryimage\"},\"thumbnailUrl\":\"https:\/\/www.guacamole.media\/wp-content\/uploads\/2020\/06\/projectes-puraceba-01.jpg\",\"datePublished\":\"2021-04-21T16:47:22+00:00\",\"dateModified\":\"2022-04-20T14:36:12+00:00\",\"description\":\"Producci\u00f3n audiovisual del spot de PURACEBA para la campa\u00f1a de Navidad 2020.\",\"breadcrumb\":{\"@id\":\"https:\/\/www.guacamole.media\/es\/proyecto-pura-ceba-x-hugo-dax\/#breadcrumb\"},\"inLanguage\":\"es\",\"potentialAction\":[{\"@type\":\"ReadAction\",\"target\":[\"https:\/\/www.guacamole.media\/es\/proyecto-pura-ceba-x-hugo-dax\/\"]}]},{\"@type\":\"ImageObject\",\"inLanguage\":\"es\",\"@id\":\"https:\/\/www.guacamole.media\/es\/proyecto-pura-ceba-x-hugo-dax\/#primaryimage\",\"url\":\"https:\/\/www.guacamole.media\/wp-content\/uploads\/2020\/06\/projectes-puraceba-01.jpg\",\"contentUrl\":\"https:\/\/www.guacamole.media\/wp-content\/uploads\/2020\/06\/projectes-puraceba-01.jpg\"},{\"@type\":\"BreadcrumbList\",\"@id\":\"https:\/\/www.guacamole.media\/es\/proyecto-pura-ceba-x-hugo-dax\/#breadcrumb\",\"itemListElement\":[{\"@type\":\"ListItem\",\"position\":1,\"name\":\"Portada\",\"item\":\"https:\/\/www.guacamole.media\/es\/\"},{\"@type\":\"ListItem\",\"position\":2,\"name\":\"Proyecto Pura Ceba X Hugo Dax\"}]},{\"@type\":\"WebSite\",\"@id\":\"https:\/\/www.guacamole.media\/es\/#website\",\"url\":\"https:\/\/www.guacamole.media\/es\/\",\"name\":\"Guacamole Productora Audiovisual\",\"description\":\"Productora Audiovisual\",\"potentialAction\":[{\"@type\":\"SearchAction\",\"target\":{\"@type\":\"EntryPoint\",\"urlTemplate\":\"https:\/\/www.guacamole.media\/es\/?s={search_term_string}\"},\"query-input\":\"required name=search_term_string\"}],\"inLanguage\":\"es\"}]}<\/script>\n<!-- \/ Yoast SEO plugin. -->","yoast_head_json":{"title":"Spot de Pura Ceba x Hugo Dax. Proyectos audiovisuales en Guacamole.","description":"Producci\u00f3n audiovisual del spot de PURACEBA para la campa\u00f1a de Navidad 2020.","robots":{"index":"index","follow":"follow","max-snippet":"max-snippet:-1","max-image-preview":"max-image-preview:large","max-video-preview":"max-video-preview:-1"},"canonical":"https:\/\/www.guacamole.media\/es\/proyecto-pura-ceba-x-hugo-dax\/","og_locale":"es_ES","og_type":"article","og_title":"Spot de Pura Ceba x Hugo Dax. Proyectos audiovisuales en Guacamole.","og_description":"Producci\u00f3n audiovisual del spot de PURACEBA para la campa\u00f1a de Navidad 2020.","og_url":"https:\/\/www.guacamole.media\/es\/proyecto-pura-ceba-x-hugo-dax\/","og_site_name":"Guacamole","article_modified_time":"2022-04-20T14:36:12+00:00","og_image":[{"url":"https:\/\/www.guacamole.media\/wp-content\/uploads\/2020\/06\/projectes-puraceba-01.jpg"}],"twitter_card":"summary_large_image","twitter_misc":{"Tiempo de lectura":"2 minutos"},"schema":{"@context":"https:\/\/schema.org","@graph":[{"@type":"WebPage","@id":"https:\/\/www.guacamole.media\/es\/proyecto-pura-ceba-x-hugo-dax\/","url":"https:\/\/www.guacamole.media\/es\/proyecto-pura-ceba-x-hugo-dax\/","name":"Spot de Pura Ceba x Hugo Dax. Proyectos audiovisuales en Guacamole.","isPartOf":{"@id":"https:\/\/www.guacamole.media\/es\/#website"},"primaryImageOfPage":{"@id":"https:\/\/www.guacamole.media\/es\/proyecto-pura-ceba-x-hugo-dax\/#primaryimage"},"image":{"@id":"https:\/\/www.guacamole.media\/es\/proyecto-pura-ceba-x-hugo-dax\/#primaryimage"},"thumbnailUrl":"https:\/\/www.guacamole.media\/wp-content\/uploads\/2020\/06\/projectes-puraceba-01.jpg","datePublished":"2021-04-21T16:47:22+00:00","dateModified":"2022-04-20T14:36:12+00:00","description":"Producci\u00f3n audiovisual del spot de PURACEBA para la campa\u00f1a de Navidad 2020.","breadcrumb":{"@id":"https:\/\/www.guacamole.media\/es\/proyecto-pura-ceba-x-hugo-dax\/#breadcrumb"},"inLanguage":"es","potentialAction":[{"@type":"ReadAction","target":["https:\/\/www.guacamole.media\/es\/proyecto-pura-ceba-x-hugo-dax\/"]}]},{"@type":"ImageObject","inLanguage":"es","@id":"https:\/\/www.guacamole.media\/es\/proyecto-pura-ceba-x-hugo-dax\/#primaryimage","url":"https:\/\/www.guacamole.media\/wp-content\/uploads\/2020\/06\/projectes-puraceba-01.jpg","contentUrl":"https:\/\/www.guacamole.media\/wp-content\/uploads\/2020\/06\/projectes-puraceba-01.jpg"},{"@type":"BreadcrumbList","@id":"https:\/\/www.guacamole.media\/es\/proyecto-pura-ceba-x-hugo-dax\/#breadcrumb","itemListElement":[{"@type":"ListItem","position":1,"name":"Portada","item":"https:\/\/www.guacamole.media\/es\/"},{"@type":"ListItem","position":2,"name":"Proyecto Pura Ceba X Hugo Dax"}]},{"@type":"WebSite","@id":"https:\/\/www.guacamole.media\/es\/#website","url":"https:\/\/www.guacamole.media\/es\/","name":"Guacamole Productora Audiovisual","description":"Productora Audiovisual","potentialAction":[{"@type":"SearchAction","target":{"@type":"EntryPoint","urlTemplate":"https:\/\/www.guacamole.media\/es\/?s={search_term_string}"},"query-input":"required name=search_term_string"}],"inLanguage":"es"}]}},"_links":{"self":[{"href":"https:\/\/www.guacamole.media\/es\/wp-json\/wp\/v2\/pages\/1248"}],"collection":[{"href":"https:\/\/www.guacamole.media\/es\/wp-json\/wp\/v2\/pages"}],"about":[{"href":"https:\/\/www.guacamole.media\/es\/wp-json\/wp\/v2\/types\/page"}],"author":[{"embeddable":true,"href":"https:\/\/www.guacamole.media\/es\/wp-json\/wp\/v2\/users\/1"}],"replies":[{"embeddable":true,"href":"https:\/\/www.guacamole.media\/es\/wp-json\/wp\/v2\/comments?post=1248"}],"version-history":[{"count":1,"href":"https:\/\/www.guacamole.media\/es\/wp-json\/wp\/v2\/pages\/1248\/revisions"}],"predecessor-version":[{"id":1249,"href":"https:\/\/www.guacamole.media\/es\/wp-json\/wp\/v2\/pages\/1248\/revisions\/1249"}],"wp:attachment":[{"href":"https:\/\/www.guacamole.media\/es\/wp-json\/wp\/v2\/media?parent=1248"}],"curies":[{"name":"wp","href":"https:\/\/api.w.org\/{rel}","templated":true}]}}