{"id":1251,"date":"2020-06-29T17:32:52","date_gmt":"2020-06-29T17:32:52","guid":{"rendered":"https:\/\/www.guacamole.media\/projecte-urbanauta-mascaretes-um1\/"},"modified":"2022-04-20T14:42:56","modified_gmt":"2022-04-20T14:42:56","slug":"proyecto-urbanauta-mascarillas-um1","status":"publish","type":"page","link":"https:\/\/www.guacamole.media\/es\/proyecto-urbanauta-mascarillas-um1\/","title":{"rendered":"Proyecto Urbanauta &#8211; Mascarillas UM1"},"content":{"rendered":"<p>Urbanauta \u2014<br \/>\n<br \/>UM1<\/p>\n<p>left<br \/>no-repeat;left top;;<br \/>auto<br \/>fadeInRight<\/p>\n<p>Pura Ceba \u2014<br \/>\n<br \/>Mallot 2020<\/p>\n<p>right<br \/>no-repeat;left top;;<br \/>auto<br \/>fadeInRight<\/p>\n<p><img decoding=\"async\" src=\"http:\/\/www.guacamole.media\/wp-content\/uploads\/2020\/06\/projectes-urbanauta-mascaretes-um1-01.jpg\" alt=\"Mascaretes Urbanauta UM1\" \/><br \/>center<\/p>\n<h1>Spot mascaretes Urbanauta UM1<\/h1>\n<p>Els nostres amics de PURACEBA han dissenyat un mallot ciclista que barreja els trets m\u00e9s identitaris de Sabadell amb la seva afici\u00f3 pel ciclisme. Guacamole ha estat l\\&#8217;encarregada de produir aquest spot de presentaci\u00f3 del nou producte estrella de la marca m\u00e9s gamberra i \u00fanica de la capital del Vall\u00e8s Occidental. <\/p>\n<p>M\u00e9s informaci\u00f3: <a href=\"http:\/\/www.puraceba.cat\" target=\"_new\" rel=\"noopener noreferrer\">www.puraceba.cat<\/a><\/p>\n<p>left<br \/>left<br \/>#ffffff<br \/>no-repeat;left top;;<br \/>auto<br \/>separacio_text<\/p>\n<h1>Producci\u00f3 d\\&#8217;un spot per a PURACEBA<\/h1>\n<p>Els nostres amics de PURACEBA han dissenyat un mallot ciclista que barreja els trets m\u00e9s identitaris de Sabadell amb la seva afici\u00f3 pel ciclisme. Guacamole ha estat l\\&#8217;encarregada de produir aquest spot de presentaci\u00f3 del nou producte estrella de la marca m\u00e9s gamberra i \u00fanica de la capital del Vall\u00e8s Occidental. <\/p>\n<p>M\u00e9s informaci\u00f3: <a href=\"http:\/\/www.puraceba.cat\" target=\"_new\" rel=\"noopener noreferrer\">www.puraceba.cat<\/a><\/p>\n<p>left<br \/>left<br \/>#ffffff<br \/>no-repeat;left top;;<br \/>auto<br \/>0px<\/p>\n<p>http:\/\/www.guacamole.media\/videos\/PuraCeba-Mallot2020.mp4<br \/>1000<br \/>571<\/p>\n<p>Tornar a tots els <a href=\"http:\/\/www.guacamole.media\/projectes-audiovisuals\">projectes<\/a>  &gt;<\/p>\n<p>right<br \/>right<br \/>#ffffff<br \/>no-repeat;left top;;<br \/>auto<br \/>separacio_text<\/p>\n<p>Tornar a tots els <a href=\"http:\/\/www.guacamole.media\/projectes-audiovisuals\">projectes<\/a>  &gt;<\/p>\n<p>right<br \/>right<br \/>#ffffff<br \/>no-repeat;left top;;<br \/>auto<br \/>separacio_text<\/p>\n<p><img decoding=\"async\" src=\"http:\/\/www.guacamole.media\/wp-content\/uploads\/2020\/06\/projectes-urbanauta-mascaretes-um1-02.jpg\" alt=\"Mascaretes Urbanauta UM1\" \/><br \/>center<\/p>\n<h3>Productora local i global<\/h3>\n<p>Guacamole \u00e9s una <a href=\"http:\/\/www.guacamole.media\/\">productora audiovisual<\/a> amb oficines a Manresa (Bages) i Sabadell (Vall\u00e8s Occidental), situades al centre de Catalunya. Oferim els nostres serveis de producci\u00f3 audiovisual, v\u00eddeo i fotografia, disseny visual interactiu i creaci\u00f3 de contingut digital a les principals ciutats catalanes com Barcelona (Barcelon\u00e8s), Girona (Giron\u00e8s), Tarragona (Tarragon\u00e8s), Lleida (Segri\u00e0), Terrassa, Vic (Osona), Matar\u00f3 (Maresme), Reus (Baix Camp), Granollers (Vall\u00e8s Oriental), Igualada (La Anoia) i arreu de l\u2019estat. T\\&#8217;oferim serveis audiovisuals complets per a <a href=\"#\">v\u00eddeos corporatius d\\&#8217;empresa<\/a>, <a href=\"#\">espots<\/a> i <a href=\"#\">fotografia<\/a>, entre molts altres. T\\&#8217;hi animes?<\/p>\n<p>center<br \/>no-repeat;center top;;<br \/>auto<br \/>10px 0px 50px 0px<\/p>\n<h3>Productora local i global<\/h3>\n<p>Guacamole \u00e9s una <a href=\"http:\/\/www.guacamole.media\/\">productora audiovisual<\/a> amb oficines a Manresa (Bages) i Sabadell (Vall\u00e8s Occidental), situades al centre de Catalunya. Oferim els nostres serveis de producci\u00f3 audiovisual, v\u00eddeo i fotografia, disseny visual interactiu i creaci\u00f3 de contingut digital a les principals ciutats catalanes com Barcelona (Barcelon\u00e8s), Girona (Giron\u00e8s), Tarragona (Tarragon\u00e8s), Lleida (Segri\u00e0), Terrassa, Vic (Osona), Matar\u00f3 (Maresme), Reus (Baix Camp), Granollers (Vall\u00e8s Oriental), Igualada (La Anoia) i arreu de l\u2019estat. T\\&#8217;oferim serveis audiovisuals complets per a <a href=\"#\">v\u00eddeos corporatius d\\&#8217;empresa<\/a>, <a href=\"#\">espots<\/a> i <a href=\"#\">fotografia<\/a>, entre molts altres. T\\&#8217;hi animes?<\/p>\n<p>center<br \/>no-repeat;center top;;<br \/>auto<br \/>10px 0px 50px 0px<\/p>\n","protected":false},"excerpt":{"rendered":"<p>Urbanauta \u2014 UM1 leftno-repeat;left top;;autofadeInRight Pura Ceba \u2014 Mallot 2020 rightno-repeat;left top;;autofadeInRight center Spot mascaretes Urbanauta UM1 Els nostres amics de PURACEBA han dissenyat un mallot<span class=\"excerpt-hellip\"> [\u2026]<\/span><\/p>\n","protected":false},"author":1,"featured_media":0,"parent":0,"menu_order":0,"comment_status":"closed","ping_status":"closed","template":"","meta":{"footnotes":""},"acf":[],"yoast_head":"<!-- This site is optimized with the Yoast SEO plugin v22.4 - https:\/\/yoast.com\/wordpress\/plugins\/seo\/ -->\n<title>Mascarillas Urbanauta UM1. Proyectos audiovisuales en Guacamole.<\/title>\n<meta name=\"description\" content=\"En Guacamole hemos realizadoy producido el spot de presentaci\u00f3n de les mascarillas UM1 de Urbanauta. Un producto 100% local.\" \/>\n<meta name=\"robots\" content=\"index, follow, max-snippet:-1, max-image-preview:large, max-video-preview:-1\" \/>\n<link rel=\"canonical\" href=\"https:\/\/www.guacamole.media\/es\/proyecto-urbanauta-mascarillas-um1\/\" \/>\n<meta property=\"og:locale\" content=\"es_ES\" \/>\n<meta property=\"og:type\" content=\"article\" \/>\n<meta property=\"og:title\" content=\"Mascarillas Urbanauta UM1. Proyectos audiovisuales en Guacamole.\" \/>\n<meta property=\"og:description\" content=\"En Guacamole hemos realizadoy producido el spot de presentaci\u00f3n de les mascarillas UM1 de Urbanauta. Un producto 100% local.\" \/>\n<meta property=\"og:url\" content=\"https:\/\/www.guacamole.media\/es\/proyecto-urbanauta-mascarillas-um1\/\" \/>\n<meta property=\"og:site_name\" content=\"Guacamole\" \/>\n<meta property=\"article:modified_time\" content=\"2022-04-20T14:42:56+00:00\" \/>\n<meta property=\"og:image\" content=\"http:\/\/www.guacamole.media\/wp-content\/uploads\/2020\/06\/projectes-urbanauta-mascaretes-um1-01.jpg\" \/>\n<meta name=\"twitter:card\" content=\"summary_large_image\" \/>\n<meta name=\"twitter:label1\" content=\"Tiempo de lectura\" \/>\n\t<meta name=\"twitter:data1\" content=\"2 minutos\" \/>\n<script type=\"application\/ld+json\" class=\"yoast-schema-graph\">{\"@context\":\"https:\/\/schema.org\",\"@graph\":[{\"@type\":\"WebPage\",\"@id\":\"https:\/\/www.guacamole.media\/es\/proyecto-urbanauta-mascarillas-um1\/\",\"url\":\"https:\/\/www.guacamole.media\/es\/proyecto-urbanauta-mascarillas-um1\/\",\"name\":\"Mascarillas Urbanauta UM1. Proyectos audiovisuales en Guacamole.\",\"isPartOf\":{\"@id\":\"https:\/\/www.guacamole.media\/es\/#website\"},\"primaryImageOfPage\":{\"@id\":\"https:\/\/www.guacamole.media\/es\/proyecto-urbanauta-mascarillas-um1\/#primaryimage\"},\"image\":{\"@id\":\"https:\/\/www.guacamole.media\/es\/proyecto-urbanauta-mascarillas-um1\/#primaryimage\"},\"thumbnailUrl\":\"http:\/\/www.guacamole.media\/wp-content\/uploads\/2020\/06\/projectes-urbanauta-mascaretes-um1-01.jpg\",\"datePublished\":\"2020-06-29T17:32:52+00:00\",\"dateModified\":\"2022-04-20T14:42:56+00:00\",\"description\":\"En Guacamole hemos realizadoy producido el spot de presentaci\u00f3n de les mascarillas UM1 de Urbanauta. Un producto 100% local.\",\"breadcrumb\":{\"@id\":\"https:\/\/www.guacamole.media\/es\/proyecto-urbanauta-mascarillas-um1\/#breadcrumb\"},\"inLanguage\":\"es\",\"potentialAction\":[{\"@type\":\"ReadAction\",\"target\":[\"https:\/\/www.guacamole.media\/es\/proyecto-urbanauta-mascarillas-um1\/\"]}]},{\"@type\":\"ImageObject\",\"inLanguage\":\"es\",\"@id\":\"https:\/\/www.guacamole.media\/es\/proyecto-urbanauta-mascarillas-um1\/#primaryimage\",\"url\":\"http:\/\/www.guacamole.media\/wp-content\/uploads\/2020\/06\/projectes-urbanauta-mascaretes-um1-01.jpg\",\"contentUrl\":\"http:\/\/www.guacamole.media\/wp-content\/uploads\/2020\/06\/projectes-urbanauta-mascaretes-um1-01.jpg\"},{\"@type\":\"BreadcrumbList\",\"@id\":\"https:\/\/www.guacamole.media\/es\/proyecto-urbanauta-mascarillas-um1\/#breadcrumb\",\"itemListElement\":[{\"@type\":\"ListItem\",\"position\":1,\"name\":\"Portada\",\"item\":\"https:\/\/www.guacamole.media\/es\/\"},{\"@type\":\"ListItem\",\"position\":2,\"name\":\"Proyecto Urbanauta &#8211; Mascarillas UM1\"}]},{\"@type\":\"WebSite\",\"@id\":\"https:\/\/www.guacamole.media\/es\/#website\",\"url\":\"https:\/\/www.guacamole.media\/es\/\",\"name\":\"Guacamole Productora Audiovisual\",\"description\":\"Productora Audiovisual\",\"potentialAction\":[{\"@type\":\"SearchAction\",\"target\":{\"@type\":\"EntryPoint\",\"urlTemplate\":\"https:\/\/www.guacamole.media\/es\/?s={search_term_string}\"},\"query-input\":\"required name=search_term_string\"}],\"inLanguage\":\"es\"}]}<\/script>\n<!-- \/ Yoast SEO plugin. -->","yoast_head_json":{"title":"Mascarillas Urbanauta UM1. Proyectos audiovisuales en Guacamole.","description":"En Guacamole hemos realizadoy producido el spot de presentaci\u00f3n de les mascarillas UM1 de Urbanauta. Un producto 100% local.","robots":{"index":"index","follow":"follow","max-snippet":"max-snippet:-1","max-image-preview":"max-image-preview:large","max-video-preview":"max-video-preview:-1"},"canonical":"https:\/\/www.guacamole.media\/es\/proyecto-urbanauta-mascarillas-um1\/","og_locale":"es_ES","og_type":"article","og_title":"Mascarillas Urbanauta UM1. Proyectos audiovisuales en Guacamole.","og_description":"En Guacamole hemos realizadoy producido el spot de presentaci\u00f3n de les mascarillas UM1 de Urbanauta. Un producto 100% local.","og_url":"https:\/\/www.guacamole.media\/es\/proyecto-urbanauta-mascarillas-um1\/","og_site_name":"Guacamole","article_modified_time":"2022-04-20T14:42:56+00:00","og_image":[{"url":"http:\/\/www.guacamole.media\/wp-content\/uploads\/2020\/06\/projectes-urbanauta-mascaretes-um1-01.jpg"}],"twitter_card":"summary_large_image","twitter_misc":{"Tiempo de lectura":"2 minutos"},"schema":{"@context":"https:\/\/schema.org","@graph":[{"@type":"WebPage","@id":"https:\/\/www.guacamole.media\/es\/proyecto-urbanauta-mascarillas-um1\/","url":"https:\/\/www.guacamole.media\/es\/proyecto-urbanauta-mascarillas-um1\/","name":"Mascarillas Urbanauta UM1. Proyectos audiovisuales en Guacamole.","isPartOf":{"@id":"https:\/\/www.guacamole.media\/es\/#website"},"primaryImageOfPage":{"@id":"https:\/\/www.guacamole.media\/es\/proyecto-urbanauta-mascarillas-um1\/#primaryimage"},"image":{"@id":"https:\/\/www.guacamole.media\/es\/proyecto-urbanauta-mascarillas-um1\/#primaryimage"},"thumbnailUrl":"http:\/\/www.guacamole.media\/wp-content\/uploads\/2020\/06\/projectes-urbanauta-mascaretes-um1-01.jpg","datePublished":"2020-06-29T17:32:52+00:00","dateModified":"2022-04-20T14:42:56+00:00","description":"En Guacamole hemos realizadoy producido el spot de presentaci\u00f3n de les mascarillas UM1 de Urbanauta. Un producto 100% local.","breadcrumb":{"@id":"https:\/\/www.guacamole.media\/es\/proyecto-urbanauta-mascarillas-um1\/#breadcrumb"},"inLanguage":"es","potentialAction":[{"@type":"ReadAction","target":["https:\/\/www.guacamole.media\/es\/proyecto-urbanauta-mascarillas-um1\/"]}]},{"@type":"ImageObject","inLanguage":"es","@id":"https:\/\/www.guacamole.media\/es\/proyecto-urbanauta-mascarillas-um1\/#primaryimage","url":"http:\/\/www.guacamole.media\/wp-content\/uploads\/2020\/06\/projectes-urbanauta-mascaretes-um1-01.jpg","contentUrl":"http:\/\/www.guacamole.media\/wp-content\/uploads\/2020\/06\/projectes-urbanauta-mascaretes-um1-01.jpg"},{"@type":"BreadcrumbList","@id":"https:\/\/www.guacamole.media\/es\/proyecto-urbanauta-mascarillas-um1\/#breadcrumb","itemListElement":[{"@type":"ListItem","position":1,"name":"Portada","item":"https:\/\/www.guacamole.media\/es\/"},{"@type":"ListItem","position":2,"name":"Proyecto Urbanauta &#8211; Mascarillas UM1"}]},{"@type":"WebSite","@id":"https:\/\/www.guacamole.media\/es\/#website","url":"https:\/\/www.guacamole.media\/es\/","name":"Guacamole Productora Audiovisual","description":"Productora Audiovisual","potentialAction":[{"@type":"SearchAction","target":{"@type":"EntryPoint","urlTemplate":"https:\/\/www.guacamole.media\/es\/?s={search_term_string}"},"query-input":"required name=search_term_string"}],"inLanguage":"es"}]}},"_links":{"self":[{"href":"https:\/\/www.guacamole.media\/es\/wp-json\/wp\/v2\/pages\/1251"}],"collection":[{"href":"https:\/\/www.guacamole.media\/es\/wp-json\/wp\/v2\/pages"}],"about":[{"href":"https:\/\/www.guacamole.media\/es\/wp-json\/wp\/v2\/types\/page"}],"author":[{"embeddable":true,"href":"https:\/\/www.guacamole.media\/es\/wp-json\/wp\/v2\/users\/1"}],"replies":[{"embeddable":true,"href":"https:\/\/www.guacamole.media\/es\/wp-json\/wp\/v2\/comments?post=1251"}],"version-history":[{"count":2,"href":"https:\/\/www.guacamole.media\/es\/wp-json\/wp\/v2\/pages\/1251\/revisions"}],"predecessor-version":[{"id":1254,"href":"https:\/\/www.guacamole.media\/es\/wp-json\/wp\/v2\/pages\/1251\/revisions\/1254"}],"wp:attachment":[{"href":"https:\/\/www.guacamole.media\/es\/wp-json\/wp\/v2\/media?parent=1251"}],"curies":[{"name":"wp","href":"https:\/\/api.w.org\/{rel}","templated":true}]}}