{"id":1286,"date":"2022-08-15T16:58:39","date_gmt":"2022-08-15T16:58:39","guid":{"rendered":"https:\/\/www.guacamole.media\/?page_id=1286"},"modified":"2022-08-15T17:14:53","modified_gmt":"2022-08-15T17:14:53","slug":"formacio-uab-study-abroad","status":"publish","type":"page","link":"https:\/\/www.guacamole.media\/es\/proyecto-audiovisual-video-testimonios-produccion-audiovisual-study-abroad-uab\/","title":{"rendered":"Formaci\u00f3 UAB &#8211; Study Abroad"},"content":{"rendered":"<p>Formaci\u00f3n UAB \u2014<br \/>\n<br \/>Study Abroad<\/p>\n<p>left<br \/>no-repeat;left top;;<br \/>auto<br \/>fadeInRight<\/p>\n<p>Formaci\u00f3n UAB \u2014<br \/>\n<br \/>Study Abroad<\/p>\n<p>left<br \/>no-repeat;left top;;<br \/>auto<br \/>fadeInRight<\/p>\n<p><img decoding=\"async\" src=\"https:\/\/www.guacamole.media\/wp-content\/uploads\/2022\/07\/formacio-uab-study-abroad-02.jpg\" alt=\"formacio-uab-study-abroad-02\" \/><br \/>center<\/p>\n<p><img decoding=\"async\" src=\"https:\/\/www.guacamole.media\/wp-content\/uploads\/2022\/07\/formacio-uab-study-abroad-01-2.jpg\" alt=\"formacio-uab-study-abroad-01\" \/><br \/>center<\/p>\n<h1>V\u00eddeo testimonios y producci\u00f3n audiovisual para la UAB<\/h1>\n<p>Desde Guacamole hemos producido esta serie de v\u00eddeo testimonios de alumnos internacionales para el programa Study Abroad de la Universitat Aut\u00f2noma de Barcelona. A lo largo de diferentes c\u00e1psulas, los estudiantes muestran su d\u00eda a d\u00eda en el campus universitario, al mismo tiempo que nos descubren los diferentes espacios y el plan de estudios disponible. Estos clips han sido producidos para su distribuci\u00f3n y promoci\u00f3n a nivel internacional en redes sociales as\u00ed como diferentes plataformas publicitarias y de promoci\u00f3n.<\/p>\n<p>Para m\u00e1s informaci\u00f3n: <a href=\"https:\/\/www.uab.cat\/web\/movilidad-e-intercambio-internacional\/study-abroad-programmes-1345825905851.html\" target=\"new\" rel=\"noopener\">UAB Study Abroad Programmes<\/a><br \/>left<br \/>left<br \/>#ffffff<br \/>no-repeat;left top;;<br \/>auto<br \/>separacio_text<\/p>\n<h1>V\u00eddeo testimonios y producci\u00f3n audiovisual para la UAB<\/h1>\n<p>Desde Guacamole hemos producido esta serie de v\u00eddeo testimonios de alumnos internacionales para el programa Study Abroad de la Universitat Aut\u00f2noma de Barcelona. A lo largo de diferentes c\u00e1psulas, los estudiantes muestran su d\u00eda a d\u00eda en el campus universitario, al mismo tiempo que nos descubren los diferentes espacios y el plan de estudios disponible. Estos clips han sido producidos para su distribuci\u00f3n y promoci\u00f3n a nivel internacional en redes sociales as\u00ed como diferentes plataformas publicitarias y de promoci\u00f3n.<\/p>\n<p>Para m\u00e1s informaci\u00f3n: <a href=\"https:\/\/www.uab.cat\/web\/movilidad-e-intercambio-internacional\/study-abroad-programmes-1345825905851.html\" target=\"new\" rel=\"noopener\">UAB Study Abroad Programmes<\/a><br \/>left<br \/>left<br \/>#ffffff<br \/>no-repeat;left top;;<br \/>auto<br \/>0px<\/p>\n<p>https:\/\/www.guacamole.media\/videos\/UAB-StudyAbroad-2022-Meghan-135secs-1920px-HD-Subs-V2.mp4<br \/>1000<br \/>571<\/p>\n<p>Tornar a tots els <a href=\"http:\/\/www.guacamole.media\/projectes-audiovisuals\">projectes<\/a>  &gt;<\/p>\n<p>right<br \/>right<br \/>#ffffff<br \/>no-repeat;left top;;<br \/>auto<br \/>separacio_text<\/p>\n<p>Tornar a tots els <a href=\"http:\/\/www.guacamole.media\/projectes-audiovisuals\">projectes<\/a>  &gt;<\/p>\n<p>right<br \/>right<br \/>#ffffff<br \/>no-repeat;left top;;<br \/>auto<br \/>separacio_text<\/p>\n<p><img decoding=\"async\" src=\"https:\/\/www.guacamole.media\/wp-content\/uploads\/2022\/07\/formacio-uab-study-abroad-03-1.jpg\" alt=\"formacio-uab-study-abroad-03\" \/><br \/>center<\/p>\n<p><img decoding=\"async\" src=\"https:\/\/www.guacamole.media\/wp-content\/uploads\/2022\/07\/formacio-uab-study-abroad-04.jpg\" alt=\"formacio-uab-study-abroad-04\" \/><br \/>center<\/p>\n<h3>Productora local i global<\/h3>\n<p>Guacamole \u00e9s una <a href=\"http:\/\/www.guacamole.media\/\">productora audiovisual<\/a> amb oficines a Manresa (Bages) i Sabadell (Vall\u00e8s Occidental), situades al centre de Catalunya. Oferim els nostres serveis de producci\u00f3 audiovisual, v\u00eddeo i fotografia, disseny visual interactiu i creaci\u00f3 de contingut digital a les principals ciutats catalanes com Barcelona (Barcelon\u00e8s), Girona (Giron\u00e8s), Tarragona (Tarragon\u00e8s), Lleida (Segri\u00e0), Terrassa, Vic (Osona), Matar\u00f3 (Maresme), Reus (Baix Camp), Granollers (Vall\u00e8s Oriental), Igualada (La Anoia) i arreu de l\u2019estat. T\\&#8217;oferim serveis audiovisuals complets per a <a href=\"#\">v\u00eddeos corporatius d\\&#8217;empresa<\/a>, <a href=\"#\">espots<\/a> i <a href=\"#\">fotografia<\/a>, entre molts altres. T\\&#8217;hi animes?<\/p>\n<p>center<br \/>no-repeat;center top;;<br \/>auto<br \/>10px 0px 50px 0px<\/p>\n<h3>Productora local i global<\/h3>\n<p>Guacamole \u00e9s una <a href=\"http:\/\/www.guacamole.media\/\">productora audiovisual<\/a> amb oficines a Manresa (Bages) i Sabadell (Vall\u00e8s Occidental), situades al centre de Catalunya. Oferim els nostres serveis de producci\u00f3 audiovisual, v\u00eddeo i fotografia, disseny visual interactiu i creaci\u00f3 de contingut digital a les principals ciutats catalanes com Barcelona (Barcelon\u00e8s), Girona (Giron\u00e8s), Tarragona (Tarragon\u00e8s), Lleida (Segri\u00e0), Terrassa, Vic (Osona), Matar\u00f3 (Maresme), Reus (Baix Camp), Granollers (Vall\u00e8s Oriental), Igualada (La Anoia) i arreu de l\u2019estat. T\\&#8217;oferim serveis audiovisuals complets per a <a href=\"#\">v\u00eddeos corporatius d\\&#8217;empresa<\/a>, <a href=\"#\">espots<\/a> i <a href=\"#\">fotografia<\/a>, entre molts altres. T\\&#8217;hi animes?<\/p>\n<p>center<br \/>no-repeat;center top;;<br \/>auto<br \/>10px 0px 50px 0px<\/p>\n","protected":false},"excerpt":{"rendered":"<p>Formaci\u00f3n UAB \u2014 Study Abroad leftno-repeat;left top;;autofadeInRight Formaci\u00f3n UAB \u2014 Study Abroad leftno-repeat;left top;;autofadeInRight center center V\u00eddeo testimonios y producci\u00f3n audiovisual para la UAB Desde Guacamole<span class=\"excerpt-hellip\"> [\u2026]<\/span><\/p>\n","protected":false},"author":1,"featured_media":0,"parent":0,"menu_order":0,"comment_status":"closed","ping_status":"closed","template":"","meta":{"footnotes":""},"acf":[],"yoast_head":"<!-- This site is optimized with the Yoast SEO plugin v22.4 - https:\/\/yoast.com\/wordpress\/plugins\/seo\/ -->\n<title>UAB - Study Abroad. Video testimonios y producci\u00f3n audiovisual.<\/title>\n<meta name=\"description\" content=\"Producci\u00f3n audiovisual y video testimonios para el programa de alumnos internacionales Study Abroad de la Universitat Aut\u00f2noma de Barcelona.\" \/>\n<meta name=\"robots\" content=\"index, follow, max-snippet:-1, max-image-preview:large, max-video-preview:-1\" \/>\n<link rel=\"canonical\" href=\"https:\/\/www.guacamole.media\/es\/proyecto-audiovisual-video-testimonios-produccion-audiovisual-study-abroad-uab\/\" \/>\n<meta property=\"og:locale\" content=\"es_ES\" \/>\n<meta property=\"og:type\" content=\"article\" \/>\n<meta property=\"og:title\" content=\"UAB - Study Abroad. Video testimonios y producci\u00f3n audiovisual.\" \/>\n<meta property=\"og:description\" content=\"Producci\u00f3n audiovisual y video testimonios para el programa de alumnos internacionales Study Abroad de la Universitat Aut\u00f2noma de Barcelona.\" \/>\n<meta property=\"og:url\" content=\"https:\/\/www.guacamole.media\/es\/proyecto-audiovisual-video-testimonios-produccion-audiovisual-study-abroad-uab\/\" \/>\n<meta property=\"og:site_name\" content=\"Guacamole\" \/>\n<meta property=\"article:modified_time\" content=\"2022-08-15T17:14:53+00:00\" \/>\n<meta property=\"og:image\" content=\"https:\/\/www.guacamole.media\/wp-content\/uploads\/2022\/07\/formacio-uab-study-abroad-02.jpg\" \/>\n<meta name=\"twitter:card\" content=\"summary_large_image\" \/>\n<meta name=\"twitter:label1\" content=\"Tiempo de lectura\" \/>\n\t<meta name=\"twitter:data1\" content=\"2 minutos\" \/>\n<script type=\"application\/ld+json\" class=\"yoast-schema-graph\">{\"@context\":\"https:\/\/schema.org\",\"@graph\":[{\"@type\":\"WebPage\",\"@id\":\"https:\/\/www.guacamole.media\/es\/proyecto-audiovisual-video-testimonios-produccion-audiovisual-study-abroad-uab\/\",\"url\":\"https:\/\/www.guacamole.media\/es\/proyecto-audiovisual-video-testimonios-produccion-audiovisual-study-abroad-uab\/\",\"name\":\"UAB - Study Abroad. Video testimonios y producci\u00f3n audiovisual.\",\"isPartOf\":{\"@id\":\"https:\/\/www.guacamole.media\/es\/#website\"},\"primaryImageOfPage\":{\"@id\":\"https:\/\/www.guacamole.media\/es\/proyecto-audiovisual-video-testimonios-produccion-audiovisual-study-abroad-uab\/#primaryimage\"},\"image\":{\"@id\":\"https:\/\/www.guacamole.media\/es\/proyecto-audiovisual-video-testimonios-produccion-audiovisual-study-abroad-uab\/#primaryimage\"},\"thumbnailUrl\":\"https:\/\/www.guacamole.media\/wp-content\/uploads\/2022\/07\/formacio-uab-study-abroad-02.jpg\",\"datePublished\":\"2022-08-15T16:58:39+00:00\",\"dateModified\":\"2022-08-15T17:14:53+00:00\",\"description\":\"Producci\u00f3n audiovisual y video testimonios para el programa de alumnos internacionales Study Abroad de la Universitat Aut\u00f2noma de Barcelona.\",\"breadcrumb\":{\"@id\":\"https:\/\/www.guacamole.media\/es\/proyecto-audiovisual-video-testimonios-produccion-audiovisual-study-abroad-uab\/#breadcrumb\"},\"inLanguage\":\"es\",\"potentialAction\":[{\"@type\":\"ReadAction\",\"target\":[\"https:\/\/www.guacamole.media\/es\/proyecto-audiovisual-video-testimonios-produccion-audiovisual-study-abroad-uab\/\"]}]},{\"@type\":\"ImageObject\",\"inLanguage\":\"es\",\"@id\":\"https:\/\/www.guacamole.media\/es\/proyecto-audiovisual-video-testimonios-produccion-audiovisual-study-abroad-uab\/#primaryimage\",\"url\":\"https:\/\/www.guacamole.media\/wp-content\/uploads\/2022\/07\/formacio-uab-study-abroad-02.jpg\",\"contentUrl\":\"https:\/\/www.guacamole.media\/wp-content\/uploads\/2022\/07\/formacio-uab-study-abroad-02.jpg\"},{\"@type\":\"BreadcrumbList\",\"@id\":\"https:\/\/www.guacamole.media\/es\/proyecto-audiovisual-video-testimonios-produccion-audiovisual-study-abroad-uab\/#breadcrumb\",\"itemListElement\":[{\"@type\":\"ListItem\",\"position\":1,\"name\":\"Portada\",\"item\":\"https:\/\/www.guacamole.media\/es\/\"},{\"@type\":\"ListItem\",\"position\":2,\"name\":\"Formaci\u00f3 UAB &#8211; Study Abroad\"}]},{\"@type\":\"WebSite\",\"@id\":\"https:\/\/www.guacamole.media\/es\/#website\",\"url\":\"https:\/\/www.guacamole.media\/es\/\",\"name\":\"Guacamole Productora Audiovisual\",\"description\":\"Productora Audiovisual\",\"potentialAction\":[{\"@type\":\"SearchAction\",\"target\":{\"@type\":\"EntryPoint\",\"urlTemplate\":\"https:\/\/www.guacamole.media\/es\/?s={search_term_string}\"},\"query-input\":\"required name=search_term_string\"}],\"inLanguage\":\"es\"}]}<\/script>\n<!-- \/ Yoast SEO plugin. -->","yoast_head_json":{"title":"UAB - Study Abroad. Video testimonios y producci\u00f3n audiovisual.","description":"Producci\u00f3n audiovisual y video testimonios para el programa de alumnos internacionales Study Abroad de la Universitat Aut\u00f2noma de Barcelona.","robots":{"index":"index","follow":"follow","max-snippet":"max-snippet:-1","max-image-preview":"max-image-preview:large","max-video-preview":"max-video-preview:-1"},"canonical":"https:\/\/www.guacamole.media\/es\/proyecto-audiovisual-video-testimonios-produccion-audiovisual-study-abroad-uab\/","og_locale":"es_ES","og_type":"article","og_title":"UAB - Study Abroad. Video testimonios y producci\u00f3n audiovisual.","og_description":"Producci\u00f3n audiovisual y video testimonios para el programa de alumnos internacionales Study Abroad de la Universitat Aut\u00f2noma de Barcelona.","og_url":"https:\/\/www.guacamole.media\/es\/proyecto-audiovisual-video-testimonios-produccion-audiovisual-study-abroad-uab\/","og_site_name":"Guacamole","article_modified_time":"2022-08-15T17:14:53+00:00","og_image":[{"url":"https:\/\/www.guacamole.media\/wp-content\/uploads\/2022\/07\/formacio-uab-study-abroad-02.jpg"}],"twitter_card":"summary_large_image","twitter_misc":{"Tiempo de lectura":"2 minutos"},"schema":{"@context":"https:\/\/schema.org","@graph":[{"@type":"WebPage","@id":"https:\/\/www.guacamole.media\/es\/proyecto-audiovisual-video-testimonios-produccion-audiovisual-study-abroad-uab\/","url":"https:\/\/www.guacamole.media\/es\/proyecto-audiovisual-video-testimonios-produccion-audiovisual-study-abroad-uab\/","name":"UAB - Study Abroad. Video testimonios y producci\u00f3n audiovisual.","isPartOf":{"@id":"https:\/\/www.guacamole.media\/es\/#website"},"primaryImageOfPage":{"@id":"https:\/\/www.guacamole.media\/es\/proyecto-audiovisual-video-testimonios-produccion-audiovisual-study-abroad-uab\/#primaryimage"},"image":{"@id":"https:\/\/www.guacamole.media\/es\/proyecto-audiovisual-video-testimonios-produccion-audiovisual-study-abroad-uab\/#primaryimage"},"thumbnailUrl":"https:\/\/www.guacamole.media\/wp-content\/uploads\/2022\/07\/formacio-uab-study-abroad-02.jpg","datePublished":"2022-08-15T16:58:39+00:00","dateModified":"2022-08-15T17:14:53+00:00","description":"Producci\u00f3n audiovisual y video testimonios para el programa de alumnos internacionales Study Abroad de la Universitat Aut\u00f2noma de Barcelona.","breadcrumb":{"@id":"https:\/\/www.guacamole.media\/es\/proyecto-audiovisual-video-testimonios-produccion-audiovisual-study-abroad-uab\/#breadcrumb"},"inLanguage":"es","potentialAction":[{"@type":"ReadAction","target":["https:\/\/www.guacamole.media\/es\/proyecto-audiovisual-video-testimonios-produccion-audiovisual-study-abroad-uab\/"]}]},{"@type":"ImageObject","inLanguage":"es","@id":"https:\/\/www.guacamole.media\/es\/proyecto-audiovisual-video-testimonios-produccion-audiovisual-study-abroad-uab\/#primaryimage","url":"https:\/\/www.guacamole.media\/wp-content\/uploads\/2022\/07\/formacio-uab-study-abroad-02.jpg","contentUrl":"https:\/\/www.guacamole.media\/wp-content\/uploads\/2022\/07\/formacio-uab-study-abroad-02.jpg"},{"@type":"BreadcrumbList","@id":"https:\/\/www.guacamole.media\/es\/proyecto-audiovisual-video-testimonios-produccion-audiovisual-study-abroad-uab\/#breadcrumb","itemListElement":[{"@type":"ListItem","position":1,"name":"Portada","item":"https:\/\/www.guacamole.media\/es\/"},{"@type":"ListItem","position":2,"name":"Formaci\u00f3 UAB &#8211; Study Abroad"}]},{"@type":"WebSite","@id":"https:\/\/www.guacamole.media\/es\/#website","url":"https:\/\/www.guacamole.media\/es\/","name":"Guacamole Productora Audiovisual","description":"Productora Audiovisual","potentialAction":[{"@type":"SearchAction","target":{"@type":"EntryPoint","urlTemplate":"https:\/\/www.guacamole.media\/es\/?s={search_term_string}"},"query-input":"required name=search_term_string"}],"inLanguage":"es"}]}},"_links":{"self":[{"href":"https:\/\/www.guacamole.media\/es\/wp-json\/wp\/v2\/pages\/1286"}],"collection":[{"href":"https:\/\/www.guacamole.media\/es\/wp-json\/wp\/v2\/pages"}],"about":[{"href":"https:\/\/www.guacamole.media\/es\/wp-json\/wp\/v2\/types\/page"}],"author":[{"embeddable":true,"href":"https:\/\/www.guacamole.media\/es\/wp-json\/wp\/v2\/users\/1"}],"replies":[{"embeddable":true,"href":"https:\/\/www.guacamole.media\/es\/wp-json\/wp\/v2\/comments?post=1286"}],"version-history":[{"count":2,"href":"https:\/\/www.guacamole.media\/es\/wp-json\/wp\/v2\/pages\/1286\/revisions"}],"predecessor-version":[{"id":1350,"href":"https:\/\/www.guacamole.media\/es\/wp-json\/wp\/v2\/pages\/1286\/revisions\/1350"}],"wp:attachment":[{"href":"https:\/\/www.guacamole.media\/es\/wp-json\/wp\/v2\/media?parent=1286"}],"curies":[{"name":"wp","href":"https:\/\/api.w.org\/{rel}","templated":true}]}}