{"id":1355,"date":"2021-07-25T11:58:51","date_gmt":"2021-07-25T11:58:51","guid":{"rendered":"https:\/\/www.guacamole.media\/projecte-urbanauta-spot-u1\/"},"modified":"2022-08-15T17:55:55","modified_gmt":"2022-08-15T17:55:55","slug":"projecte-urbanauta-spot-u1","status":"publish","type":"page","link":"https:\/\/www.guacamole.media\/es\/proyecto-urbanita-spot-u1\/","title":{"rendered":"Proyecto Urbanita &#8211; Spot U1"},"content":{"rendered":"<p>Urbanita \u2014<br \/>\n<br \/>Spot U1<\/p>\n<p>left<br \/>no-repeat;left top;;<br \/>auto<br \/>fadeInRight<\/p>\n<p>Urbanita \u2014<br \/>\n<br \/>Spot U1<\/p>\n<p>left<br \/>no-repeat;left top;;<br \/>auto<br \/>fadeInRight<\/p>\n<p><img decoding=\"async\" src=\"https:\/\/www.guacamole.media\/wp-content\/uploads\/2020\/02\/urbanauta-motxilla-01.jpg\" alt=\"urbanauta-motxilla-01\" \/><br \/>center<\/p>\n<p><img decoding=\"async\" src=\"https:\/\/www.guacamole.media\/wp-content\/uploads\/2020\/02\/urbanauta-motxilla-02.jpg\" alt=\"urbanauta-motxilla-02\" \/><br \/>center<\/p>\n<h1>Spot motxilles Urbanita U1<\/h1>\n<p>El model U1 \u00e9s el model m\u00e9s cl\u00e0ssic i ic\u00f2nic de Urbanita des dels seus inicis. La U1 \u00e9s una motxilla pensada especialment per la vida urbana, amb sistema antirobatori i de fabricaci\u00f3 completament local. Des de la nostra productora audiovisual hem produ\u00eft aquest spot per la seva difusi\u00f3 en televisi\u00f3 i serveis de streaming nacionals.<\/p>\n<p>Per a m\u00e9s informaci\u00f3 i compres online: <a href=\"https:\/\/urbanautabarcelona.com\" target=\"_new\" rel=\"noopener\">www.urbanautabarcelona.com<\/a><\/p>\n<p>left<br \/>left<br \/>#ffffff<br \/>no-repeat;left top;;<br \/>auto<br \/>separacio_text<\/p>\n<h1>Spot motxilles Urbanita U1<\/h1>\n<p>El model U1 \u00e9s el model m\u00e9s cl\u00e0ssic i ic\u00f2nic de Urbanita des dels seus inicis. La U1 \u00e9s una motxilla pensada especialment per la vida urbana, amb sistema antirobatori i de fabricaci\u00f3 completament local. Des de la nostra productora audiovisual hem produ\u00eft aquest spot per la seva difusi\u00f3 en televisi\u00f3 i serveis de streaming nacionals.<\/p>\n<p>Per a m\u00e9s informaci\u00f3 i compres online: <a href=\"https:\/\/urbanautabarcelona.com\" target=\"_new\" rel=\"noopener\">www.urbanautabarcelona.com<\/a><\/p>\n<p>left<br \/>left<br \/>#ffffff<br \/>no-repeat;left top;;<br \/>auto<br \/>0px<\/p>\n<p>https:\/\/www.guacamole.media\/videos\/Urbanita-2018.mp4<br \/>1000<br \/>571<\/p>\n<p>Tornar a tots els <a href=\"http:\/\/www.guacamole.media\/projectes-audiovisuals\">projectes<\/a>  &gt;<\/p>\n<p>right<br \/>right<br \/>#ffffff<br \/>no-repeat;left top;;<br \/>auto<br \/>separacio_text<\/p>\n<p>Tornar a tots els <a href=\"http:\/\/www.guacamole.media\/projectes-audiovisuals\">projectes<\/a>  &gt;<\/p>\n<p>right<br \/>right<br \/>#ffffff<br \/>no-repeat;left top;;<br \/>auto<br \/>separacio_text<\/p>\n<p><img decoding=\"async\" src=\"https:\/\/www.guacamole.media\/wp-content\/uploads\/2021\/07\/projecte-urbanauta-u1-motxilla01.jpg\" alt=\"projecte-urbanauta-u1-motxilla01\" \/><br \/>center<\/p>\n<h3>Productora local i global<\/h3>\n<p>Guacamole \u00e9s una <a href=\"http:\/\/www.guacamole.media\/\">productora audiovisual<\/a> amb oficines a Manresa (Bages) i Sabadell (Vall\u00e8s Occidental), situades al centre de Catalunya. Oferim els nostres serveis de producci\u00f3 audiovisual, v\u00eddeo i fotografia, disseny visual interactiu i creaci\u00f3 de contingut digital a les principals ciutats catalanes com Barcelona (Barcelon\u00e8s), Girona (Giron\u00e8s), Tarragona (Tarragon\u00e8s), Lleida (Segri\u00e0), Terrassa, Vic (Osona), Matar\u00f3 (Maresme), Reus (Baix Camp), Granollers (Vall\u00e8s Oriental), Igualada (La Anoia) i arreu de l\u2019estat. T\\&#8217;oferim serveis audiovisuals complets per a <a href=\"#\">v\u00eddeos corporatius d\\&#8217;empresa<\/a>, <a href=\"#\">espots<\/a> i <a href=\"#\">fotografia<\/a>, entre molts altres. T\\&#8217;hi animes?<\/p>\n<p>center<br \/>no-repeat;center top;;<br \/>auto<br \/>10px 0px 50px 0px<\/p>\n<h3>Productora local i global<\/h3>\n<p>Guacamole \u00e9s una <a href=\"http:\/\/www.guacamole.media\/\">productora audiovisual<\/a> amb oficines a Manresa (Bages) i Sabadell (Vall\u00e8s Occidental), situades al centre de Catalunya. Oferim els nostres serveis de producci\u00f3 audiovisual, v\u00eddeo i fotografia, disseny visual interactiu i creaci\u00f3 de contingut digital a les principals ciutats catalanes com Barcelona (Barcelon\u00e8s), Girona (Giron\u00e8s), Tarragona (Tarragon\u00e8s), Lleida (Segri\u00e0), Terrassa, Vic (Osona), Matar\u00f3 (Maresme), Reus (Baix Camp), Granollers (Vall\u00e8s Oriental), Igualada (La Anoia) i arreu de l\u2019estat. T\\&#8217;oferim serveis audiovisuals complets per a <a href=\"#\">v\u00eddeos corporatius d\\&#8217;empresa<\/a>, <a href=\"#\">espots<\/a> i <a href=\"#\">fotografia<\/a>, entre molts altres. T\\&#8217;hi animes?<\/p>\n<p>center<br \/>no-repeat;center top;;<br \/>auto<br \/>10px 0px 50px 0px<\/p>\n","protected":false},"excerpt":{"rendered":"<p>Urbanita \u2014 Spot U1 leftno-repeat;left top;;autofadeInRight Urbanita \u2014 Spot U1 leftno-repeat;left top;;autofadeInRight center center Spot motxilles Urbanita U1 El model U1 \u00e9s el model m\u00e9s cl\u00e0ssic<span class=\"excerpt-hellip\"> [\u2026]<\/span><\/p>\n","protected":false},"author":1,"featured_media":0,"parent":0,"menu_order":0,"comment_status":"closed","ping_status":"closed","template":"","meta":{"footnotes":""},"acf":[],"yoast_head":"<!-- This site is optimized with the Yoast SEO plugin v22.4 - https:\/\/yoast.com\/wordpress\/plugins\/seo\/ -->\n<title>Spot mochila Urbanita U1. Proyectos audiovisuales en Guacamole.<\/title>\n<meta name=\"description\" content=\"En Guacamole hemos realitzado el spot de la mochila U1 de Urbanita. Un producto 100% local y con sistema antirrobo.\" \/>\n<meta name=\"robots\" content=\"index, follow, max-snippet:-1, max-image-preview:large, max-video-preview:-1\" \/>\n<link rel=\"canonical\" href=\"https:\/\/www.guacamole.media\/es\/proyecto-urbanita-spot-u1\/\" \/>\n<meta property=\"og:locale\" content=\"es_ES\" \/>\n<meta property=\"og:type\" content=\"article\" \/>\n<meta property=\"og:title\" content=\"Spot mochila Urbanita U1. Proyectos audiovisuales en Guacamole.\" \/>\n<meta property=\"og:description\" content=\"En Guacamole hemos realitzado el spot de la mochila U1 de Urbanita. Un producto 100% local y con sistema antirrobo.\" \/>\n<meta property=\"og:url\" content=\"https:\/\/www.guacamole.media\/es\/proyecto-urbanita-spot-u1\/\" \/>\n<meta property=\"og:site_name\" content=\"Guacamole\" \/>\n<meta property=\"article:modified_time\" content=\"2022-08-15T17:55:55+00:00\" \/>\n<meta property=\"og:image\" content=\"https:\/\/www.guacamole.media\/wp-content\/uploads\/2020\/02\/urbanauta-motxilla-01.jpg\" \/>\n<meta name=\"twitter:card\" content=\"summary_large_image\" \/>\n<meta name=\"twitter:label1\" content=\"Tiempo de lectura\" \/>\n\t<meta name=\"twitter:data1\" content=\"2 minutos\" \/>\n<script type=\"application\/ld+json\" class=\"yoast-schema-graph\">{\"@context\":\"https:\/\/schema.org\",\"@graph\":[{\"@type\":\"WebPage\",\"@id\":\"https:\/\/www.guacamole.media\/es\/proyecto-urbanita-spot-u1\/\",\"url\":\"https:\/\/www.guacamole.media\/es\/proyecto-urbanita-spot-u1\/\",\"name\":\"Spot mochila Urbanita U1. Proyectos audiovisuales en Guacamole.\",\"isPartOf\":{\"@id\":\"https:\/\/www.guacamole.media\/es\/#website\"},\"primaryImageOfPage\":{\"@id\":\"https:\/\/www.guacamole.media\/es\/proyecto-urbanita-spot-u1\/#primaryimage\"},\"image\":{\"@id\":\"https:\/\/www.guacamole.media\/es\/proyecto-urbanita-spot-u1\/#primaryimage\"},\"thumbnailUrl\":\"https:\/\/www.guacamole.media\/wp-content\/uploads\/2020\/02\/urbanauta-motxilla-01.jpg\",\"datePublished\":\"2021-07-25T11:58:51+00:00\",\"dateModified\":\"2022-08-15T17:55:55+00:00\",\"description\":\"En Guacamole hemos realitzado el spot de la mochila U1 de Urbanita. Un producto 100% local y con sistema antirrobo.\",\"breadcrumb\":{\"@id\":\"https:\/\/www.guacamole.media\/es\/proyecto-urbanita-spot-u1\/#breadcrumb\"},\"inLanguage\":\"es\",\"potentialAction\":[{\"@type\":\"ReadAction\",\"target\":[\"https:\/\/www.guacamole.media\/es\/proyecto-urbanita-spot-u1\/\"]}]},{\"@type\":\"ImageObject\",\"inLanguage\":\"es\",\"@id\":\"https:\/\/www.guacamole.media\/es\/proyecto-urbanita-spot-u1\/#primaryimage\",\"url\":\"https:\/\/www.guacamole.media\/wp-content\/uploads\/2020\/02\/urbanauta-motxilla-01.jpg\",\"contentUrl\":\"https:\/\/www.guacamole.media\/wp-content\/uploads\/2020\/02\/urbanauta-motxilla-01.jpg\"},{\"@type\":\"BreadcrumbList\",\"@id\":\"https:\/\/www.guacamole.media\/es\/proyecto-urbanita-spot-u1\/#breadcrumb\",\"itemListElement\":[{\"@type\":\"ListItem\",\"position\":1,\"name\":\"Portada\",\"item\":\"https:\/\/www.guacamole.media\/es\/\"},{\"@type\":\"ListItem\",\"position\":2,\"name\":\"Proyecto Urbanita &#8211; Spot U1\"}]},{\"@type\":\"WebSite\",\"@id\":\"https:\/\/www.guacamole.media\/es\/#website\",\"url\":\"https:\/\/www.guacamole.media\/es\/\",\"name\":\"Guacamole Productora Audiovisual\",\"description\":\"Productora Audiovisual\",\"potentialAction\":[{\"@type\":\"SearchAction\",\"target\":{\"@type\":\"EntryPoint\",\"urlTemplate\":\"https:\/\/www.guacamole.media\/es\/?s={search_term_string}\"},\"query-input\":\"required name=search_term_string\"}],\"inLanguage\":\"es\"}]}<\/script>\n<!-- \/ Yoast SEO plugin. -->","yoast_head_json":{"title":"Spot mochila Urbanita U1. Proyectos audiovisuales en Guacamole.","description":"En Guacamole hemos realitzado el spot de la mochila U1 de Urbanita. Un producto 100% local y con sistema antirrobo.","robots":{"index":"index","follow":"follow","max-snippet":"max-snippet:-1","max-image-preview":"max-image-preview:large","max-video-preview":"max-video-preview:-1"},"canonical":"https:\/\/www.guacamole.media\/es\/proyecto-urbanita-spot-u1\/","og_locale":"es_ES","og_type":"article","og_title":"Spot mochila Urbanita U1. Proyectos audiovisuales en Guacamole.","og_description":"En Guacamole hemos realitzado el spot de la mochila U1 de Urbanita. Un producto 100% local y con sistema antirrobo.","og_url":"https:\/\/www.guacamole.media\/es\/proyecto-urbanita-spot-u1\/","og_site_name":"Guacamole","article_modified_time":"2022-08-15T17:55:55+00:00","og_image":[{"url":"https:\/\/www.guacamole.media\/wp-content\/uploads\/2020\/02\/urbanauta-motxilla-01.jpg"}],"twitter_card":"summary_large_image","twitter_misc":{"Tiempo de lectura":"2 minutos"},"schema":{"@context":"https:\/\/schema.org","@graph":[{"@type":"WebPage","@id":"https:\/\/www.guacamole.media\/es\/proyecto-urbanita-spot-u1\/","url":"https:\/\/www.guacamole.media\/es\/proyecto-urbanita-spot-u1\/","name":"Spot mochila Urbanita U1. Proyectos audiovisuales en Guacamole.","isPartOf":{"@id":"https:\/\/www.guacamole.media\/es\/#website"},"primaryImageOfPage":{"@id":"https:\/\/www.guacamole.media\/es\/proyecto-urbanita-spot-u1\/#primaryimage"},"image":{"@id":"https:\/\/www.guacamole.media\/es\/proyecto-urbanita-spot-u1\/#primaryimage"},"thumbnailUrl":"https:\/\/www.guacamole.media\/wp-content\/uploads\/2020\/02\/urbanauta-motxilla-01.jpg","datePublished":"2021-07-25T11:58:51+00:00","dateModified":"2022-08-15T17:55:55+00:00","description":"En Guacamole hemos realitzado el spot de la mochila U1 de Urbanita. Un producto 100% local y con sistema antirrobo.","breadcrumb":{"@id":"https:\/\/www.guacamole.media\/es\/proyecto-urbanita-spot-u1\/#breadcrumb"},"inLanguage":"es","potentialAction":[{"@type":"ReadAction","target":["https:\/\/www.guacamole.media\/es\/proyecto-urbanita-spot-u1\/"]}]},{"@type":"ImageObject","inLanguage":"es","@id":"https:\/\/www.guacamole.media\/es\/proyecto-urbanita-spot-u1\/#primaryimage","url":"https:\/\/www.guacamole.media\/wp-content\/uploads\/2020\/02\/urbanauta-motxilla-01.jpg","contentUrl":"https:\/\/www.guacamole.media\/wp-content\/uploads\/2020\/02\/urbanauta-motxilla-01.jpg"},{"@type":"BreadcrumbList","@id":"https:\/\/www.guacamole.media\/es\/proyecto-urbanita-spot-u1\/#breadcrumb","itemListElement":[{"@type":"ListItem","position":1,"name":"Portada","item":"https:\/\/www.guacamole.media\/es\/"},{"@type":"ListItem","position":2,"name":"Proyecto Urbanita &#8211; Spot U1"}]},{"@type":"WebSite","@id":"https:\/\/www.guacamole.media\/es\/#website","url":"https:\/\/www.guacamole.media\/es\/","name":"Guacamole Productora Audiovisual","description":"Productora Audiovisual","potentialAction":[{"@type":"SearchAction","target":{"@type":"EntryPoint","urlTemplate":"https:\/\/www.guacamole.media\/es\/?s={search_term_string}"},"query-input":"required name=search_term_string"}],"inLanguage":"es"}]}},"_links":{"self":[{"href":"https:\/\/www.guacamole.media\/es\/wp-json\/wp\/v2\/pages\/1355"}],"collection":[{"href":"https:\/\/www.guacamole.media\/es\/wp-json\/wp\/v2\/pages"}],"about":[{"href":"https:\/\/www.guacamole.media\/es\/wp-json\/wp\/v2\/types\/page"}],"author":[{"embeddable":true,"href":"https:\/\/www.guacamole.media\/es\/wp-json\/wp\/v2\/users\/1"}],"replies":[{"embeddable":true,"href":"https:\/\/www.guacamole.media\/es\/wp-json\/wp\/v2\/comments?post=1355"}],"version-history":[{"count":2,"href":"https:\/\/www.guacamole.media\/es\/wp-json\/wp\/v2\/pages\/1355\/revisions"}],"predecessor-version":[{"id":1532,"href":"https:\/\/www.guacamole.media\/es\/wp-json\/wp\/v2\/pages\/1355\/revisions\/1532"}],"wp:attachment":[{"href":"https:\/\/www.guacamole.media\/es\/wp-json\/wp\/v2\/media?parent=1355"}],"curies":[{"name":"wp","href":"https:\/\/api.w.org\/{rel}","templated":true}]}}