{"id":1466,"date":"2023-03-18T13:10:48","date_gmt":"2023-03-18T13:10:48","guid":{"rendered":"https:\/\/www.guacamole.media\/projecte-faba-lineup-2023\/"},"modified":"2024-03-25T18:16:18","modified_gmt":"2024-03-25T18:16:18","slug":"projecte-faba-lineup-2023","status":"publish","type":"page","link":"https:\/\/www.guacamole.media\/es\/proyecto-spot-audiovisual-experimental-faba-lineup-2023\/","title":{"rendered":"Projecte &#8211; FABA Lineup 2023"},"content":{"rendered":"<p>FABA \u2014Lineup 2023<br \/>\nleft<br \/>\nno-repeat;left top;;<br \/>\nauto<br \/>\nfadeInRight<\/p>\n<p>FABA \u2014Lineup 2023<br \/>\nleft<br \/>\nno-repeat;left top;;<br \/>\nauto<br \/>\nfadeInRight<\/p>\n<p><img decoding=\"async\" src=\"https:\/\/www.guacamole.media\/wp-content\/uploads\/2023\/04\/projecte-lineup-faba-produccio-spot-audiovisual-interior-01-1.jpg\" alt=\"projecte-lineup-faba-produccio-spot-audiovisual-interior-01\" \/><br \/>\ncenter<\/p>\n<h1>Realizaci\u00f3n de un spot audiovisual para la presentaci\u00f3n del Lineup del festival<\/h1>\n<p>Un a\u00f1o m\u00e1s nos hemos dejado enga\u00f1ar por nuestros amigos del FABA (Festival Art\u00edstic del Barri Antic de Manresa), que este a\u00f1o vuelve a celebrarse en mayo en el centro de Manresa. Para esta ocasi\u00f3n hemos tenido el placer de volver a colaborar con su equipo de comunicaci\u00f3n para crear un pieza audiovisual la qual se ha podido integrar plenamente con el discurso y concepto desarrollado este a\u00f1o por el mismo equipo.<br \/>\nleft<br \/>\nleft<br \/>\n#ffffff<br \/>\nno-repeat;left top;;<br \/>\nauto<br \/>\nseparacio_text<\/p>\n<h1>Realizaci\u00f3n de un spot audiovisual para la presentaci\u00f3n del Lineup del festival<\/h1>\n<p>Un a\u00f1o m\u00e1s nos hemos dejado enga\u00f1ar por nuestros amigos del FABA (Festival Art\u00edstic del Barri Antic de Manresa), que este a\u00f1o vuelve a celebrarse en mayo en el centro de Manresa. Para esta ocasi\u00f3n hemos tenido el placer de volver a colaborar con su equipo de comunicaci\u00f3n para crear un pieza audiovisual la qual se ha podido integrar plenamente con el discurso y concepto desarrollado este a\u00f1o por el mismo equipo.<br \/>\nleft<br \/>\nleft<br \/>\n#ffffff<br \/>\nno-repeat;left top;;<br \/>\nauto<br \/>\n0px<\/p>\n<div style=\"width: 640px;\" class=\"wp-video\"><!--[if lt IE 9]><script>document.createElement('video');<\/script><![endif]-->\n<video class=\"wp-video-shortcode\" id=\"video-1466-1\" width=\"640\" height=\"360\" preload=\"metadata\" controls=\"controls\"><source type=\"video\/mp4\" src=\"https:\/\/www.guacamole.media\/videos\/FABA23-Lineup-Master-HD.mp4?_=1\" \/><a href=\"https:\/\/www.guacamole.media\/videos\/FABA23-Lineup-Master-HD.mp4\">https:\/\/www.guacamole.media\/videos\/FABA23-Lineup-Master-HD.mp4<\/a><\/video><\/div><br \/>\na;;l;m<br \/>\ncontain<br \/>\ncenter center<br \/>\nhide<\/p>\n<p>Cu\u00e1ndo se trata de presentar el line up de un festival, hay siempre muchas maneras de hacerlo. No obstante, la realizaci\u00f3n de un spot audiovisual experimental puede ser la manera m\u00e1s efectiva de captar la atenci\u00f3n del p\u00fablico y destacar un evento entre la multitud.<br \/>\nleft<br \/>\nleft<br \/>\n#ffffff<br \/>\nno-repeat;left top;;<br \/>\nauto<br \/>\nseparacio_text<\/p>\n<p>La realizaci\u00f3n de un spot audiovisual experimental tiene muchas ventajas. En primer lugar, te permite presentar el line up de una forma creativa y emocionante. En lugar de simplemente publicar una lista de nombres y bandas, un video bien producido puede destacar las caracter\u00edsticas \u00fanicas de cada artista y mostrarlos en acci\u00f3n. Esto te puede ayudar a conectar con el p\u00fablico y crear expectaci\u00f3n para el festival.<br \/>\nleft<br \/>\nleft<br \/>\n#ffffff<br \/>\nno-repeat;left top;;<br \/>\nauto<br \/>\nseparacio_text<\/p>\n<p>En segundo lugar, la realizaci\u00f3n de un spot audiovisual experimental tambi\u00e9n te puede ayudar a destacar entre otros eventos. Si est\u00e1s compitiendo con otros festivales para la atenci\u00f3n del p\u00fablico, un video bien producido te puede ayudar a destacar y destacar tu evento c\u00f3mo l\u00edder en la industria.<br \/>\nleft<br \/>\nleft<br \/>\n#ffffff<br \/>\nno-repeat;left top;;<br \/>\nauto<br \/>\nseparacio_text<\/p>\n<p>Cu\u00e1ndo se trata de presentar el line up de un festival, hay siempre muchas maneras de hacerlo. No obstante, la realizaci\u00f3n de un spot audiovisual experimental puede ser la manera m\u00e1s efectiva de captar la atenci\u00f3n del p\u00fablico y destacar un evento entre la multitud.<br \/>\nleft<br \/>\nleft<br \/>\n#ffffff<br \/>\nno-repeat;left top;;<br \/>\nauto<br \/>\n0px<\/p>\n<p>La realizaci\u00f3n de un spot audiovisual experimental tiene muchas ventajas. En primer lugar, te permite presentar el line up de una forma creativa y emocionante. En lugar de simplemente publicar una lista de nombres y bandas, un video bien producido puede destacar las caracter\u00edsticas \u00fanicas de cada artista y mostrarlos en acci\u00f3n. Esto te puede ayudar a conectar con el p\u00fablico y crear expectaci\u00f3n para el festival.<br \/>\nleft<br \/>\nleft<br \/>\n#ffffff<br \/>\nno-repeat;left top;;<br \/>\nauto<br \/>\n0px<\/p>\n<p>En segundo lugar, la realizaci\u00f3n de un spot audiovisual experimental tambi\u00e9n te puede ayudar a destacar entre otros eventos. Si est\u00e1s compitiendo con otros festivales para la atenci\u00f3n del p\u00fablico, un video bien producido te puede ayudar a destacar y destacar tu evento c\u00f3mo l\u00edder en la industria.<br \/>\nleft<br \/>\nleft<br \/>\n#ffffff<br \/>\nno-repeat;left top;;<br \/>\nauto<br \/>\n0px<\/p>\n<p><img decoding=\"async\" src=\"https:\/\/www.guacamole.media\/wp-content\/uploads\/2023\/04\/projecte-lineup-faba-produccio-spot-audiovisual-interior-02-1.jpg\" alt=\"projecte-lineup-faba-produccio-spot-audiovisual-interior-02\" \/><br \/>\nfull<br \/>\ncontain<br \/>\ncenter center<br \/>\ncenter<br \/>\nhide<\/p>\n<p><img decoding=\"async\" src=\"https:\/\/www.guacamole.media\/wp-content\/uploads\/2023\/04\/projecte-lineup-faba-produccio-spot-audiovisual-interior-03.jpg\" alt=\"projecte-lineup-faba-produccio-spot-audiovisual-interior-03\" \/><br \/>\ncenter<\/p>\n<p><img decoding=\"async\" src=\"https:\/\/www.guacamole.media\/wp-content\/uploads\/2023\/04\/projecte-lineup-faba-produccio-spot-audiovisual-interior-04.jpg\" alt=\"projecte-lineup-faba-produccio-spot-audiovisual-interior-04\" \/><br \/>\nfull<br \/>\ncontain<br \/>\ncenter center<br \/>\ncenter<br \/>\nhide<\/p>\n<p>Finalmente, la realizaci\u00f3n de un spot audiovisual experimental tambi\u00e9n puede ayudarte a conectar con tus seguidores y a construir una comunidad alrededor de tu festival. Si tus videos son emocionantes y creativos, los asistentes querr\u00e1n compartirlos a trav\u00e9s de las redes sociales y te ayudar\u00e1 a difundir las novedades de tu festival. Esto puede ayudarte a aumentar tu base de fans y construir una marca s\u00f3lida para tu festival.<br \/>\nleft<br \/>\nleft<br \/>\n#ffffff<br \/>\nno-repeat;left top;;<br \/>\nauto<br \/>\nseparacio_text<\/p>\n<p>En resumen, la realizaci\u00f3n de un spot audiovisual experimental es una excelente manera de presentar el lineup de un festival. Con un video bien producido, puedes captar la atenci\u00f3n del p\u00fablico, destacar tu evento y conectar con tus seguidores. Si est\u00e1s buscando una manera efectiva de promocionar tu festival, no dudes en considerar la realizaci\u00f3n de un spot audiovisual experimental.<br \/>\nleft<br \/>\nleft<br \/>\n#ffffff<br \/>\nno-repeat;left top;;<br \/>\nauto<br \/>\nseparacio_text<\/p>\n<p>Finalmente, la realizaci\u00f3n de un spot audiovisual experimental tambi\u00e9n puede ayudarte a conectar con tus seguidores y a construir una comunidad alrededor de tu festival. Si tus videos son emocionantes y creativos, los asistentes querr\u00e1n compartirlos a trav\u00e9s de las redes sociales y te ayudar\u00e1 a difundir las novedades de tu festival. Esto puede ayudarte a aumentar tu base de fans y construir una marca s\u00f3lida para tu festival.En resumen, la realizaci\u00f3n de un spot audiovisual experimental es una excelente manera de presentar el lineup de un festival. Con un video bien producido, puedes captar la atenci\u00f3n del p\u00fablico, destacar tu evento y conectar con tus seguidores. Si est\u00e1s buscando una manera efectiva de promocionar tu festival, no dudes en considerar la realizaci\u00f3n de un spot audiovisual experimental.<br \/>\nleft<br \/>\nleft<br \/>\n#ffffff<br \/>\nno-repeat;left top;;<br \/>\nauto<br \/>\n0px<\/p>\n<p>Volver a todos los <a href=\"https:\/\/www.guacamole.media\/es\/proyectos-audiovisuales\/\">proyectos<\/a> &gt;<br \/>\nright<br \/>\nright<br \/>\n#ffffff<br \/>\nno-repeat;left top;;<br \/>\nauto<br \/>\nseparacio_text<\/p>\n<p>Volver a todos los <a href=\"https:\/\/www.guacamole.media\/es\/proyectos-audiovisuales\/\">proyectos<\/a> &gt;<br \/>\nright<br \/>\nright<br \/>\n#ffffff<br \/>\nno-repeat;left top;;<br \/>\nauto<br \/>\nseparacio_text<\/p>\n<p><img decoding=\"async\" src=\"https:\/\/www.guacamole.media\/wp-content\/uploads\/2023\/04\/projecte-lineup-faba-produccio-spot-audiovisual-interior-06.jpg\" alt=\"projecte-lineup-faba-produccio-spot-audiovisual-interior-06\" \/><br \/>\ncenter<\/p>\n<p><img decoding=\"async\" src=\"https:\/\/www.guacamole.media\/wp-content\/uploads\/2023\/04\/projecte-lineup-faba-produccio-spot-audiovisual-interior-05.jpg\" alt=\"projecte-lineup-faba-produccio-spot-audiovisual-interior-05\" \/><br \/>\ncenter<\/p>\n<p><img decoding=\"async\" src=\"https:\/\/www.guacamole.media\/wp-content\/uploads\/2023\/04\/projecte-lineup-faba-produccio-spot-audiovisual-interior-07.jpg\" alt=\"projecte-lineup-faba-produccio-spot-audiovisual-interior-07\" \/><br \/>\ncenter<\/p>\n<h3>Productora local y global<\/h3>\n<p>Guacamole es una <a href=\"http:\/\/www.guacamole.media\/es\">productora audiovisual<\/a> con oficinas en Manresa (Bages) y Sabadell (Vall\u00e8s Occidental), situadas en el centro de Catalu\u00f1a. Ofrecemos nuestros servicios de producci\u00f3n audiovisual, video y fotograf\u00eda, dise\u00f1o visual interactivo y creaci\u00f3n de contenido digital a las principales ciudades de Catalu\u00f1a y todo el territorio nacional.<br \/>\ncenter<br \/>\nno-repeat;center top;;<br \/>\nauto<br \/>\n10px 0px 50px 0px<\/p>\n<h3>Productora local y global<\/h3>\n<p>Guacamole es una <a href=\"http:\/\/www.guacamole.media\/es\">productora audiovisual<\/a> con oficinas en Manresa (Bages) y Sabadell (Vall\u00e8s Occidental), situadas en el centro de Catalu\u00f1a. Ofrecemos nuestros servicios de producci\u00f3n audiovisual, video y fotograf\u00eda, dise\u00f1o visual interactivo y creaci\u00f3n de contenido digital a las principales ciudades de Catalu\u00f1a y todo el territorio nacional.<br \/>\ncenter<br \/>\nno-repeat;center top;;<br \/>\nauto<br \/>\n10px 0px 50px 0px<\/p>\n","protected":false},"excerpt":{"rendered":"<p>FABA \u2014Lineup 2023 left no-repeat;left top;; auto fadeInRight FABA \u2014Lineup 2023 left no-repeat;left top;; auto fadeInRight center Realizaci\u00f3n de un spot audiovisual para la presentaci\u00f3n del<span class=\"excerpt-hellip\"> [\u2026]<\/span><\/p>\n","protected":false},"author":1,"featured_media":0,"parent":0,"menu_order":0,"comment_status":"closed","ping_status":"closed","template":"","meta":{"footnotes":""},"acf":[],"yoast_head":"<!-- This site is optimized with the Yoast SEO plugin v22.4 - https:\/\/yoast.com\/wordpress\/plugins\/seo\/ -->\n<title>Realizaci\u00f3n de un spot audiovisual para el Lineup del festival<\/title>\n<meta name=\"description\" content=\"Productora especialitzada en la producci\u00f3 audiovisual de v\u00eddeos i spots audiovisual per a tot tipus d&#039;esdeveniments.\" \/>\n<meta name=\"robots\" content=\"index, follow, max-snippet:-1, max-image-preview:large, max-video-preview:-1\" \/>\n<link rel=\"canonical\" href=\"https:\/\/www.guacamole.media\/es\/proyecto-spot-audiovisual-experimental-faba-lineup-2023\/\" \/>\n<meta property=\"og:locale\" content=\"es_ES\" \/>\n<meta property=\"og:type\" content=\"article\" \/>\n<meta property=\"og:title\" content=\"Realizaci\u00f3n de un spot audiovisual para el Lineup del festival\" \/>\n<meta property=\"og:description\" content=\"Productora especialitzada en la producci\u00f3 audiovisual de v\u00eddeos i spots audiovisual per a tot tipus d&#039;esdeveniments.\" \/>\n<meta property=\"og:url\" content=\"https:\/\/www.guacamole.media\/es\/proyecto-spot-audiovisual-experimental-faba-lineup-2023\/\" \/>\n<meta property=\"og:site_name\" content=\"Guacamole\" \/>\n<meta property=\"article:modified_time\" content=\"2024-03-25T18:16:18+00:00\" \/>\n<meta property=\"og:image\" content=\"https:\/\/www.guacamole.media\/wp-content\/uploads\/2023\/04\/projecte-lineup-faba-produccio-spot-audiovisual-interior-01-1.jpg\" \/>\n<meta name=\"twitter:card\" content=\"summary_large_image\" \/>\n<meta name=\"twitter:label1\" content=\"Tiempo de lectura\" \/>\n\t<meta name=\"twitter:data1\" content=\"7 minutos\" \/>\n<script type=\"application\/ld+json\" class=\"yoast-schema-graph\">{\"@context\":\"https:\/\/schema.org\",\"@graph\":[{\"@type\":\"WebPage\",\"@id\":\"https:\/\/www.guacamole.media\/es\/proyecto-spot-audiovisual-experimental-faba-lineup-2023\/\",\"url\":\"https:\/\/www.guacamole.media\/es\/proyecto-spot-audiovisual-experimental-faba-lineup-2023\/\",\"name\":\"Realizaci\u00f3n de un spot audiovisual para el Lineup del festival\",\"isPartOf\":{\"@id\":\"https:\/\/www.guacamole.media\/es\/#website\"},\"primaryImageOfPage\":{\"@id\":\"https:\/\/www.guacamole.media\/es\/proyecto-spot-audiovisual-experimental-faba-lineup-2023\/#primaryimage\"},\"image\":{\"@id\":\"https:\/\/www.guacamole.media\/es\/proyecto-spot-audiovisual-experimental-faba-lineup-2023\/#primaryimage\"},\"thumbnailUrl\":\"https:\/\/www.guacamole.media\/wp-content\/uploads\/2023\/04\/projecte-lineup-faba-produccio-spot-audiovisual-interior-01-1.jpg\",\"datePublished\":\"2023-03-18T13:10:48+00:00\",\"dateModified\":\"2024-03-25T18:16:18+00:00\",\"description\":\"Productora especialitzada en la producci\u00f3 audiovisual de v\u00eddeos i spots audiovisual per a tot tipus d'esdeveniments.\",\"breadcrumb\":{\"@id\":\"https:\/\/www.guacamole.media\/es\/proyecto-spot-audiovisual-experimental-faba-lineup-2023\/#breadcrumb\"},\"inLanguage\":\"es\",\"potentialAction\":[{\"@type\":\"ReadAction\",\"target\":[\"https:\/\/www.guacamole.media\/es\/proyecto-spot-audiovisual-experimental-faba-lineup-2023\/\"]}]},{\"@type\":\"ImageObject\",\"inLanguage\":\"es\",\"@id\":\"https:\/\/www.guacamole.media\/es\/proyecto-spot-audiovisual-experimental-faba-lineup-2023\/#primaryimage\",\"url\":\"https:\/\/www.guacamole.media\/wp-content\/uploads\/2023\/04\/projecte-lineup-faba-produccio-spot-audiovisual-interior-01-1.jpg\",\"contentUrl\":\"https:\/\/www.guacamole.media\/wp-content\/uploads\/2023\/04\/projecte-lineup-faba-produccio-spot-audiovisual-interior-01-1.jpg\"},{\"@type\":\"BreadcrumbList\",\"@id\":\"https:\/\/www.guacamole.media\/es\/proyecto-spot-audiovisual-experimental-faba-lineup-2023\/#breadcrumb\",\"itemListElement\":[{\"@type\":\"ListItem\",\"position\":1,\"name\":\"Portada\",\"item\":\"https:\/\/www.guacamole.media\/es\/\"},{\"@type\":\"ListItem\",\"position\":2,\"name\":\"Projecte &#8211; FABA Lineup 2023\"}]},{\"@type\":\"WebSite\",\"@id\":\"https:\/\/www.guacamole.media\/es\/#website\",\"url\":\"https:\/\/www.guacamole.media\/es\/\",\"name\":\"Guacamole Productora Audiovisual\",\"description\":\"Productora Audiovisual\",\"potentialAction\":[{\"@type\":\"SearchAction\",\"target\":{\"@type\":\"EntryPoint\",\"urlTemplate\":\"https:\/\/www.guacamole.media\/es\/?s={search_term_string}\"},\"query-input\":\"required name=search_term_string\"}],\"inLanguage\":\"es\"}]}<\/script>\n<!-- \/ Yoast SEO plugin. -->","yoast_head_json":{"title":"Realizaci\u00f3n de un spot audiovisual para el Lineup del festival","description":"Productora especialitzada en la producci\u00f3 audiovisual de v\u00eddeos i spots audiovisual per a tot tipus d'esdeveniments.","robots":{"index":"index","follow":"follow","max-snippet":"max-snippet:-1","max-image-preview":"max-image-preview:large","max-video-preview":"max-video-preview:-1"},"canonical":"https:\/\/www.guacamole.media\/es\/proyecto-spot-audiovisual-experimental-faba-lineup-2023\/","og_locale":"es_ES","og_type":"article","og_title":"Realizaci\u00f3n de un spot audiovisual para el Lineup del festival","og_description":"Productora especialitzada en la producci\u00f3 audiovisual de v\u00eddeos i spots audiovisual per a tot tipus d'esdeveniments.","og_url":"https:\/\/www.guacamole.media\/es\/proyecto-spot-audiovisual-experimental-faba-lineup-2023\/","og_site_name":"Guacamole","article_modified_time":"2024-03-25T18:16:18+00:00","og_image":[{"url":"https:\/\/www.guacamole.media\/wp-content\/uploads\/2023\/04\/projecte-lineup-faba-produccio-spot-audiovisual-interior-01-1.jpg"}],"twitter_card":"summary_large_image","twitter_misc":{"Tiempo de lectura":"7 minutos"},"schema":{"@context":"https:\/\/schema.org","@graph":[{"@type":"WebPage","@id":"https:\/\/www.guacamole.media\/es\/proyecto-spot-audiovisual-experimental-faba-lineup-2023\/","url":"https:\/\/www.guacamole.media\/es\/proyecto-spot-audiovisual-experimental-faba-lineup-2023\/","name":"Realizaci\u00f3n de un spot audiovisual para el Lineup del festival","isPartOf":{"@id":"https:\/\/www.guacamole.media\/es\/#website"},"primaryImageOfPage":{"@id":"https:\/\/www.guacamole.media\/es\/proyecto-spot-audiovisual-experimental-faba-lineup-2023\/#primaryimage"},"image":{"@id":"https:\/\/www.guacamole.media\/es\/proyecto-spot-audiovisual-experimental-faba-lineup-2023\/#primaryimage"},"thumbnailUrl":"https:\/\/www.guacamole.media\/wp-content\/uploads\/2023\/04\/projecte-lineup-faba-produccio-spot-audiovisual-interior-01-1.jpg","datePublished":"2023-03-18T13:10:48+00:00","dateModified":"2024-03-25T18:16:18+00:00","description":"Productora especialitzada en la producci\u00f3 audiovisual de v\u00eddeos i spots audiovisual per a tot tipus d'esdeveniments.","breadcrumb":{"@id":"https:\/\/www.guacamole.media\/es\/proyecto-spot-audiovisual-experimental-faba-lineup-2023\/#breadcrumb"},"inLanguage":"es","potentialAction":[{"@type":"ReadAction","target":["https:\/\/www.guacamole.media\/es\/proyecto-spot-audiovisual-experimental-faba-lineup-2023\/"]}]},{"@type":"ImageObject","inLanguage":"es","@id":"https:\/\/www.guacamole.media\/es\/proyecto-spot-audiovisual-experimental-faba-lineup-2023\/#primaryimage","url":"https:\/\/www.guacamole.media\/wp-content\/uploads\/2023\/04\/projecte-lineup-faba-produccio-spot-audiovisual-interior-01-1.jpg","contentUrl":"https:\/\/www.guacamole.media\/wp-content\/uploads\/2023\/04\/projecte-lineup-faba-produccio-spot-audiovisual-interior-01-1.jpg"},{"@type":"BreadcrumbList","@id":"https:\/\/www.guacamole.media\/es\/proyecto-spot-audiovisual-experimental-faba-lineup-2023\/#breadcrumb","itemListElement":[{"@type":"ListItem","position":1,"name":"Portada","item":"https:\/\/www.guacamole.media\/es\/"},{"@type":"ListItem","position":2,"name":"Projecte &#8211; FABA Lineup 2023"}]},{"@type":"WebSite","@id":"https:\/\/www.guacamole.media\/es\/#website","url":"https:\/\/www.guacamole.media\/es\/","name":"Guacamole Productora Audiovisual","description":"Productora Audiovisual","potentialAction":[{"@type":"SearchAction","target":{"@type":"EntryPoint","urlTemplate":"https:\/\/www.guacamole.media\/es\/?s={search_term_string}"},"query-input":"required name=search_term_string"}],"inLanguage":"es"}]}},"_links":{"self":[{"href":"https:\/\/www.guacamole.media\/es\/wp-json\/wp\/v2\/pages\/1466"}],"collection":[{"href":"https:\/\/www.guacamole.media\/es\/wp-json\/wp\/v2\/pages"}],"about":[{"href":"https:\/\/www.guacamole.media\/es\/wp-json\/wp\/v2\/types\/page"}],"author":[{"embeddable":true,"href":"https:\/\/www.guacamole.media\/es\/wp-json\/wp\/v2\/users\/1"}],"replies":[{"embeddable":true,"href":"https:\/\/www.guacamole.media\/es\/wp-json\/wp\/v2\/comments?post=1466"}],"version-history":[{"count":3,"href":"https:\/\/www.guacamole.media\/es\/wp-json\/wp\/v2\/pages\/1466\/revisions"}],"predecessor-version":[{"id":1469,"href":"https:\/\/www.guacamole.media\/es\/wp-json\/wp\/v2\/pages\/1466\/revisions\/1469"}],"wp:attachment":[{"href":"https:\/\/www.guacamole.media\/es\/wp-json\/wp\/v2\/media?parent=1466"}],"curies":[{"name":"wp","href":"https:\/\/api.w.org\/{rel}","templated":true}]}}